{"id":3476,"date":"2019-05-02T14:26:41","date_gmt":"2019-05-02T14:26:41","guid":{"rendered":"https:\/\/www.wyzgroup.com\/?page_id=3476"},"modified":"2023-10-31T14:48:46","modified_gmt":"2023-10-31T14:48:46","slug":"testimonies","status":"publish","type":"page","link":"https:\/\/www.wyzgroup.com\/en\/our-clients\/testimonies\/","title":{"rendered":"Testimonies"},"content":{"rendered":"<div class=\"wpb-content-wrapper\"><p>[vc_row][vc_column]<style type=\"text\/css\" data-type=\"the7_shortcodes-inline-css\">.dt-breadcrumbs-id-697ca5cc01585d9cd683b336084dcb8e .breadcrumbs {\n  display: inline-block;\n  margin: 0;\n  padding: 2px 10px 2px 10px;\n  border: 0px solid ;\n  border-radius: 0px;\n}\n.dt-breadcrumbs-id-697ca5cc01585d9cd683b336084dcb8e .breadcrumbs * {\n  font-size: 17px;\n  line-height: 17px;\n  font-weight: bold;\n  color: #a2a5a6;\n}<\/style><div class=\"dt-breadcrumbs-shortcode dt-breadcrumbs-id-697ca5cc01585d9cd683b336084dcb8e align-left\"><div class=\"assistive-text\">You are here:<\/div><ol class=\"breadcrumbs text-small\" itemscope itemtype=\"https:\/\/schema.org\/BreadcrumbList\"><li itemprop=\"itemListElement\" itemscope itemtype=\"https:\/\/schema.org\/ListItem\"><a itemprop=\"item\" href=\"https:\/\/www.wyzgroup.com\/en\/\" title=\"Home\"><span itemprop=\"name\">Home<\/span><\/a><meta itemprop=\"position\" content=\"1\" \/><\/li><li class=\"current\" itemprop=\"itemListElement\" itemscope itemtype=\"https:\/\/schema.org\/ListItem\"><span itemprop=\"name\">Page<\/span><meta itemprop=\"position\" content=\"2\" \/><\/li><\/ol><\/div>[vc_empty_space height=&#8221;60px&#8221;][\/vc_column][\/vc_row][vc_row gap=&#8221;30&#8243;][vc_column css_animation=&#8221;fadeIn&#8221; width=&#8221;1\/3&#8243;][vc_single_image image=&#8221;10565&#8243; img_size=&#8221;medium&#8221; alignment=&#8221;center&#8221; style=&#8221;vc_box_circle_2&#8243;][vc_column_text el_class=&#8221;nomDirigeant&#8221; css=&#8221;.vc_custom_1642458454281{margin-bottom: 10px !important;}&#8221;]<\/p>\n<p style=\"text-align: center;\"><b>Vincent-David LACROUX<\/b><\/p>\n<p>[\/vc_column_text][vc_column_text el_class=&#8221;fonctionDirigeant&#8221;]<\/p>\n<p style=\"text-align: center;\"><strong>Head of Specific Offer<\/strong><\/p>\n<p style=\"text-align: center;\"><strong> Renault Group<\/strong><\/p>\n<p>[\/vc_column_text][vc_column_text]<\/p>\n<p style=\"text-align: center;\">&#8220;What seduced us at WYZ is their technical and commercial know-how, their capacity to react quickly on the IS aspects to correct and fix the problems encountered by our BtoB customers, their real willingness to find commercial solutions for our network when the supply chain becomes tense at our manufacturers.<\/p>\n<p style=\"text-align: center;\">WYZ has brought us a real business solution in the absence of stock at our dealers and our manufacturers; 10% of the volumes that we would probably not have done directly.<\/p>\n<p style=\"text-align: center;\">What we wish to WYZ for the future is to share with other European countries the French and Belgian experiences and to continue in this capacity of adaptation to the deployment of turnkey solutions&#8221;<\/p>\n<p>[\/vc_column_text][\/vc_column][vc_column css_animation=&#8221;fadeIn&#8221; width=&#8221;1\/3&#8243;][vc_single_image image=&#8221;10567&#8243; img_size=&#8221;medium&#8221; alignment=&#8221;center&#8221; style=&#8221;vc_box_circle_2&#8243;][vc_column_text el_class=&#8221;nomDirigeant&#8221; css=&#8221;.vc_custom_1642458507827{margin-bottom: 10px !important;}&#8221;]<\/p>\n<p style=\"text-align: center;\"><strong>Yann LE NY<\/strong><\/p>\n<p>[\/vc_column_text][vc_column_text el_class=&#8221;fonctionDirigeant&#8221;]<\/p>\n<p style=\"text-align: center;\"><strong>After Sales Tyre Business Manager<\/strong><\/p>\n<p style=\"text-align: center;\"><strong> STELLANTIS<\/strong><\/p>\n<p>[\/vc_column_text][vc_column_text]<\/p>\n<p style=\"text-align: center;\">&#8220;What we like about WYZ is the combination of advanced IT expertise, the agility of a start-up and the perfect knowledge of the tyre business; all carried by a professional and attentive team.<\/p>\n<p style=\"text-align: center;\">WYZ has been able to understand the specificities of PSA&#8217;s tyre business, to understand the expectations, to take into account the constraints, in order to bring a reliable and appreciated repair solution to the network.<\/p>\n<p style=\"text-align: center;\">In the future, we hope that WYZ will be able to support its customers in a wider range of countries in Europe, and to offer a monthly online reporting tool.&#8221;<\/p>\n<p>[\/vc_column_text][\/vc_column][vc_column css_animation=&#8221;fadeIn&#8221; width=&#8221;1\/3&#8243;][vc_single_image image=&#8221;10563&#8243; img_size=&#8221;medium&#8221; alignment=&#8221;center&#8221; style=&#8221;vc_box_circle_2&#8243;][vc_column_text el_class=&#8221;nomDirigeant&#8221; css=&#8221;.vc_custom_1642458683873{margin-bottom: 10px !important;}&#8221;]<\/p>\n<p style=\"text-align: center;\"><strong>Jean-Nicolas GUYOT<\/strong><\/p>\n<p>[\/vc_column_text][vc_column_text el_class=&#8221;fonctionDirigeant&#8221;]<\/p>\n<p style=\"text-align: center;\"><strong>After-sales Marketing Director<\/strong><\/p>\n<p style=\"text-align: center;\"><strong>Jaguar Land Rover<\/strong><\/p>\n<p>[\/vc_column_text][vc_column_text]<\/p>\n<p style=\"text-align: center;\">&#8220;What attracted us to WYZ in two words: expertise and simplicity. By entrusting WYZ with the management of manufacturers and the tyre ordering portal for our network, we have gained on both counts. The knowledge of the market allows WYZ to be relevant during the annual negotiations and saves us time since we only have one interlocutor.<\/p>\n<p style=\"text-align: center;\">For JLR France, WYZ allows us to be competitive with other manufacturers represented by our dealers and authorized repairers. For our network, WYZ offers an efficient internet portal integrating the manufacturers&#8217; offer and the WYZ repair offer. This complementarity brings them an efficient solution which proposes in a few clicks the best cost \/ time solution. What we wish for the future is to continue to develop our turnover and our partnership!&#8221;<\/p>\n<p>[\/vc_column_text][\/vc_column][\/vc_row][vc_row css_animation=&#8221;fadeIn&#8221; disable_element=&#8221;yes&#8221; css=&#8221;.vc_custom_1552051366021{margin-bottom: 0px !important;padding-bottom: 40px !important;}&#8221;][vc_column][vc_column_text el_class=&#8221;citation&#8221; css=&#8221;.vc_custom_1543576815724{margin-bottom: 0px !important;padding-bottom: 15px !important;}&#8221;]<em>\u00ab La r\u00e9activit\u00e9 et la souplesse d\u2019une PME ainsi que\u00a0l\u2019innovation et la comp\u00e9titivit\u00e9 sont les\u00a0caract\u00e9ristiques\u00a0essentielles d\u2019un bon partenariat avec WYZ.\u00a0\u00bb<\/em>[\/vc_column_text][vc_column_text el_class=&#8221;signature&#8221;]<strong>Patrice GERME<\/strong>, Directeur Achats Mat\u00e9riels VEOLIA Environnement[\/vc_column_text][\/vc_column][\/vc_row][vc_row disable_element=&#8221;yes&#8221;][vc_column][vc_custom_heading text=&#8221;Contre proposition de mise en page&#8221; use_theme_fonts=&#8221;yes&#8221; css=&#8221;.vc_custom_1553527396609{margin-top: 100px !important;margin-bottom: 30px !important;}&#8221;][\/vc_column][vc_column][\/vc_column][\/vc_row][vc_row content_placement=&#8221;middle&#8221; disable_element=&#8221;yes&#8221; css=&#8221;.vc_custom_1554302484562{margin-bottom: 40px !important;}&#8221;][vc_column css_animation=&#8221;fadeIn&#8221; width=&#8221;1\/4&#8243;][vc_single_image image=&#8221;979&#8243; img_size=&#8221;medium&#8221; alignment=&#8221;center&#8221; style=&#8221;vc_box_circle_2&#8243;][\/vc_column][vc_column css_animation=&#8221;fadeInRight&#8221; width=&#8221;3\/4&#8243;][vc_column_text el_class=&#8221;nomDirigeant&#8221; css=&#8221;.vc_custom_1553526518402{margin-bottom: 10px !important;}&#8221;]<\/p>\n<p style=\"text-align: left;\"><strong>Christophe Collin<\/strong><\/p>\n<p>[\/vc_column_text][vc_column_text el_class=&#8221;fonctionDirigeant&#8221; css=&#8221;.vc_custom_1553850832170{margin-bottom: 5px !important;padding-bottom: 0px !important;}&#8221;]<\/p>\n<p style=\"text-align: left;\"><strong>Directeur Marketing, Direction Ford Service &#8211; Ford France<\/strong><\/p>\n<p>[\/vc_column_text][vc_column_text]<\/p>\n<p style=\"text-align: left;\">\u00ab\u00a0WYZ poss\u00e8de une excellente expertise dans le domaine des plateformes, des interfa\u00e7ages entre les diff\u00e9rents syst\u00e8mes IT et le sourcing de pneus.<\/p>\n<p style=\"text-align: left;\">Les tests, r\u00e9alis\u00e9s quelques semaines apr\u00e8s le d\u00e9but du contrat, nous ont apport\u00e9 toute satisfaction. L\u00e0 encore grand professionnalisme des \u00e9quipes WYZ.\u00a0\u00bb<\/p>\n<p>[\/vc_column_text][\/vc_column][\/vc_row][vc_row content_placement=&#8221;middle&#8221; disable_element=&#8221;yes&#8221; css=&#8221;.vc_custom_1554302609205{margin-bottom: 40px !important;}&#8221;][vc_column css_animation=&#8221;fadeIn&#8221; width=&#8221;1\/4&#8243;][vc_single_image image=&#8221;977&#8243; img_size=&#8221;medium&#8221; alignment=&#8221;center&#8221; style=&#8221;vc_box_circle_2&#8243;][\/vc_column][vc_column css_animation=&#8221;fadeInRight&#8221; width=&#8221;3\/4&#8243;][vc_column_text el_class=&#8221;nomDirigeant&#8221; css=&#8221;.vc_custom_1553526591258{margin-bottom: 10px !important;}&#8221;]<\/p>\n<p style=\"text-align: left;\"><strong>Yves Thepaut<\/strong><\/p>\n<p>[\/vc_column_text][vc_column_text el_class=&#8221;fonctionDirigeant&#8221; css=&#8221;.vc_custom_1553850824477{margin-bottom: 5px !important;padding-bottom: 0px !important;}&#8221;]<\/p>\n<p style=\"text-align: left;\"><strong>Directeur services et r\u00e9seau &#8211; Scania France<\/strong><\/p>\n<p>[\/vc_column_text][vc_column_text]<\/p>\n<p style=\"text-align: left;\">\u00ab Nous voulons d\u00e9marrer cette nouvelle activit\u00e9 pneus avec toutes les cartes en main et avec WYZ, je sais que je les ai.<\/p>\n<p style=\"text-align: left;\">Certes, WYZ\u00a0n\u2019avait pas jusqu\u2019ici travaill\u00e9 sur les\u00a0pneus poids lourds, mais je me souviens\u00a0de la r\u00e9action des \u00e9quipes lorsque j\u2019en\u00a0ai parl\u00e9 : \u00ab On ne fait pas cela, m\u2019ont-elles dit, mais cela ne veut pas dire\u00a0qu\u2019on ne sait pas faire ! \u00bb. Du coup, les\u00a0professionnels de WYZ ont d\u00e9velopp\u00e9\u00a0une plateforme et mis sur pied un\u00a0dispositif d\u2019approvisionnement pour ce type\u00a0de pneus, avec n\u00e9gociation des\u00a0conditions aupr\u00e8s des fournisseurs.\u00a0\u00bb<\/p>\n<p>[\/vc_column_text][\/vc_column][\/vc_row][vc_row content_placement=&#8221;middle&#8221; disable_element=&#8221;yes&#8221;][vc_column css_animation=&#8221;fadeIn&#8221; width=&#8221;1\/4&#8243;][vc_single_image image=&#8221;975&#8243; img_size=&#8221;medium&#8221; alignment=&#8221;center&#8221; style=&#8221;vc_box_circle_2&#8243;][\/vc_column][vc_column css_animation=&#8221;fadeInRight&#8221; width=&#8221;3\/4&#8243;][vc_column_text el_class=&#8221;nomDirigeant&#8221; css=&#8221;.vc_custom_1553873334242{margin-bottom: 10px !important;}&#8221;]<\/p>\n<p style=\"text-align: left;\"><strong>Arnaud Willing-Saleron<\/strong><\/p>\n<p>[\/vc_column_text][vc_column_text el_class=&#8221;fonctionDirigeant&#8221; css=&#8221;.vc_custom_1553850843394{margin-bottom: 5px !important;padding-bottom: 0px !important;}&#8221;]<\/p>\n<p style=\"text-align: left;\"><strong>Direction des Achats &#8211; <\/strong><strong>Groupe VEOLIA<\/strong><\/p>\n<p>[\/vc_column_text][vc_column_text]<\/p>\n<p style=\"text-align: left;\">\u00ab Ce qui nous plait beaucoup avec WYZ, c\u2019est l\u2019axe sur le Digital. Pour nous, le digital c\u2019est tr\u00e8s important. C\u2019est un des axes forts de r\u00e9duction des co\u00fbts et de r\u00e9duction de la taille de notre flotte au sens large.<\/p>\n<p style=\"text-align: left;\">Les possibilit\u00e9s de d\u00e9veloppement avec WYZ \u00e0 l\u2019international nous int\u00e9ressent. On a pour objectif de d\u00e9ployer la strat\u00e9gie du groupe VEOLIA \u00e0 l\u2019international. Et je dirais que c\u2019est \u00e9galement une grande fiert\u00e9 pour VEOLIA de pouvoir avancer et porter une entreprise de taille plus modeste \u00e0 l\u2019international et de la faire grandir avec nous dans un partenariat gagnant-gagnant.\u00a0\u00bb<\/p>\n<p>[\/vc_column_text][\/vc_column][\/vc_row]<\/p>\n<\/div>","protected":false},"excerpt":{"rendered":"<p>[vc_row][vc_column][vc_empty_space height=&#8221;60px&#8221;][\/vc_column][\/vc_row][vc_row gap=&#8221;30&#8243;][vc_column css_animation=&#8221;fadeIn&#8221; width=&#8221;1\/3&#8243;][vc_single_image image=&#8221;10565&#8243; img_size=&#8221;medium&#8221; alignment=&#8221;center&#8221; style=&#8221;vc_box_circle_2&#8243;][vc_column_text el_class=&#8221;nomDirigeant&#8221; css=&#8221;.vc_custom_1642458454281{margin-bottom: 10px !important;}&#8221;] Vincent-David LACROUX [\/vc_column_text][vc_column_text el_class=&#8221;fonctionDirigeant&#8221;] Head of Specific Offer Renault Group [\/vc_column_text][vc_column_text] &#8220;What seduced us at WYZ is their technical and commercial know-how, their capacity to react quickly on the IS aspects to correct and fix the problems encountered by our BtoB customers,&hellip;<\/p>\n","protected":false},"author":10,"featured_media":0,"parent":3469,"menu_order":16,"comment_status":"closed","ping_status":"closed","template":"","meta":{"rs_blank_template":"","rs_page_bg_color":"","slide_template_v7":"","footnotes":""},"class_list":["post-3476","page","type-page","status-publish","hentry","description-off"],"yoast_head":"<!-- This site is optimized with the Yoast SEO plugin v27.2 - https:\/\/yoast.com\/product\/yoast-seo-wordpress\/ -->\n<title>Testimonies | WYZ Group, des solutions digitales au c\u0153ur de l\u2019Apr\u00e8s-vente automobile\u200b<\/title>\n<meta name=\"description\" content=\"WYZ Group vous propose des outils web innovants incluant l&#039;ensemble des flux de vos partenaires manufacturiers ainsi qu&#039;une solution de d\u00e9pannage.\" \/>\n<meta name=\"robots\" content=\"index, follow, max-snippet:-1, max-image-preview:large, max-video-preview:-1\" \/>\n<link rel=\"canonical\" href=\"https:\/\/www.wyzgroup.com\/en\/our-clients\/testimonies\/\" \/>\n<meta property=\"og:locale\" content=\"en_US\" \/>\n<meta property=\"og:type\" content=\"article\" \/>\n<meta property=\"og:title\" content=\"Testimonies | WYZ Group, des solutions digitales au c\u0153ur de l\u2019Apr\u00e8s-vente automobile\u200b\" \/>\n<meta property=\"og:description\" content=\"WYZ Group vous propose des outils web innovants incluant l&#039;ensemble des flux de vos partenaires manufacturiers ainsi qu&#039;une solution de d\u00e9pannage.\" \/>\n<meta property=\"og:url\" content=\"https:\/\/www.wyzgroup.com\/en\/our-clients\/testimonies\/\" \/>\n<meta property=\"og:site_name\" content=\"WYZ Group, an innovative digital model serving the automotive industry\" \/>\n<meta property=\"article:modified_time\" content=\"2023-10-31T14:48:46+00:00\" \/>\n<meta property=\"og:image\" content=\"https:\/\/www.wyzgroup.com\/wp-content\/uploads\/2019\/02\/wyz-group-opengraph.jpg\" \/>\n\t<meta property=\"og:image:width\" content=\"1200\" \/>\n\t<meta property=\"og:image:height\" content=\"630\" \/>\n\t<meta property=\"og:image:type\" content=\"image\/jpeg\" \/>\n<meta name=\"twitter:card\" content=\"summary_large_image\" \/>\n<meta name=\"twitter:label1\" content=\"Est. reading time\" \/>\n\t<meta name=\"twitter:data1\" content=\"5 minutes\" \/>\n<script type=\"application\/ld+json\" class=\"yoast-schema-graph\">{\"@context\":\"https:\/\/schema.org\",\"@graph\":[{\"@type\":\"WebPage\",\"@id\":\"https:\/\/www.wyzgroup.com\/en\/our-clients\/testimonies\/\",\"url\":\"https:\/\/www.wyzgroup.com\/en\/our-clients\/testimonies\/\",\"name\":\"Testimonies | WYZ Group, des solutions digitales au c\u0153ur de l\u2019Apr\u00e8s-vente automobile\u200b\",\"isPartOf\":{\"@id\":\"https:\/\/www.wyzgroup.com\/#website\"},\"datePublished\":\"2019-05-02T14:26:41+00:00\",\"dateModified\":\"2023-10-31T14:48:46+00:00\",\"description\":\"WYZ Group vous propose des outils web innovants incluant l'ensemble des flux de vos partenaires manufacturiers ainsi qu'une solution de d\u00e9pannage.\",\"breadcrumb\":{\"@id\":\"https:\/\/www.wyzgroup.com\/en\/our-clients\/testimonies\/#breadcrumb\"},\"inLanguage\":\"en-US\",\"potentialAction\":[{\"@type\":\"ReadAction\",\"target\":[\"https:\/\/www.wyzgroup.com\/en\/our-clients\/testimonies\/\"]}]},{\"@type\":\"BreadcrumbList\",\"@id\":\"https:\/\/www.wyzgroup.com\/en\/our-clients\/testimonies\/#breadcrumb\",\"itemListElement\":[{\"@type\":\"ListItem\",\"position\":1,\"name\":\"Accueil\",\"item\":\"https:\/\/www.wyzgroup.com\/en\/\"},{\"@type\":\"ListItem\",\"position\":2,\"name\":\"Our clients\",\"item\":\"https:\/\/www.wyzgroup.com\/en\/our-clients\/\"},{\"@type\":\"ListItem\",\"position\":3,\"name\":\"Testimonies\"}]},{\"@type\":\"WebSite\",\"@id\":\"https:\/\/www.wyzgroup.com\/#website\",\"url\":\"https:\/\/www.wyzgroup.com\/\",\"name\":\"WYZ Group, an innovative digital model serving the automotive industry\",\"description\":\"WYZ Group, des solutions digitales au c\u0153ur de l\u2019Apr\u00e8s-vente automobile\u200b\",\"potentialAction\":[{\"@type\":\"SearchAction\",\"target\":{\"@type\":\"EntryPoint\",\"urlTemplate\":\"https:\/\/www.wyzgroup.com\/?s={search_term_string}\"},\"query-input\":{\"@type\":\"PropertyValueSpecification\",\"valueRequired\":true,\"valueName\":\"search_term_string\"}}],\"inLanguage\":\"en-US\"}]}<\/script>\n<!-- \/ Yoast SEO plugin. -->","yoast_head_json":{"title":"Testimonies | WYZ Group, des solutions digitales au c\u0153ur de l\u2019Apr\u00e8s-vente automobile\u200b","description":"WYZ Group vous propose des outils web innovants incluant l'ensemble des flux de vos partenaires manufacturiers ainsi qu'une solution de d\u00e9pannage.","robots":{"index":"index","follow":"follow","max-snippet":"max-snippet:-1","max-image-preview":"max-image-preview:large","max-video-preview":"max-video-preview:-1"},"canonical":"https:\/\/www.wyzgroup.com\/en\/our-clients\/testimonies\/","og_locale":"en_US","og_type":"article","og_title":"Testimonies | WYZ Group, des solutions digitales au c\u0153ur de l\u2019Apr\u00e8s-vente automobile\u200b","og_description":"WYZ Group vous propose des outils web innovants incluant l'ensemble des flux de vos partenaires manufacturiers ainsi qu'une solution de d\u00e9pannage.","og_url":"https:\/\/www.wyzgroup.com\/en\/our-clients\/testimonies\/","og_site_name":"WYZ Group, an innovative digital model serving the automotive industry","article_modified_time":"2023-10-31T14:48:46+00:00","og_image":[{"width":1200,"height":630,"url":"https:\/\/www.wyzgroup.com\/wp-content\/uploads\/2019\/02\/wyz-group-opengraph.jpg","type":"image\/jpeg"}],"twitter_card":"summary_large_image","twitter_misc":{"Est. reading time":"5 minutes"},"schema":{"@context":"https:\/\/schema.org","@graph":[{"@type":"WebPage","@id":"https:\/\/www.wyzgroup.com\/en\/our-clients\/testimonies\/","url":"https:\/\/www.wyzgroup.com\/en\/our-clients\/testimonies\/","name":"Testimonies | WYZ Group, des solutions digitales au c\u0153ur de l\u2019Apr\u00e8s-vente automobile\u200b","isPartOf":{"@id":"https:\/\/www.wyzgroup.com\/#website"},"datePublished":"2019-05-02T14:26:41+00:00","dateModified":"2023-10-31T14:48:46+00:00","description":"WYZ Group vous propose des outils web innovants incluant l'ensemble des flux de vos partenaires manufacturiers ainsi qu'une solution de d\u00e9pannage.","breadcrumb":{"@id":"https:\/\/www.wyzgroup.com\/en\/our-clients\/testimonies\/#breadcrumb"},"inLanguage":"en-US","potentialAction":[{"@type":"ReadAction","target":["https:\/\/www.wyzgroup.com\/en\/our-clients\/testimonies\/"]}]},{"@type":"BreadcrumbList","@id":"https:\/\/www.wyzgroup.com\/en\/our-clients\/testimonies\/#breadcrumb","itemListElement":[{"@type":"ListItem","position":1,"name":"Accueil","item":"https:\/\/www.wyzgroup.com\/en\/"},{"@type":"ListItem","position":2,"name":"Our clients","item":"https:\/\/www.wyzgroup.com\/en\/our-clients\/"},{"@type":"ListItem","position":3,"name":"Testimonies"}]},{"@type":"WebSite","@id":"https:\/\/www.wyzgroup.com\/#website","url":"https:\/\/www.wyzgroup.com\/","name":"WYZ Group, an innovative digital model serving the automotive industry","description":"WYZ Group, des solutions digitales au c\u0153ur de l\u2019Apr\u00e8s-vente automobile\u200b","potentialAction":[{"@type":"SearchAction","target":{"@type":"EntryPoint","urlTemplate":"https:\/\/www.wyzgroup.com\/?s={search_term_string}"},"query-input":{"@type":"PropertyValueSpecification","valueRequired":true,"valueName":"search_term_string"}}],"inLanguage":"en-US"}]}},"_links":{"self":[{"href":"https:\/\/www.wyzgroup.com\/en\/wp-json\/wp\/v2\/pages\/3476","targetHints":{"allow":["GET"]}}],"collection":[{"href":"https:\/\/www.wyzgroup.com\/en\/wp-json\/wp\/v2\/pages"}],"about":[{"href":"https:\/\/www.wyzgroup.com\/en\/wp-json\/wp\/v2\/types\/page"}],"author":[{"embeddable":true,"href":"https:\/\/www.wyzgroup.com\/en\/wp-json\/wp\/v2\/users\/10"}],"replies":[{"embeddable":true,"href":"https:\/\/www.wyzgroup.com\/en\/wp-json\/wp\/v2\/comments?post=3476"}],"version-history":[{"count":12,"href":"https:\/\/www.wyzgroup.com\/en\/wp-json\/wp\/v2\/pages\/3476\/revisions"}],"predecessor-version":[{"id":16800,"href":"https:\/\/www.wyzgroup.com\/en\/wp-json\/wp\/v2\/pages\/3476\/revisions\/16800"}],"up":[{"embeddable":true,"href":"https:\/\/www.wyzgroup.com\/en\/wp-json\/wp\/v2\/pages\/3469"}],"wp:attachment":[{"href":"https:\/\/www.wyzgroup.com\/en\/wp-json\/wp\/v2\/media?parent=3476"}],"curies":[{"name":"wp","href":"https:\/\/api.w.org\/{rel}","templated":true}]}}