{"id":19173,"date":"2025-10-02T15:44:22","date_gmt":"2025-10-02T15:44:22","guid":{"rendered":"https:\/\/www.wyzgroup.com\/?page_id=19173"},"modified":"2025-10-29T16:30:59","modified_gmt":"2025-10-29T16:30:59","slug":"wyztyrecheck","status":"publish","type":"page","link":"https:\/\/www.wyzgroup.com\/de\/unsere-losungen\/wyztyrecheck\/","title":{"rendered":"WYZ Tyre Check"},"content":{"rendered":"<div class=\"wpb-content-wrapper\"><p>[vc_row][vc_column]<style type=\"text\/css\" data-type=\"the7_shortcodes-inline-css\">.dt-breadcrumbs-id-697ca5cc01585d9cd683b336084dcb8e .breadcrumbs {\n  display: inline-block;\n  margin: 0;\n  padding: 2px 10px 2px 10px;\n  border: 0px solid ;\n  border-radius: 0px;\n}\n.dt-breadcrumbs-id-697ca5cc01585d9cd683b336084dcb8e .breadcrumbs * {\n  font-size: 17px;\n  line-height: 17px;\n  font-weight: bold;\n  color: #a2a5a6;\n}<\/style><div class=\"dt-breadcrumbs-shortcode dt-breadcrumbs-id-697ca5cc01585d9cd683b336084dcb8e align-left\"><div class=\"assistive-text\">Sie befinden sich hier:<\/div><ol class=\"breadcrumbs text-small\" itemscope itemtype=\"https:\/\/schema.org\/BreadcrumbList\"><li itemprop=\"itemListElement\" itemscope itemtype=\"https:\/\/schema.org\/ListItem\"><a itemprop=\"item\" href=\"https:\/\/www.wyzgroup.com\/de\/\" title=\"Start\"><span itemprop=\"name\">Start<\/span><\/a><meta itemprop=\"position\" content=\"1\" \/><\/li><li class=\"current\" itemprop=\"itemListElement\" itemscope itemtype=\"https:\/\/schema.org\/ListItem\"><span itemprop=\"name\">Seite<\/span><meta itemprop=\"position\" content=\"2\" \/><\/li><\/ol><\/div>[vc_empty_space height=&#8220;60px&#8220;][\/vc_column][\/vc_row][vc_row][vc_column][vc_column_text css=&#8220;&#8220;]<iframe style=\"width: 1280px; aspect-ratio: 16\/9; background: transparent; z-index: 999999999;\" title=\"Napster Spaces Experience\" src=\"https:\/\/spaces.napsterai.com\/view\/MWUwNDJhZWQtOGZjNS00YWI3LTkzODctZDJhZjQxZDFlNDJmOjI0NGI4MDcxLTdjNzYtNDBlNy04MzU3LTMyNzljMDA0MDFhNw==\" frameborder=\"0\" allowfullscreen=\"allowfullscreen\" allow=\"microphone; camera; autoplay; clipboard-write; encrypted-media\"><\/iframe>[\/vc_column_text][\/vc_column][\/vc_row][vc_row gap=&#8220;30&#8243;][vc_column width=&#8220;1\/2&#8243;][vc_single_image image=&#8220;19180&#8243; img_size=&#8220;medium&#8220; alignment=&#8220;center&#8220; css_animation=&#8220;fadeIn&#8220; css=&#8220;&#8220; image_hovers=&#8220;false&#8220;][\/vc_column][vc_column width=&#8220;1\/2&#8243;][vc_custom_heading text=&#8220;Die L\u00f6sung WYZ Fleet&#8220; use_theme_fonts=&#8220;yes&#8220; css_animation=&#8220;fadeInRight&#8220; css=&#8220;&#8220;][vc_column_text css_animation=&#8220;fadeInRight&#8220; css=&#8220;&#8220;]<strong>Machen Sie Ihre Reifenangebote professioneller, steigern Sie Ihren Umsatz und binden Sie Ihre Kunden dank zuverl\u00e4ssiger und schneller Diagnosen!<\/strong><\/p>\n<p>Eine einzigartige L\u00f6sung zur Steigerung Ihres Werkstattumsatzes dank:<\/p>\n<ul>\n<li>mobiler App f\u00fcr iOS und Android<\/li>\n<li>vernetzter Messvorrichtung<\/li>\n<li>PDF-Diagnose<\/li>\n<li>Erstellung eines Angebots \u00fcber die WYZ TYRE BOX<\/li>\n<li>Berichten<\/li>\n<li>Informationen zur vorausschauenden Wartung<\/li>\n<\/ul>\n<p>[\/vc_column_text][\/vc_column][\/vc_row][vc_row gap=&#8220;30&#8243;][vc_column width=&#8220;1\/2&#8243;][vc_custom_heading text=&#8220;Die Vorteile&#8220; use_theme_fonts=&#8220;yes&#8220; css_animation=&#8220;fadeInLeft&#8220; css=&#8220;&#8220;][vc_column_text css_animation=&#8220;fadeInLeft&#8220; css=&#8220;&#8220;]<b>Im Werkstattbereich<\/b><\/p>\n<p>Zeitersparnis: einfache und schnelle Handhabung (90 Sekunden)<\/p>\n<p>dank einer innovativen Anwendung<\/p>\n<p>Qualit\u00e4t: pr\u00e4zisere Kontrolle dank eines professionellen Berichts<\/p>\n<p>CSR: Informieren Sie Ihre Kunden \u00fcber die verbleibende Kilometerleistung<\/p>\n<p>Daten: Speichern Sie Kundendaten f\u00fcr eine bessere Nachverfolgung und Erinnerung<\/p>\n<p>im Autohaus<\/p>\n<p><b>F\u00fcr Kunden<\/b><\/p>\n<ul>\n<li>Sicherheit: durch die Zusendung eines Referenzdokuments, das f\u00fcr Seriosit\u00e4t b\u00fcrgt<\/li>\n<li>Vertrauen: qualitative Nachverfolgung zur St\u00e4rkung der Vertrauensbeziehung<\/li>\n<li>Kundenbindung: Kunden zum richtigen Zeitpunkt zur\u00fcckgewinnen dank<\/li>\n<li>Diagnoseerinnerung<\/li>\n<\/ul>\n<p>[\/vc_column_text][\/vc_column][vc_column width=&#8220;1\/2&#8243;][vc_single_image image=&#8220;19186&#8243; img_size=&#8220;large&#8220; alignment=&#8220;center&#8220; css_animation=&#8220;fadeIn&#8220; css=&#8220;&#8220; image_hovers=&#8220;false&#8220;][\/vc_column][\/vc_row][vc_row][vc_column]<style type=\"text\/css\" data-type=\"the7_shortcodes-inline-css\">#default-btn-5489e8968e2926b458bbd98c9c38c3bf.ico-right-side > i {\n  margin-right: 0px;\n  margin-left: 8px;\n}\n#default-btn-5489e8968e2926b458bbd98c9c38c3bf > i {\n  margin-right: 8px;\n}<\/style><div class=\"btn-align-center\"><a href=\"https:\/\/www.wyzgroup.com\/contact\/\" class=\"default-btn-shortcode dt-btn dt-btn-m link-hover-off \" id=\"default-btn-5489e8968e2926b458bbd98c9c38c3bf\" title=\"Contact\"><span>Eine Vorf\u00fchrung anfordern<\/span><\/a><\/div>[\/vc_column][\/vc_row][vc_row][vc_column][vc_empty_space][\/vc_column][\/vc_row]<\/p>\n<\/div>","protected":false},"excerpt":{"rendered":"<p>[vc_row][vc_column][vc_empty_space height=&#8220;60px&#8220;][\/vc_column][\/vc_row][vc_row][vc_column][vc_column_text css=&#8220;&#8220;][\/vc_column_text][\/vc_column][\/vc_row][vc_row gap=&#8220;30&#8243;][vc_column width=&#8220;1\/2&#8243;][vc_single_image image=&#8220;19180&#8243; img_size=&#8220;medium&#8220; alignment=&#8220;center&#8220; css_animation=&#8220;fadeIn&#8220; css=&#8220;&#8220; image_hovers=&#8220;false&#8220;][\/vc_column][vc_column width=&#8220;1\/2&#8243;][vc_custom_heading text=&#8220;Die L\u00f6sung WYZ Fleet&#8220; use_theme_fonts=&#8220;yes&#8220; css_animation=&#8220;fadeInRight&#8220; css=&#8220;&#8220;][vc_column_text css_animation=&#8220;fadeInRight&#8220; css=&#8220;&#8220;]Machen Sie Ihre Reifenangebote professioneller, steigern Sie Ihren Umsatz und binden Sie Ihre Kunden dank zuverl\u00e4ssiger und schneller Diagnosen! Eine einzigartige L\u00f6sung zur Steigerung Ihres Werkstattumsatzes dank: mobiler App f\u00fcr iOS und Android vernetzter Messvorrichtung&hellip;<\/p>\n","protected":false},"author":11,"featured_media":0,"parent":12061,"menu_order":13,"comment_status":"closed","ping_status":"closed","template":"","meta":{"rs_blank_template":"","rs_page_bg_color":"","slide_template_v7":"","footnotes":""},"class_list":["post-19173","page","type-page","status-publish","hentry","description-off"],"yoast_head":"<!-- This site is optimized with the Yoast SEO plugin v27.2 - https:\/\/yoast.com\/product\/yoast-seo-wordpress\/ -->\n<title>WYZ Tyre Check | WYZ Group, des solutions digitales au c\u0153ur de l\u2019Apr\u00e8s-vente automobile\u200b<\/title>\n<meta name=\"description\" content=\"WYZ Group vous propose des outils web innovants incluant l&#039;ensemble des flux de vos partenaires manufacturiers ainsi qu&#039;une solution de d\u00e9pannage.\" \/>\n<meta name=\"robots\" content=\"index, follow, max-snippet:-1, max-image-preview:large, max-video-preview:-1\" \/>\n<link rel=\"canonical\" href=\"https:\/\/www.wyzgroup.com\/nos-solutions\/wyz-tyre-check\/\" \/>\n<meta property=\"og:locale\" content=\"de_DE\" \/>\n<meta property=\"og:type\" content=\"article\" \/>\n<meta property=\"og:title\" content=\"WYZ Tyre Check | WYZ Group, des solutions digitales au c\u0153ur de l\u2019Apr\u00e8s-vente automobile\u200b\" \/>\n<meta property=\"og:description\" content=\"WYZ Group vous propose des outils web innovants incluant l&#039;ensemble des flux de vos partenaires manufacturiers ainsi qu&#039;une solution de d\u00e9pannage.\" \/>\n<meta property=\"og:url\" content=\"https:\/\/www.wyzgroup.com\/nos-solutions\/wyz-tyre-check\/\" \/>\n<meta property=\"og:site_name\" content=\"WYZ Group\" \/>\n<meta property=\"article:modified_time\" content=\"2025-10-29T16:30:59+00:00\" \/>\n<meta property=\"og:image\" content=\"https:\/\/www.wyzgroup.com\/wp-content\/uploads\/2019\/02\/wyz-group-opengraph.jpg\" \/>\n\t<meta property=\"og:image:width\" content=\"1200\" \/>\n\t<meta property=\"og:image:height\" content=\"630\" \/>\n\t<meta property=\"og:image:type\" content=\"image\/jpeg\" \/>\n<meta name=\"twitter:card\" content=\"summary_large_image\" \/>\n<meta name=\"twitter:label1\" content=\"Gesch\u00e4tzte Lesezeit\" \/>\n\t<meta name=\"twitter:data1\" content=\"1\u00a0Minute\" \/>\n<script type=\"application\/ld+json\" class=\"yoast-schema-graph\">{\"@context\":\"https:\/\/schema.org\",\"@graph\":[{\"@type\":\"WebPage\",\"@id\":\"https:\/\/www.wyzgroup.com\/nos-solutions\/wyz-tyre-check\/\",\"url\":\"https:\/\/www.wyzgroup.com\/nos-solutions\/wyz-tyre-check\/\",\"name\":\"WYZ Tyre Check | WYZ Group, des solutions digitales au c\u0153ur de l\u2019Apr\u00e8s-vente automobile\u200b\",\"isPartOf\":{\"@id\":\"https:\/\/www.wyzgroup.com\/#website\"},\"datePublished\":\"2025-10-02T15:44:22+00:00\",\"dateModified\":\"2025-10-29T16:30:59+00:00\",\"description\":\"WYZ Group vous propose des outils web innovants incluant l'ensemble des flux de vos partenaires manufacturiers ainsi qu'une solution de d\u00e9pannage.\",\"breadcrumb\":{\"@id\":\"https:\/\/www.wyzgroup.com\/nos-solutions\/wyz-tyre-check\/#breadcrumb\"},\"inLanguage\":\"de\",\"potentialAction\":[{\"@type\":\"ReadAction\",\"target\":[\"https:\/\/www.wyzgroup.com\/nos-solutions\/wyz-tyre-check\/\"]}]},{\"@type\":\"BreadcrumbList\",\"@id\":\"https:\/\/www.wyzgroup.com\/nos-solutions\/wyz-tyre-check\/#breadcrumb\",\"itemListElement\":[{\"@type\":\"ListItem\",\"position\":1,\"name\":\"Accueil\",\"item\":\"https:\/\/www.wyzgroup.com\/de\/\"},{\"@type\":\"ListItem\",\"position\":2,\"name\":\"Unsere L\u00f6sungen\",\"item\":\"https:\/\/www.wyzgroup.com\/de\/unsere-losungen\/\"},{\"@type\":\"ListItem\",\"position\":3,\"name\":\"WYZ Tyre Check\"}]},{\"@type\":\"WebSite\",\"@id\":\"https:\/\/www.wyzgroup.com\/#website\",\"url\":\"https:\/\/www.wyzgroup.com\/\",\"name\":\"WYZ Group\",\"description\":\"WYZ Group, des solutions digitales au c\u0153ur de l\u2019Apr\u00e8s-vente automobile\u200b\",\"potentialAction\":[{\"@type\":\"SearchAction\",\"target\":{\"@type\":\"EntryPoint\",\"urlTemplate\":\"https:\/\/www.wyzgroup.com\/?s={search_term_string}\"},\"query-input\":{\"@type\":\"PropertyValueSpecification\",\"valueRequired\":true,\"valueName\":\"search_term_string\"}}],\"inLanguage\":\"de\"}]}<\/script>\n<!-- \/ Yoast SEO plugin. -->","yoast_head_json":{"title":"WYZ Tyre Check | WYZ Group, des solutions digitales au c\u0153ur de l\u2019Apr\u00e8s-vente automobile\u200b","description":"WYZ Group vous propose des outils web innovants incluant l'ensemble des flux de vos partenaires manufacturiers ainsi qu'une solution de d\u00e9pannage.","robots":{"index":"index","follow":"follow","max-snippet":"max-snippet:-1","max-image-preview":"max-image-preview:large","max-video-preview":"max-video-preview:-1"},"canonical":"https:\/\/www.wyzgroup.com\/nos-solutions\/wyz-tyre-check\/","og_locale":"de_DE","og_type":"article","og_title":"WYZ Tyre Check | WYZ Group, des solutions digitales au c\u0153ur de l\u2019Apr\u00e8s-vente automobile\u200b","og_description":"WYZ Group vous propose des outils web innovants incluant l'ensemble des flux de vos partenaires manufacturiers ainsi qu'une solution de d\u00e9pannage.","og_url":"https:\/\/www.wyzgroup.com\/nos-solutions\/wyz-tyre-check\/","og_site_name":"WYZ Group","article_modified_time":"2025-10-29T16:30:59+00:00","og_image":[{"width":1200,"height":630,"url":"https:\/\/www.wyzgroup.com\/wp-content\/uploads\/2019\/02\/wyz-group-opengraph.jpg","type":"image\/jpeg"}],"twitter_card":"summary_large_image","twitter_misc":{"Gesch\u00e4tzte Lesezeit":"1\u00a0Minute"},"schema":{"@context":"https:\/\/schema.org","@graph":[{"@type":"WebPage","@id":"https:\/\/www.wyzgroup.com\/nos-solutions\/wyz-tyre-check\/","url":"https:\/\/www.wyzgroup.com\/nos-solutions\/wyz-tyre-check\/","name":"WYZ Tyre Check | WYZ Group, des solutions digitales au c\u0153ur de l\u2019Apr\u00e8s-vente automobile\u200b","isPartOf":{"@id":"https:\/\/www.wyzgroup.com\/#website"},"datePublished":"2025-10-02T15:44:22+00:00","dateModified":"2025-10-29T16:30:59+00:00","description":"WYZ Group vous propose des outils web innovants incluant l'ensemble des flux de vos partenaires manufacturiers ainsi qu'une solution de d\u00e9pannage.","breadcrumb":{"@id":"https:\/\/www.wyzgroup.com\/nos-solutions\/wyz-tyre-check\/#breadcrumb"},"inLanguage":"de","potentialAction":[{"@type":"ReadAction","target":["https:\/\/www.wyzgroup.com\/nos-solutions\/wyz-tyre-check\/"]}]},{"@type":"BreadcrumbList","@id":"https:\/\/www.wyzgroup.com\/nos-solutions\/wyz-tyre-check\/#breadcrumb","itemListElement":[{"@type":"ListItem","position":1,"name":"Accueil","item":"https:\/\/www.wyzgroup.com\/de\/"},{"@type":"ListItem","position":2,"name":"Unsere L\u00f6sungen","item":"https:\/\/www.wyzgroup.com\/de\/unsere-losungen\/"},{"@type":"ListItem","position":3,"name":"WYZ Tyre Check"}]},{"@type":"WebSite","@id":"https:\/\/www.wyzgroup.com\/#website","url":"https:\/\/www.wyzgroup.com\/","name":"WYZ Group","description":"WYZ Group, des solutions digitales au c\u0153ur de l\u2019Apr\u00e8s-vente automobile\u200b","potentialAction":[{"@type":"SearchAction","target":{"@type":"EntryPoint","urlTemplate":"https:\/\/www.wyzgroup.com\/?s={search_term_string}"},"query-input":{"@type":"PropertyValueSpecification","valueRequired":true,"valueName":"search_term_string"}}],"inLanguage":"de"}]}},"_links":{"self":[{"href":"https:\/\/www.wyzgroup.com\/de\/wp-json\/wp\/v2\/pages\/19173","targetHints":{"allow":["GET"]}}],"collection":[{"href":"https:\/\/www.wyzgroup.com\/de\/wp-json\/wp\/v2\/pages"}],"about":[{"href":"https:\/\/www.wyzgroup.com\/de\/wp-json\/wp\/v2\/types\/page"}],"author":[{"embeddable":true,"href":"https:\/\/www.wyzgroup.com\/de\/wp-json\/wp\/v2\/users\/11"}],"replies":[{"embeddable":true,"href":"https:\/\/www.wyzgroup.com\/de\/wp-json\/wp\/v2\/comments?post=19173"}],"version-history":[{"count":29,"href":"https:\/\/www.wyzgroup.com\/de\/wp-json\/wp\/v2\/pages\/19173\/revisions"}],"predecessor-version":[{"id":20027,"href":"https:\/\/www.wyzgroup.com\/de\/wp-json\/wp\/v2\/pages\/19173\/revisions\/20027"}],"up":[{"embeddable":true,"href":"https:\/\/www.wyzgroup.com\/de\/wp-json\/wp\/v2\/pages\/12061"}],"wp:attachment":[{"href":"https:\/\/www.wyzgroup.com\/de\/wp-json\/wp\/v2\/media?parent=19173"}],"curies":[{"name":"wp","href":"https:\/\/api.w.org\/{rel}","templated":true}]}}