{"id":18952,"date":"2025-05-28T13:07:48","date_gmt":"2025-05-28T13:07:48","guid":{"rendered":"https:\/\/www.wyzgroup.com\/unsere-losungen\/wyz-central-billing\/"},"modified":"2025-06-30T14:13:42","modified_gmt":"2025-06-30T14:13:42","slug":"wyz-central-billing","status":"publish","type":"page","link":"https:\/\/www.wyzgroup.com\/de\/unsere-losungen\/wyz-central-billing\/","title":{"rendered":"WYZ Central Billing"},"content":{"rendered":"<div class=\"wpb-content-wrapper\"><p>[vc_row][vc_column][vc_column_text css=&#8220;&#8220;]<img loading=\"lazy\" decoding=\"async\" class=\"alignnone size-medium wp-image-18508\" src=\"https:\/\/www.wyzgroup.com\/wp-content\/uploads\/2025\/01\/central_billing-300x200.png\" alt=\"\" width=\"300\" height=\"200\" srcset=\"https:\/\/www.wyzgroup.com\/wp-content\/uploads\/2025\/01\/central_billing-300x200.png 300w, https:\/\/www.wyzgroup.com\/wp-content\/uploads\/2025\/01\/central_billing-1024x681.png 1024w, https:\/\/www.wyzgroup.com\/wp-content\/uploads\/2025\/01\/central_billing-768x511.png 768w, https:\/\/www.wyzgroup.com\/wp-content\/uploads\/2025\/01\/central_billing.png 1472w\" sizes=\"auto, (max-width: 300px) 100vw, 300px\" \/><\/p>\n<h2 class=\"p2\"><b>Die WYZ Group erweitert ihr digitales Angebot durch den Kauf von UIM <\/b><\/h2>\n<p class=\"p3\"><b><i>Die WYZ Group gibt die \u00dcbernahme der Firma UIM-Universal Interface Management GmbH bekannt, einem deutschen Unternehmen, das sich auf die Entwicklung von Schnittstellen f\u00fcr Datenmanagement und -verarbeitung spezialisiert hat. Mit diesem Schritt erg\u00e4nzt die WYZ Group ihr L\u00f6sungsangebot und unterst\u00fctzt ihre Kunden im Automobil-Aftermarket noch st\u00e4rker bei der Digitalisierung. Neu im Portfolio: ein Service, der das zentrale Handling von Rechnungsdaten erm\u00f6glicht. <\/i><\/b><\/p>\n<p class=\"p3\"><b><i>Als Marktf\u00fchrer f\u00fcr Reifenmanagement und -vermarktung in Frankreich ist die WYZ Group bereits in neun europ\u00e4ischen L\u00e4ndern aktiv. Mit dieser Angebotserweiterung festigt sie ihre Position in Deutschland und erschlie\u00dft zudem neue M\u00e4rkte wie Japan. <\/i><\/b><\/p>\n<p>&nbsp;<\/p>\n<h3>Unser digitales Produkt<\/h3>\n<p>Reduzieren Sie Kosten, sparen Sie Zeit und verringern Sie den Verwaltungsaufwand mit WYZ Central Billing, einem zentralisierten, automatisierten digitalen Fakturierungstool, das auf Technologie und Innovation basiert.<\/p>\n<p>Diese L\u00f6sung verwaltet den Fluss elektronischer Rechnungen und zentralisiert Bestellungen, Rechnungsstellung und Zahlungsabwicklung. Diese Technologie garantiert die Konsistenz, Qualit\u00e4t und Richtigkeit der zu fakturierenden Einzelhandels- oder Flottendaten und erm\u00f6glicht es der WYZ-Gruppe, ihren Kunden im Automobil-Kundendienst eine Optimierung und Auslagerung dieser Dienstleistung anzubieten.<\/p>\n<p>Diese Technologie garantiert die Konsistenz, Qualit\u00e4t und Richtigkeit der zu fakturierenden Einzelhandels- oder Flottendaten und erm\u00f6glicht es der WYZ-Gruppe, ihren Kunden im Automobil-Kundendienst einen optimierten und ausgelagerten Service anzubieten.<\/p>\n<p>WYZ Central Billing verf\u00fcgt \u00fcber eine Doppelzertifizierung nach ISO 9001:2015: Qualit\u00e4tsmanagementsysteme &#8211; Anforderungen und ISO 27001:2022:<\/p>\n<p>Diese Norm zielt darauf ab, Kontrolle, Sicherheit und Dienstleistungen durch das Management von 4 Parametern zu gew\u00e4hrleisten.<\/p>\n<p>Sicherstellung der Verf\u00fcgbarkeit von Informationen und Diensten.<br \/>\nSicherstellung der Integrit\u00e4t von kritischen Daten.<br \/>\nGew\u00e4hrleistung der Vertraulichkeit von sensiblen oder Kundendaten.<br \/>\nSicherstellung der Verf\u00fcgbarkeit und Einhaltung von rechtlichen und anderen Beweisen.<br \/>\nUnser Team von qualifizierten Fachleuten arbeitet st\u00e4ndig an der Entwicklung neuer technischer und IT-Fortschritte, um die spezifischen Anforderungen bestm\u00f6glich zu erf\u00fcllen.[\/vc_column_text][\/vc_column][\/vc_row][vc_row][vc_column][vc_btn title=&#8220;Eine Vorf\u00fchrung anfordern&#8220; css=&#8220;&#8220; link=&#8220;url:https%3A%2F%2Fwww.wyzgroup.com%2Fde%2Fkontakt%2F|&#8220;][\/vc_column][\/vc_row]<\/p>\n<\/div>","protected":false},"excerpt":{"rendered":"<p>[vc_row][vc_column][vc_column_text css=&#8220;&#8220;] Die WYZ Group erweitert ihr digitales Angebot durch den Kauf von UIM Die WYZ Group gibt die \u00dcbernahme der Firma UIM-Universal Interface Management GmbH bekannt, einem deutschen Unternehmen, das sich auf die Entwicklung von Schnittstellen f\u00fcr Datenmanagement und -verarbeitung spezialisiert hat. Mit diesem Schritt erg\u00e4nzt die WYZ Group ihr L\u00f6sungsangebot und unterst\u00fctzt ihre&hellip;<\/p>\n","protected":false},"author":11,"featured_media":0,"parent":12061,"menu_order":0,"comment_status":"closed","ping_status":"closed","template":"","meta":{"rs_blank_template":"","rs_page_bg_color":"","slide_template_v7":"","footnotes":""},"class_list":["post-18952","page","type-page","status-publish","hentry","description-off"],"yoast_head":"<!-- This site is optimized with the Yoast SEO plugin v27.2 - https:\/\/yoast.com\/product\/yoast-seo-wordpress\/ -->\n<title>WYZ Central Billing | WYZ Group, des solutions digitales au c\u0153ur de l\u2019Apr\u00e8s-vente automobile\u200b<\/title>\n<meta name=\"description\" content=\"WYZ Central Billing ist ein digitales, zentrales und automatisiertes Abrechnungstool, das auf Technologie und Innovation basiert.\" \/>\n<meta name=\"robots\" content=\"index, follow, max-snippet:-1, max-image-preview:large, max-video-preview:-1\" \/>\n<link rel=\"canonical\" href=\"https:\/\/www.wyzgroup.com\/de\/unsere-losungen\/wyz-central-billing\/\" \/>\n<meta property=\"og:locale\" content=\"de_DE\" \/>\n<meta property=\"og:type\" content=\"article\" \/>\n<meta property=\"og:title\" content=\"WYZ Central Billing | WYZ Group, des solutions digitales au c\u0153ur de l\u2019Apr\u00e8s-vente automobile\u200b\" \/>\n<meta property=\"og:description\" content=\"WYZ Central Billing ist ein digitales, zentrales und automatisiertes Abrechnungstool, das auf Technologie und Innovation basiert.\" \/>\n<meta property=\"og:url\" content=\"https:\/\/www.wyzgroup.com\/de\/unsere-losungen\/wyz-central-billing\/\" \/>\n<meta property=\"og:site_name\" content=\"WYZ Group\" \/>\n<meta property=\"article:modified_time\" content=\"2025-06-30T14:13:42+00:00\" \/>\n<meta property=\"og:image\" content=\"https:\/\/www.wyzgroup.com\/wp-content\/uploads\/2025\/01\/central_billing.png\" \/>\n\t<meta property=\"og:image:width\" content=\"1472\" \/>\n\t<meta property=\"og:image:height\" content=\"979\" \/>\n\t<meta property=\"og:image:type\" content=\"image\/png\" \/>\n<meta name=\"twitter:card\" content=\"summary_large_image\" \/>\n<meta name=\"twitter:label1\" content=\"Gesch\u00e4tzte Lesezeit\" \/>\n\t<meta name=\"twitter:data1\" content=\"2\u00a0Minuten\" \/>\n<script type=\"application\/ld+json\" class=\"yoast-schema-graph\">{\"@context\":\"https:\/\/schema.org\",\"@graph\":[{\"@type\":\"WebPage\",\"@id\":\"https:\/\/www.wyzgroup.com\/de\/unsere-losungen\/wyz-central-billing\/\",\"url\":\"https:\/\/www.wyzgroup.com\/de\/unsere-losungen\/wyz-central-billing\/\",\"name\":\"WYZ Central Billing | WYZ Group, des solutions digitales au c\u0153ur de l\u2019Apr\u00e8s-vente automobile\u200b\",\"isPartOf\":{\"@id\":\"https:\/\/www.wyzgroup.com\/#website\"},\"primaryImageOfPage\":{\"@id\":\"https:\/\/www.wyzgroup.com\/de\/unsere-losungen\/wyz-central-billing\/#primaryimage\"},\"image\":{\"@id\":\"https:\/\/www.wyzgroup.com\/de\/unsere-losungen\/wyz-central-billing\/#primaryimage\"},\"thumbnailUrl\":\"https:\/\/www.wyzgroup.com\/wp-content\/uploads\/2025\/01\/central_billing-300x200.png\",\"datePublished\":\"2025-05-28T13:07:48+00:00\",\"dateModified\":\"2025-06-30T14:13:42+00:00\",\"description\":\"WYZ Central Billing ist ein digitales, zentrales und automatisiertes Abrechnungstool, das auf Technologie und Innovation basiert.\",\"breadcrumb\":{\"@id\":\"https:\/\/www.wyzgroup.com\/de\/unsere-losungen\/wyz-central-billing\/#breadcrumb\"},\"inLanguage\":\"de\",\"potentialAction\":[{\"@type\":\"ReadAction\",\"target\":[\"https:\/\/www.wyzgroup.com\/de\/unsere-losungen\/wyz-central-billing\/\"]}]},{\"@type\":\"ImageObject\",\"inLanguage\":\"de\",\"@id\":\"https:\/\/www.wyzgroup.com\/de\/unsere-losungen\/wyz-central-billing\/#primaryimage\",\"url\":\"https:\/\/www.wyzgroup.com\/wp-content\/uploads\/2025\/01\/central_billing-300x200.png\",\"contentUrl\":\"https:\/\/www.wyzgroup.com\/wp-content\/uploads\/2025\/01\/central_billing-300x200.png\"},{\"@type\":\"BreadcrumbList\",\"@id\":\"https:\/\/www.wyzgroup.com\/de\/unsere-losungen\/wyz-central-billing\/#breadcrumb\",\"itemListElement\":[{\"@type\":\"ListItem\",\"position\":1,\"name\":\"Accueil\",\"item\":\"https:\/\/www.wyzgroup.com\/de\/\"},{\"@type\":\"ListItem\",\"position\":2,\"name\":\"Unsere L\u00f6sungen\",\"item\":\"https:\/\/www.wyzgroup.com\/de\/unsere-losungen\/\"},{\"@type\":\"ListItem\",\"position\":3,\"name\":\"WYZ Central Billing\"}]},{\"@type\":\"WebSite\",\"@id\":\"https:\/\/www.wyzgroup.com\/#website\",\"url\":\"https:\/\/www.wyzgroup.com\/\",\"name\":\"WYZ Group\",\"description\":\"WYZ Group, des solutions digitales au c\u0153ur de l\u2019Apr\u00e8s-vente automobile\u200b\",\"potentialAction\":[{\"@type\":\"SearchAction\",\"target\":{\"@type\":\"EntryPoint\",\"urlTemplate\":\"https:\/\/www.wyzgroup.com\/?s={search_term_string}\"},\"query-input\":{\"@type\":\"PropertyValueSpecification\",\"valueRequired\":true,\"valueName\":\"search_term_string\"}}],\"inLanguage\":\"de\"}]}<\/script>\n<!-- \/ Yoast SEO plugin. -->","yoast_head_json":{"title":"WYZ Central Billing | WYZ Group, des solutions digitales au c\u0153ur de l\u2019Apr\u00e8s-vente automobile\u200b","description":"WYZ Central Billing ist ein digitales, zentrales und automatisiertes Abrechnungstool, das auf Technologie und Innovation basiert.","robots":{"index":"index","follow":"follow","max-snippet":"max-snippet:-1","max-image-preview":"max-image-preview:large","max-video-preview":"max-video-preview:-1"},"canonical":"https:\/\/www.wyzgroup.com\/de\/unsere-losungen\/wyz-central-billing\/","og_locale":"de_DE","og_type":"article","og_title":"WYZ Central Billing | WYZ Group, des solutions digitales au c\u0153ur de l\u2019Apr\u00e8s-vente automobile\u200b","og_description":"WYZ Central Billing ist ein digitales, zentrales und automatisiertes Abrechnungstool, das auf Technologie und Innovation basiert.","og_url":"https:\/\/www.wyzgroup.com\/de\/unsere-losungen\/wyz-central-billing\/","og_site_name":"WYZ Group","article_modified_time":"2025-06-30T14:13:42+00:00","og_image":[{"width":1472,"height":979,"url":"https:\/\/www.wyzgroup.com\/wp-content\/uploads\/2025\/01\/central_billing.png","type":"image\/png"}],"twitter_card":"summary_large_image","twitter_misc":{"Gesch\u00e4tzte Lesezeit":"2\u00a0Minuten"},"schema":{"@context":"https:\/\/schema.org","@graph":[{"@type":"WebPage","@id":"https:\/\/www.wyzgroup.com\/de\/unsere-losungen\/wyz-central-billing\/","url":"https:\/\/www.wyzgroup.com\/de\/unsere-losungen\/wyz-central-billing\/","name":"WYZ Central Billing | WYZ Group, des solutions digitales au c\u0153ur de l\u2019Apr\u00e8s-vente automobile\u200b","isPartOf":{"@id":"https:\/\/www.wyzgroup.com\/#website"},"primaryImageOfPage":{"@id":"https:\/\/www.wyzgroup.com\/de\/unsere-losungen\/wyz-central-billing\/#primaryimage"},"image":{"@id":"https:\/\/www.wyzgroup.com\/de\/unsere-losungen\/wyz-central-billing\/#primaryimage"},"thumbnailUrl":"https:\/\/www.wyzgroup.com\/wp-content\/uploads\/2025\/01\/central_billing-300x200.png","datePublished":"2025-05-28T13:07:48+00:00","dateModified":"2025-06-30T14:13:42+00:00","description":"WYZ Central Billing ist ein digitales, zentrales und automatisiertes Abrechnungstool, das auf Technologie und Innovation basiert.","breadcrumb":{"@id":"https:\/\/www.wyzgroup.com\/de\/unsere-losungen\/wyz-central-billing\/#breadcrumb"},"inLanguage":"de","potentialAction":[{"@type":"ReadAction","target":["https:\/\/www.wyzgroup.com\/de\/unsere-losungen\/wyz-central-billing\/"]}]},{"@type":"ImageObject","inLanguage":"de","@id":"https:\/\/www.wyzgroup.com\/de\/unsere-losungen\/wyz-central-billing\/#primaryimage","url":"https:\/\/www.wyzgroup.com\/wp-content\/uploads\/2025\/01\/central_billing-300x200.png","contentUrl":"https:\/\/www.wyzgroup.com\/wp-content\/uploads\/2025\/01\/central_billing-300x200.png"},{"@type":"BreadcrumbList","@id":"https:\/\/www.wyzgroup.com\/de\/unsere-losungen\/wyz-central-billing\/#breadcrumb","itemListElement":[{"@type":"ListItem","position":1,"name":"Accueil","item":"https:\/\/www.wyzgroup.com\/de\/"},{"@type":"ListItem","position":2,"name":"Unsere L\u00f6sungen","item":"https:\/\/www.wyzgroup.com\/de\/unsere-losungen\/"},{"@type":"ListItem","position":3,"name":"WYZ Central Billing"}]},{"@type":"WebSite","@id":"https:\/\/www.wyzgroup.com\/#website","url":"https:\/\/www.wyzgroup.com\/","name":"WYZ Group","description":"WYZ Group, des solutions digitales au c\u0153ur de l\u2019Apr\u00e8s-vente automobile\u200b","potentialAction":[{"@type":"SearchAction","target":{"@type":"EntryPoint","urlTemplate":"https:\/\/www.wyzgroup.com\/?s={search_term_string}"},"query-input":{"@type":"PropertyValueSpecification","valueRequired":true,"valueName":"search_term_string"}}],"inLanguage":"de"}]}},"_links":{"self":[{"href":"https:\/\/www.wyzgroup.com\/de\/wp-json\/wp\/v2\/pages\/18952","targetHints":{"allow":["GET"]}}],"collection":[{"href":"https:\/\/www.wyzgroup.com\/de\/wp-json\/wp\/v2\/pages"}],"about":[{"href":"https:\/\/www.wyzgroup.com\/de\/wp-json\/wp\/v2\/types\/page"}],"author":[{"embeddable":true,"href":"https:\/\/www.wyzgroup.com\/de\/wp-json\/wp\/v2\/users\/11"}],"replies":[{"embeddable":true,"href":"https:\/\/www.wyzgroup.com\/de\/wp-json\/wp\/v2\/comments?post=18952"}],"version-history":[{"count":6,"href":"https:\/\/www.wyzgroup.com\/de\/wp-json\/wp\/v2\/pages\/18952\/revisions"}],"predecessor-version":[{"id":18962,"href":"https:\/\/www.wyzgroup.com\/de\/wp-json\/wp\/v2\/pages\/18952\/revisions\/18962"}],"up":[{"embeddable":true,"href":"https:\/\/www.wyzgroup.com\/de\/wp-json\/wp\/v2\/pages\/12061"}],"wp:attachment":[{"href":"https:\/\/www.wyzgroup.com\/de\/wp-json\/wp\/v2\/media?parent=18952"}],"curies":[{"name":"wp","href":"https:\/\/api.w.org\/{rel}","templated":true}]}}