{"id":12315,"date":"2022-03-17T16:27:00","date_gmt":"2022-03-17T16:27:00","guid":{"rendered":"https:\/\/www.wyzgroup.com\/datenschutzrichtlinie-und-cookies\/"},"modified":"2023-09-21T07:00:47","modified_gmt":"2023-09-21T07:00:47","slug":"datenschutzrichtlinie-und-cookies","status":"publish","type":"page","link":"https:\/\/www.wyzgroup.com\/de\/datenschutzrichtlinie-und-cookies\/","title":{"rendered":"Datenschutzrichtlinie und Cookies"},"content":{"rendered":"<div class=\"wpb-content-wrapper\"><p>[vc_row][vc_column]<style type=\"text\/css\" data-type=\"the7_shortcodes-inline-css\">.dt-breadcrumbs-id-697ca5cc01585d9cd683b336084dcb8e .breadcrumbs {\n  display: inline-block;\n  margin: 0;\n  padding: 2px 10px 2px 10px;\n  border: 0px solid ;\n  border-radius: 0px;\n}\n.dt-breadcrumbs-id-697ca5cc01585d9cd683b336084dcb8e .breadcrumbs * {\n  font-size: 17px;\n  line-height: 17px;\n  font-weight: bold;\n  color: #a2a5a6;\n}<\/style><div class=\"dt-breadcrumbs-shortcode dt-breadcrumbs-id-697ca5cc01585d9cd683b336084dcb8e align-left\"><div class=\"assistive-text\">Sie befinden sich hier:<\/div><ol class=\"breadcrumbs text-small\" itemscope itemtype=\"https:\/\/schema.org\/BreadcrumbList\"><li itemprop=\"itemListElement\" itemscope itemtype=\"https:\/\/schema.org\/ListItem\"><a itemprop=\"item\" href=\"https:\/\/www.wyzgroup.com\/de\/\" title=\"Start\"><span itemprop=\"name\">Start<\/span><\/a><meta itemprop=\"position\" content=\"1\" \/><\/li><li class=\"current\" itemprop=\"itemListElement\" itemscope itemtype=\"https:\/\/schema.org\/ListItem\"><span itemprop=\"name\">Seite<\/span><meta itemprop=\"position\" content=\"2\" \/><\/li><\/ol><\/div>[vc_empty_space height=&#8220;60px&#8220;][\/vc_column][\/vc_row][vc_row][vc_column][vc_column_text]<strong>WYZ Group ist besorgt um den Schutz personenbezogener Daten. WYZ Group verpflichtet sich, den h\u00f6chsten Schutz f\u00fcr Ihre personenbezogenen Daten gem\u00e4\u00df den europ\u00e4ischen und franz\u00f6sischen Vorschriften sicherzustellen, die auf den Schutz personenbezogener Daten anwendbar sind.<\/strong><\/p>\n<p style=\"font-weight: 400;\">\n<h3>Wer ist f\u00fcr die Verarbeitung meiner personenbezogenen Daten verantwortlich?<\/h3>\n<p style=\"font-weight: 400;\">Der Verantwortliche f\u00fcr die Datenverarbeitung ist die Firma WYZ Group, die festlegt, zu welchem Zweck und wie Ihre personenbezogenen Daten verwendet werden.Die personenbezogenen Daten werden von der Website WYZ Group gesammelt.<\/p>\n<h3>Warum sammelt WYZ meine personenbezogenen Daten?<\/h3>\n<p style=\"font-weight: 400;\">WYZ verwendet Ihre personenbezogenen Daten haupts\u00e4chlich f\u00fcr folgende Zwecke:<\/p>\n<p style=\"font-weight: 400;\">&#8211; <strong>Verwaltung von Anfragen \u00fcber das Kontaktformular<\/strong><\/p>\n<p style=\"font-weight: 400;\">\u00a0 Wir ben\u00f6tigen die Informationen, die Sie betreffen, zur Verwaltung Ihrer Anfragen, Vorschl\u00e4ge und deren Nachverfolgung.<\/p>\n<p style=\"font-weight: 400;\">&#8211; <strong>Verwaltung von Anfragen \u00fcber das &#8222;Join Us&#8220; Formular<\/strong><\/p>\n<p style=\"font-weight: 400;\">\u00a0 Wir ben\u00f6tigen die Informationen, die Sie betreffen, zur Verwaltung Ihrer Anfragen bez\u00fcglich offener Stellen und deren Nachverfolgung.<\/p>\n<p style=\"font-weight: 400;\">&#8211; <strong>Verwaltung von Anfragen \u00fcber das &#8222;Press Area&#8220; Formular<\/strong><\/p>\n<p style=\"font-weight: 400;\">\u00a0 Wir ben\u00f6tigen die Informationen, die Sie betreffen, zur Verwaltung Ihrer Anfragen bez\u00fcglich offener Stellen und deren Nachverfolgung.<\/p>\n<h3>Welche personenbezogenen Daten werden \u00fcber mich gesammelt?<\/h3>\n<p><strong>Welche Daten?<\/strong><\/p>\n<p>Wir sammeln und verarbeiten insbesondere Ihren Namen, Vornamen, Adresse, E-Mail-Adresse, Telefonnummer und Anh\u00e4nge. Die Pflicht- oder Freiwilligkeitskennzeichnung der Daten erfolgt bei der Erfassung durch ein Sternchen. Einige Daten werden automatisch aufgrund Ihrer Handlungen auf der Website erfasst.<\/p>\n<p><strong>Wann?<\/strong><\/p>\n<p style=\"font-weight: 400;\">Wir sammeln Informationen, die Sie uns insbesondere zur Verf\u00fcgung stellen:<\/p>\n<p style=\"font-weight: 400;\">&#8211; Beim Senden des Kontaktformulars von der Website WYZ Group<\/p>\n<p style=\"font-weight: 400;\">&#8211; Beim Senden des &#8222;Join Us&#8220; Formulars von der Website WYZ Group<\/p>\n<p style=\"font-weight: 400;\">&#8211; W\u00e4hrend Ihres Besuchs auf den Seiten der Website WYZ Group<\/p>\n<p><strong>Welche Mitteilungen kann ich erhalten?<\/strong><\/p>\n<p>Informationen und Newsletter<\/p>\n<ul>\n<li style=\"font-weight: 400;\"><strong>E-Mail-Benachrichtigungen<\/strong><\/li>\n<\/ul>\n<p style=\"font-weight: 400;\">Nach einer Anfrage \u00fcber die verschiedenen auf der Website WYZ Group verf\u00fcgbaren Formulare k\u00f6nnen Sie, sofern Sie dem nicht widersprochen haben, Angebote und Informationen per E-Mail von WYZ erhalten.<\/p>\n<ul>\n<li style=\"font-weight: 400;\"><strong>Postweg<\/strong><\/li>\n<\/ul>\n<p style=\"font-weight: 400;\">Sofern Sie dem nicht widersprochen haben, k\u00f6nnen Sie Angebote und Informationen per Post von WYZ erhalten.<\/p>\n<ul>\n<li style=\"font-weight: 400;\"><strong>Telefonischer Kontakt<\/strong><\/li>\n<\/ul>\n<p style=\"font-weight: 400;\">Im Rahmen der Nachverfolgung Ihrer \u00fcber die verschiedenen Formulare auf der Website WYZ Group gestellten Anfragen k\u00f6nnen Sie von unseren Mitarbeitern kontaktiert werden.<\/p>\n<p style=\"font-weight: 400;\">\n<h3>Rechtsgrundlagen der Verarbeitung<\/h3>\n<p>Unter den anwendbaren rechtlichen Grundlagen:<\/p>\n<p style=\"font-weight: 400;\">&#8211; Einwilligung: Sie stimmen der Verarbeitung Ihrer personenbezogenen Daten ausdr\u00fccklich zu (Ankreuzk\u00e4stchen, Formularvalidierung, m\u00fcndlicher Modus&#8230;). Sie k\u00f6nnen diese Einwilligung jederzeit widerrufen.<\/p>\n<p style=\"font-weight: 400;\">&#8211; Berechtigtes Interesse: WYZ Group hat ein berechtigtes wirtschaftliches Interesse an der Verarbeitung Ihrer Daten, das gerechtfertigt, ausgewogen und nicht beeintr\u00e4chtigend f\u00fcr Ihre Privatsph\u00e4re ist. Mit Ausnahme von Ausnahmef\u00e4llen k\u00f6nnen Sie jederzeit der Verarbeitung auf der Grundlage berechtigter Interessen widersprechen, indem Sie eine E-Mail an die Adresse\u00a0<a href=\"mailto:dpo@wyzgroup.com\">dpo@wyzgroup.com<\/a>\u00a0senden.<\/p>\n<p style=\"font-weight: 400;\">&#8211; Gesetz: Die Verarbeitung Ihrer personenbezogenen Daten wird durch Gesetz, europ\u00e4ische und franz\u00f6sische \u00a0Vorschriften vorgeschrieben.<\/p>\n<h3>Wer sind die Empf\u00e4nger meiner Daten?<\/h3>\n<p><strong>Weitergabe von Daten an Auftragsverarbeiter<\/strong><br \/>\nAlle Daten werden von unserem IT-Dienstleister gehostet. Dies erfolgt in \u00dcbereinstimmung mit den europ\u00e4ischen und franz\u00f6sischen Vorschriften zum Schutz personenbezogener Daten.<\/p>\n<h3>Was sind meine Rechte in Bezug auf die Verwendung personenbezogener Daten?<\/h3>\n<p><span lang=\"DE\">Gem\u00e4\u00df den Datenschutzvorschriften haben Sie das Recht auf Zugang, Berichtigung, L\u00f6schung, Widerspruch, Einschr\u00e4nkung und \u00dcbertragbarkeit Ihrer personenbezogenen Daten. Sie k\u00f6nnen diese Rechte per E-Mail an<span class=\"apple-converted-space\">\u00a0<\/span><\/span><a title=\"mailto:dpo@wyzgroup.com\" href=\"mailto:dpo@wyzgroup.com\"><span lang=\"DE\">dpo@wyzgroup.com<\/span><\/a><span class=\"apple-converted-space\"><span lang=\"DE\">\u00a0<\/span><\/span><span lang=\"DE\">oder per Post aus\u00fcben: WYZ Group, WYZ Group &#8211; Site WYZ Group,<span class=\"apple-converted-space\">\u00a0<\/span><u>8, avenue Flandres Dunkerque, 60200 COMPI\u00c8GNE &#8211; FRANKREICH<\/u>.<\/span><\/p>\n<p style=\"font-weight: 400;\">Um eine schnelle Bearbeitung zu erm\u00f6glichen, geben Sie bitte Ihren Namen, Vornamen, E-Mail-Adresse und Adresse an. Einige Anfragen zur Aus\u00fcbung Ihrer Rechte (Zugangsrecht) m\u00fcssen eine Kopie eines Identit\u00e4tsnachweises mit Ihrer Unterschrift beiliegen, um Ihre Identit\u00e4t zu \u00fcberpr\u00fcfen und die Adresse anzugeben, an die die Antwort gesendet werden soll. Eine Antwort wird innerhalb von 2 Monaten nach Erhalt der Anfrage verschickt.<\/p>\n<h3>Aufbewahrungsfristen<\/h3>\n<p>Die meisten Daten werden f\u00fcr einen Zeitraum von 5 Jahren ab Ihrer letzten Aktivit\u00e4t aufbewahrt. Ihre Daten werden archiviert und sind nur eingeschr\u00e4nkt zug\u00e4nglich. Nach Ablauf dieser Frist werden sie gel\u00f6scht.<\/p>\n<p>&nbsp;<\/p>\n<table>\n<tbody>\n<tr>\n<th style=\"text-align: left;\">Zweck der Verarbeitung<\/th>\n<th style=\"text-align: left;\">Speicherdauer in der operativen Datenbank<\/th>\n<th style=\"text-align: left;\">Archivierung<\/th>\n<\/tr>\n<tr>\n<td>Verwaltung von Anfragen \u00fcber das Kontaktformular<\/td>\n<td>5 Jahre ab der letzten Aktivit\u00e4t<\/td>\n<td>N\/A<\/td>\n<\/tr>\n<tr>\n<td>Verwaltung von Anfragen \u00fcber das &#8222;Join Us&#8220; Formular<\/td>\n<td>2 Jahre ab der letzten Aktivit\u00e4t<\/td>\n<td>N\/A<\/td>\n<\/tr>\n<tr>\n<td>Verwaltung von Anfragen \u00fcber das &#8222;Press Area&#8220; Formular<\/td>\n<td>5 Jahre ab der letzten Aktivit\u00e4t<\/td>\n<td>N\/A<\/td>\n<\/tr>\n<tr>\n<td>Versand von E-Mails oder SMS-Nachrichten (elektronische Gesch\u00e4ftsanbahnung) durch Dritte<\/td>\n<td>3 Jahre ab der letzten Aktivit\u00e4t<\/td>\n<td>N\/A<\/td>\n<\/tr>\n<tr>\n<td>Gezielte Werbung \/ Profilbildung<\/td>\n<td>12 Monate ab Setzen von Cookies<\/td>\n<td>N\/A<\/td>\n<\/tr>\n<\/tbody>\n<\/table>\n<p>&nbsp;<\/p>\n<h2>Hyperlinks<\/h2>\n<p>Die Website WYZ GROUP enth\u00e4lt eine Reihe von Hyperlinks zu anderen Websites (Partnern, Informationen &#8230;), die mit Genehmigung des Website-Besitzers eingerichtet wurden. WYZ kann jedoch nicht f\u00fcr den Inhalt der besuchten Drittseiten verantwortlich gemacht werden und lehnt daher jegliche Haftung f\u00fcr m\u00f6gliche rechtswidrige Inhalte ab.<\/p>\n<h2>Cookies<\/h2>\n<h3>Was ist ein Cookie?<\/h3>\n<p style=\"font-weight: 400;\">Ein Cookie ist eine Textdatei, die auf der Festplatte des Endger\u00e4ts (Computer, Tablet, Mobilger\u00e4t) des Benutzers mithilfe seiner Browsersoftware gespeichert wird, wenn er einen Online-Dienst aufruft. Dies bedeutet, dass bei jedem \u00d6ffnen einer Seite auf der Website von einem Computer oder Mobilger\u00e4t aus ein Cookie gesendet wird. Die von WYZ oder von Dritten beim Besuch der Website oder der Anwendungen gespeicherten Cookies identifizieren den Benutzer nicht pers\u00f6nlich, sondern erkennen lediglich das Ger\u00e4t, das der Benutzer verwendet.\u00a0Cookies speichern keine sensiblen pers\u00f6nlichen Daten, sondern liefern lediglich Informationen \u00fcber das Surfverhalten des Benutzers, damit sein Ger\u00e4t sp\u00e4ter erkannt werden kann.<\/p>\n<h3>Es gibt verschiedene Arten von Cookies:<\/h3>\n<p style=\"font-weight: 400;\">&#8211; Sitzungscookies, die verschwinden, sobald der Benutzer den Browser oder die Website verl\u00e4sst.<\/p>\n<p style=\"font-weight: 400;\">&#8211; Dauerhafte Cookies, die bis zum Ablauf ihrer Lebensdauer oder bis der Benutzer sie \u00fcber die Funktionen seines Browsers l\u00f6scht, auf dem Ger\u00e4t verbleiben.<\/p>\n<p style=\"font-weight: 400;\">Cookies verursachen keine Sch\u00e4den am Ger\u00e4t des Benutzers, erleichtern jedoch beispielsweise das Wiederfinden von Pr\u00e4ferenzen, das automatische Ausf\u00fcllen bestimmter Felder und die Anpassung des Inhalts der Dienste des Website-Besitzers und\/oder Betreibers an den Benutzer.<\/p>\n<p style=\"font-weight: 400;\">Der Benutzer allein entscheidet, ob er Cookies auf seinem Ger\u00e4t speichern m\u00f6chte. Dar\u00fcber hinaus kann er die Speicherung von Cookies leicht kontrollieren.<\/p>\n<p style=\"font-weight: 400;\">Die auf der Website vorhandenen Cookies<\/p>\n<p style=\"font-weight: 400;\">Die von WYZ gesetzten Cookies erm\u00f6glichen es, seine Dienste zu verbessern, indem Statistiken und Nutzervolumina (besuchte Abschnitte und Inhalte, Routen usw.) erstellt werden.<\/p>\n<p>&nbsp;<\/p>\n<table width=\"642\">\n<tbody>\n<tr>\n<th style=\"text-align: left;\">Name<\/th>\n<th style=\"text-align: left;\">Beschreibung<\/th>\n<th style=\"text-align: left;\">L\u00f6schen<\/th>\n<th style=\"text-align: left;\">Dauerhaftigkeit<\/th>\n<\/tr>\n<tr>\n<td>SERVERID68970<\/td>\n<td>Erm\u00f6glicht die Verwaltung von Clientzugriffen auf Server<\/td>\n<td>Browser-Tools<\/td>\n<td>Sitzung<\/td>\n<\/tr>\n<tr>\n<td>_icl_current_language<\/td>\n<td>Erm\u00f6glicht die Verwaltung der Benutzersprache auf der Website<\/td>\n<td>Browser-Tools<\/td>\n<td>Sitzung<\/td>\n<\/tr>\n<tr>\n<td>cookie_notice_accepted<\/td>\n<td>Erm\u00f6glicht die Verwaltung des Clientzugriffs auf Cookie-Benachrichtigungen<\/td>\n<td>Browser-Tools<\/td>\n<td>12 Monate<\/td>\n<\/tr>\n<tr>\n<td>_ga<\/td>\n<td>Google Analytics-Typ; Erm\u00f6glicht die Anzeige der Anzahl der Benutzer, die sich auf der Website anmelden, sowie der H\u00e4ufigkeit dieser Anmeldungen<\/td>\n<td>Cookie-Verwaltungstools \/ Browser-Tools<\/td>\n<td>12 Monate<\/td>\n<\/tr>\n<\/tbody>\n<\/table>\n<p>&nbsp;<\/p>\n<h3>Wie kann ich sie verwalten?<\/h3>\n<p>Sie k\u00f6nnen Ihre Wahl bez\u00fcglich der Verwendung von Cookies, die wir anbieten, \u00fcber die Konfiguration Ihrer Browsersoftware zur automatischen oder manuellen Verwaltung des Speicherns oder Blockierens von Cookies zum Ausdruck bringen.<\/p>\n<p>Conform\u00e9ment aux pr\u00e9conisations de la CNIL, tant que la personne n&#8217;a pas donn\u00e9 son consentement, ces traceurs ne peuvent \u00eatre d\u00e9pos\u00e9s ou lus sur son terminal. Cette personne doit \u00eatre inform\u00e9e par l\u2019apparition d\u2019un bandeau :<\/p>\n<p>\u2022 des finalit\u00e9s pr\u00e9cises des cookies utilis\u00e9s ;<\/p>\n<p>\u2022 de la possibilit\u00e9 de s\u2019opposer \u00e0 ces cookies et de changer les param\u00e8tres en cliquant sur le lien \u00ab en savoir plus consulter la page Politique de Protection des Donn\u00e9es et Cookies \u00bb pr\u00e9sent dans le bandeau.<\/p>\n<p>\u2022 du fait que la poursuite de sa navigation vaut accord au d\u00e9p\u00f4t de Cookies sur son terminal. L\u2019enregistrement d\u2019un cookie dans un terminal est subordonn\u00e9 \u00e0 la volont\u00e9 de l\u2019utilisateur du terminal, que celui-ci peut exprimer et modifier \u00e0 tout moment et gratuitement \u00e0 travers les choix qui lui sont offerts par notre site ou son logiciel de navigation. Si vous avez accept\u00e9 l\u2019enregistrement de cookies dans votre navigateur, les cookies int\u00e9gr\u00e9s dans les pages et contenus que vous avez consult\u00e9s pourront \u00eatre stock\u00e9s temporairement dans un espace d\u00e9di\u00e9 de votre terminal. Ils y seront lisibles uniquement par leur \u00e9metteur.<\/p>\n<h3>Die Ablehnung von Cookies<\/h3>\n<p>Wenn Sie die Speicherung von Cookies auf Ihrem Endger\u00e4t ablehnen oder bereits gespeicherte Cookies l\u00f6schen, kann dies zu erheblichen Beeintr\u00e4chtigungen bei bestimmten Funktionen f\u00fchren, die f\u00fcr die Navigation auf unserer Website erforderlich sind:<\/p>\n<p>\u2022 Wenn Sie auf unsere Inhalte oder Dienste zugreifen m\u00f6chten, die eine Identifizierung erfordern.<\/p>\n<p>\u2022 Wenn Sie technische Cookies l\u00f6schen, die f\u00fcr das reibungslose Funktionieren der Navigation auf unserer Website erforderlich sind.<\/p>\n<p>\u2022 Wenn Sie technische Cookies l\u00f6schen, die f\u00fcr die Verwaltung von Cookies erforderlich sind.<\/p>\n<p>In diesem Fall \u00fcbernehmen wir keine Verantwortung f\u00fcr die Folgen einer eingeschr\u00e4nkten Funktionalit\u00e4t unserer Dienste aufgrund der Unf\u00e4higkeit, die erforderlichen Cookies zu speichern oder zu konsultieren.<\/p>\n<p>Die Verwaltung \u00fcber die Website<\/p>\n<p>Bei Ihrem ersten Besuch auf der Website werden Sie aufgefordert, die Verwendung von Cookies zu akzeptieren, bevor Sie Ihre Navigation fortsetzen k\u00f6nnen.<\/p>\n<p>Die Verwaltung \u00fcber Ihren Browser<\/p>\n<p>Die Konfiguration jedes Browsers ist unterschiedlich, wenn es um die Verwaltung von Cookies und Ihren Pr\u00e4ferenzen geht. Informationen dazu finden Sie im Hilfemen\u00fc Ihres Browsers, das Ihnen zeigt, wie Sie Ihre Cookie-Einstellungen anpassen k\u00f6nnen.<\/p>\n<\/div>","protected":false},"excerpt":{"rendered":"<p>[vc_row][vc_column][vc_empty_space height=&#8220;60px&#8220;][\/vc_column][\/vc_row][vc_row][vc_column][vc_column_text]WYZ Group ist besorgt um den Schutz personenbezogener Daten. WYZ Group verpflichtet sich, den h\u00f6chsten Schutz f\u00fcr Ihre personenbezogenen Daten gem\u00e4\u00df den europ\u00e4ischen und franz\u00f6sischen Vorschriften sicherzustellen, die auf den Schutz personenbezogener Daten anwendbar sind. Wer ist f\u00fcr die Verarbeitung meiner personenbezogenen Daten verantwortlich? Der Verantwortliche f\u00fcr die Datenverarbeitung ist die Firma WYZ Group,&hellip;<\/p>\n","protected":false},"author":10,"featured_media":0,"parent":0,"menu_order":23,"comment_status":"closed","ping_status":"closed","template":"","meta":{"rs_blank_template":"","rs_page_bg_color":"","slide_template_v7":"","footnotes":""},"class_list":["post-12315","page","type-page","status-publish","hentry","description-off"],"yoast_head":"<!-- This site is optimized with the Yoast SEO plugin v27.2 - https:\/\/yoast.com\/product\/yoast-seo-wordpress\/ -->\n<title>Datenschutzrichtlinie und Cookies | WYZ Group, des solutions digitales au c\u0153ur de l\u2019Apr\u00e8s-vente automobile\u200b<\/title>\n<meta name=\"description\" content=\"WYZ Group vous propose des outils web innovants incluant l&#039;ensemble des flux de vos partenaires manufacturiers ainsi qu&#039;une solution de d\u00e9pannage.\" \/>\n<meta name=\"robots\" content=\"index, follow, max-snippet:-1, max-image-preview:large, max-video-preview:-1\" \/>\n<link rel=\"canonical\" href=\"https:\/\/www.wyzgroup.com\/de\/datenschutzrichtlinie-und-cookies\/\" \/>\n<meta property=\"og:locale\" content=\"de_DE\" \/>\n<meta property=\"og:type\" content=\"article\" \/>\n<meta property=\"og:title\" content=\"Datenschutzrichtlinie und Cookies | WYZ Group, des solutions digitales au c\u0153ur de l\u2019Apr\u00e8s-vente automobile\u200b\" \/>\n<meta property=\"og:description\" content=\"WYZ Group vous propose des outils web innovants incluant l&#039;ensemble des flux de vos partenaires manufacturiers ainsi qu&#039;une solution de d\u00e9pannage.\" \/>\n<meta property=\"og:url\" content=\"https:\/\/www.wyzgroup.com\/de\/datenschutzrichtlinie-und-cookies\/\" \/>\n<meta property=\"og:site_name\" content=\"WYZ Group\" \/>\n<meta property=\"article:modified_time\" content=\"2023-09-21T07:00:47+00:00\" \/>\n<meta property=\"og:image\" content=\"https:\/\/www.wyzgroup.com\/wp-content\/uploads\/2019\/02\/wyz-group-opengraph.jpg\" \/>\n\t<meta property=\"og:image:width\" content=\"1200\" \/>\n\t<meta property=\"og:image:height\" content=\"630\" \/>\n\t<meta property=\"og:image:type\" content=\"image\/jpeg\" \/>\n<meta name=\"twitter:card\" content=\"summary_large_image\" \/>\n<meta name=\"twitter:label1\" content=\"Gesch\u00e4tzte Lesezeit\" \/>\n\t<meta name=\"twitter:data1\" content=\"8\u00a0Minuten\" \/>\n<script type=\"application\/ld+json\" class=\"yoast-schema-graph\">{\"@context\":\"https:\/\/schema.org\",\"@graph\":[{\"@type\":\"WebPage\",\"@id\":\"https:\/\/www.wyzgroup.com\/de\/datenschutzrichtlinie-und-cookies\/\",\"url\":\"https:\/\/www.wyzgroup.com\/de\/datenschutzrichtlinie-und-cookies\/\",\"name\":\"Datenschutzrichtlinie und Cookies | WYZ Group, des solutions digitales au c\u0153ur de l\u2019Apr\u00e8s-vente automobile\u200b\",\"isPartOf\":{\"@id\":\"https:\/\/www.wyzgroup.com\/#website\"},\"datePublished\":\"2022-03-17T16:27:00+00:00\",\"dateModified\":\"2023-09-21T07:00:47+00:00\",\"description\":\"WYZ Group vous propose des outils web innovants incluant l'ensemble des flux de vos partenaires manufacturiers ainsi qu'une solution de d\u00e9pannage.\",\"breadcrumb\":{\"@id\":\"https:\/\/www.wyzgroup.com\/de\/datenschutzrichtlinie-und-cookies\/#breadcrumb\"},\"inLanguage\":\"de\",\"potentialAction\":[{\"@type\":\"ReadAction\",\"target\":[\"https:\/\/www.wyzgroup.com\/de\/datenschutzrichtlinie-und-cookies\/\"]}]},{\"@type\":\"BreadcrumbList\",\"@id\":\"https:\/\/www.wyzgroup.com\/de\/datenschutzrichtlinie-und-cookies\/#breadcrumb\",\"itemListElement\":[{\"@type\":\"ListItem\",\"position\":1,\"name\":\"Accueil\",\"item\":\"https:\/\/www.wyzgroup.com\/de\/\"},{\"@type\":\"ListItem\",\"position\":2,\"name\":\"Datenschutzrichtlinie und Cookies\"}]},{\"@type\":\"WebSite\",\"@id\":\"https:\/\/www.wyzgroup.com\/#website\",\"url\":\"https:\/\/www.wyzgroup.com\/\",\"name\":\"WYZ Group\",\"description\":\"WYZ Group, des solutions digitales au c\u0153ur de l\u2019Apr\u00e8s-vente automobile\u200b\",\"potentialAction\":[{\"@type\":\"SearchAction\",\"target\":{\"@type\":\"EntryPoint\",\"urlTemplate\":\"https:\/\/www.wyzgroup.com\/?s={search_term_string}\"},\"query-input\":{\"@type\":\"PropertyValueSpecification\",\"valueRequired\":true,\"valueName\":\"search_term_string\"}}],\"inLanguage\":\"de\"}]}<\/script>\n<!-- \/ Yoast SEO plugin. -->","yoast_head_json":{"title":"Datenschutzrichtlinie und Cookies | WYZ Group, des solutions digitales au c\u0153ur de l\u2019Apr\u00e8s-vente automobile\u200b","description":"WYZ Group vous propose des outils web innovants incluant l'ensemble des flux de vos partenaires manufacturiers ainsi qu'une solution de d\u00e9pannage.","robots":{"index":"index","follow":"follow","max-snippet":"max-snippet:-1","max-image-preview":"max-image-preview:large","max-video-preview":"max-video-preview:-1"},"canonical":"https:\/\/www.wyzgroup.com\/de\/datenschutzrichtlinie-und-cookies\/","og_locale":"de_DE","og_type":"article","og_title":"Datenschutzrichtlinie und Cookies | WYZ Group, des solutions digitales au c\u0153ur de l\u2019Apr\u00e8s-vente automobile\u200b","og_description":"WYZ Group vous propose des outils web innovants incluant l'ensemble des flux de vos partenaires manufacturiers ainsi qu'une solution de d\u00e9pannage.","og_url":"https:\/\/www.wyzgroup.com\/de\/datenschutzrichtlinie-und-cookies\/","og_site_name":"WYZ Group","article_modified_time":"2023-09-21T07:00:47+00:00","og_image":[{"width":1200,"height":630,"url":"https:\/\/www.wyzgroup.com\/wp-content\/uploads\/2019\/02\/wyz-group-opengraph.jpg","type":"image\/jpeg"}],"twitter_card":"summary_large_image","twitter_misc":{"Gesch\u00e4tzte Lesezeit":"8\u00a0Minuten"},"schema":{"@context":"https:\/\/schema.org","@graph":[{"@type":"WebPage","@id":"https:\/\/www.wyzgroup.com\/de\/datenschutzrichtlinie-und-cookies\/","url":"https:\/\/www.wyzgroup.com\/de\/datenschutzrichtlinie-und-cookies\/","name":"Datenschutzrichtlinie und Cookies | WYZ Group, des solutions digitales au c\u0153ur de l\u2019Apr\u00e8s-vente automobile\u200b","isPartOf":{"@id":"https:\/\/www.wyzgroup.com\/#website"},"datePublished":"2022-03-17T16:27:00+00:00","dateModified":"2023-09-21T07:00:47+00:00","description":"WYZ Group vous propose des outils web innovants incluant l'ensemble des flux de vos partenaires manufacturiers ainsi qu'une solution de d\u00e9pannage.","breadcrumb":{"@id":"https:\/\/www.wyzgroup.com\/de\/datenschutzrichtlinie-und-cookies\/#breadcrumb"},"inLanguage":"de","potentialAction":[{"@type":"ReadAction","target":["https:\/\/www.wyzgroup.com\/de\/datenschutzrichtlinie-und-cookies\/"]}]},{"@type":"BreadcrumbList","@id":"https:\/\/www.wyzgroup.com\/de\/datenschutzrichtlinie-und-cookies\/#breadcrumb","itemListElement":[{"@type":"ListItem","position":1,"name":"Accueil","item":"https:\/\/www.wyzgroup.com\/de\/"},{"@type":"ListItem","position":2,"name":"Datenschutzrichtlinie und Cookies"}]},{"@type":"WebSite","@id":"https:\/\/www.wyzgroup.com\/#website","url":"https:\/\/www.wyzgroup.com\/","name":"WYZ Group","description":"WYZ Group, des solutions digitales au c\u0153ur de l\u2019Apr\u00e8s-vente automobile\u200b","potentialAction":[{"@type":"SearchAction","target":{"@type":"EntryPoint","urlTemplate":"https:\/\/www.wyzgroup.com\/?s={search_term_string}"},"query-input":{"@type":"PropertyValueSpecification","valueRequired":true,"valueName":"search_term_string"}}],"inLanguage":"de"}]}},"_links":{"self":[{"href":"https:\/\/www.wyzgroup.com\/de\/wp-json\/wp\/v2\/pages\/12315","targetHints":{"allow":["GET"]}}],"collection":[{"href":"https:\/\/www.wyzgroup.com\/de\/wp-json\/wp\/v2\/pages"}],"about":[{"href":"https:\/\/www.wyzgroup.com\/de\/wp-json\/wp\/v2\/types\/page"}],"author":[{"embeddable":true,"href":"https:\/\/www.wyzgroup.com\/de\/wp-json\/wp\/v2\/users\/10"}],"replies":[{"embeddable":true,"href":"https:\/\/www.wyzgroup.com\/de\/wp-json\/wp\/v2\/comments?post=12315"}],"version-history":[{"count":5,"href":"https:\/\/www.wyzgroup.com\/de\/wp-json\/wp\/v2\/pages\/12315\/revisions"}],"predecessor-version":[{"id":16659,"href":"https:\/\/www.wyzgroup.com\/de\/wp-json\/wp\/v2\/pages\/12315\/revisions\/16659"}],"wp:attachment":[{"href":"https:\/\/www.wyzgroup.com\/de\/wp-json\/wp\/v2\/media?parent=12315"}],"curies":[{"name":"wp","href":"https:\/\/api.w.org\/{rel}","templated":true}]}}