{"id":12309,"date":"2022-03-17T16:26:16","date_gmt":"2022-03-17T16:26:16","guid":{"rendered":"https:\/\/www.wyzgroup.com\/rechtliche-hinweise\/"},"modified":"2022-09-26T14:53:20","modified_gmt":"2022-09-26T14:53:20","slug":"rechtliche-hinweise","status":"publish","type":"page","link":"https:\/\/www.wyzgroup.com\/de\/rechtliche-hinweise\/","title":{"rendered":"Rechtliche Hinweise"},"content":{"rendered":"<div class=\"wpb-content-wrapper\"><p>[vc_row][vc_column]<style type=\"text\/css\" data-type=\"the7_shortcodes-inline-css\">.dt-breadcrumbs-id-697ca5cc01585d9cd683b336084dcb8e .breadcrumbs {\n  display: inline-block;\n  margin: 0;\n  padding: 2px 10px 2px 10px;\n  border: 0px solid ;\n  border-radius: 0px;\n}\n.dt-breadcrumbs-id-697ca5cc01585d9cd683b336084dcb8e .breadcrumbs * {\n  font-size: 17px;\n  line-height: 17px;\n  font-weight: bold;\n  color: #a2a5a6;\n}<\/style><div class=\"dt-breadcrumbs-shortcode dt-breadcrumbs-id-697ca5cc01585d9cd683b336084dcb8e align-left\"><div class=\"assistive-text\">Sie befinden sich hier:<\/div><ol class=\"breadcrumbs text-small\" itemscope itemtype=\"https:\/\/schema.org\/BreadcrumbList\"><li itemprop=\"itemListElement\" itemscope itemtype=\"https:\/\/schema.org\/ListItem\"><a itemprop=\"item\" href=\"https:\/\/www.wyzgroup.com\/de\/\" title=\"Start\"><span itemprop=\"name\">Start<\/span><\/a><meta itemprop=\"position\" content=\"1\" \/><\/li><li class=\"current\" itemprop=\"itemListElement\" itemscope itemtype=\"https:\/\/schema.org\/ListItem\"><span itemprop=\"name\">Seite<\/span><meta itemprop=\"position\" content=\"2\" \/><\/li><\/ol><\/div>[vc_empty_space height=&#8220;60px&#8220;][\/vc_column][\/vc_row][vc_row][vc_column][vc_column_text]<\/p>\n<h3>1. Rechtliche Informationen<\/h3>\n<p>Firmenname : WYZ GROUP<br \/>\nAdresse :  176 rue Robert Schuman 60 610 Lacroix \u2013 Saint \u2013 Ouen<br \/>\nT\u00e9l.\u00a0: 03.44.09.11.11<br \/>\nGrundkapital : 225042\u20ac<br \/>\nSIRET : 51075673700027<br \/>\nRCS\u00a0: Compi\u00e8gne 510756737<br \/>\nNum\u00e9ro de TVA intracommunautaire : FR51075673700037<br \/>\nEmail : contact@wyzgroup.com<br \/>\nResponsable de la publication : Pierre Guirard<\/p>\n<h3>2. Description des services fournis<\/h3>\n<p>Le site www.wyzgroup.com (ci-apr\u00e8s denomm\u00e9 WYZ GROUP par la suite) a pour objet de proposer\u00a0les services et produits suivants\u00a0: description des activit\u00e9s et des solutions d\u00e9velopp\u00e9es par l&#8216; entreprise WYZ GROUP et de ses filiales \u00e0 destination de ses clients.<\/p>\n<p>Le propri\u00e9taire du site s\u2019efforce de fournir sur le site WYZ GROUP des informations aussi pr\u00e9cises que possible. Toutefois, il ne pourra \u00eatre tenue responsable des omissions, des inexactitudes et des carences dans la mise \u00e0 jour, qu\u2019elles soient de son fait ou du fait des tiers partenaires qui lui fournissent ces informations.<\/p>\n<p>Toutes les informations propos\u00e9es sur le site WYZ GROUP sont donn\u00e9es \u00e0 titre indicatif, sont non exhaustives, et sont susceptibles d\u2019\u00e9voluer. Elles sont donn\u00e9es sous r\u00e9serve de modifications ayant \u00e9t\u00e9 apport\u00e9es depuis leur mise en ligne.<\/p>\n<h3>3. Propri\u00e9t\u00e9 intellectuelle et contrefa\u00e7ons<\/h3>\n<p>Le propri\u00e9taire du site est propri\u00e9taire des droits de propri\u00e9t\u00e9 intellectuelle ou d\u00e9tient les droits d\u2019usage sur tous les \u00e9l\u00e9ments accessibles sur le site, notamment les textes, images, graphismes, logo, ic\u00f4nes, sons, logiciels\u2026<\/p>\n<p>Toute reproduction, repr\u00e9sentation, modification, publication, adaptation totale ou partielle des \u00e9l\u00e9ments du site, quel que soit le moyen ou le proc\u00e9d\u00e9 utilis\u00e9, est interdite, sauf autorisation \u00e9crite pr\u00e9alable par le propri\u00e9taire du site et les ayants droits.<br \/>\n<span id=\"politique-cookies\"><\/span>Toute exploitation non autoris\u00e9e du site ou de l\u2019un quelconque de ces \u00e9l\u00e9ments qu\u2019il contient sera consid\u00e9r\u00e9e comme constitutive d\u2019une contrefa\u00e7on et poursuivie conform\u00e9ment aux dispositions des articles L.335-2 et suivants du Code de Propri\u00e9t\u00e9 Intellectuelle.<\/p>\n<h3>4. Liens hypertextes et cookies<\/h3>\n<p>Le site WYZ GROUP contient un certain nombre de liens hypertextes vers d\u2019autres sites (partenaires, informations \u2026) mis en place avec l\u2019autorisation du propri\u00e9taire du site. Cependant, WYZ n\u2019a pas la capacit\u00e9 de s\u2019engager sur le contenu des sites tiers ainsi visit\u00e9s et d\u00e9cline donc toute responsabilit\u00e9 de ce fait quant aux risques \u00e9ventuels de contenus illicites.<\/p>\n<h4>4.1 D\u00e9finitions Cookies<\/h4>\n<p>Un cookie est un fichier texte stock\u00e9 sur le disque dur du terminal (ordinateur, tablette, mobile) de l\u2019Utilisateur par le biais de son logiciel de navigation \u00e0 l\u2019occasion de la consultation d\u2019un service en ligne.<\/p>\n<p>Cela signifie qu\u2019un cookie est envoy\u00e9 \u00e0 chaque fois que l\u2019Utilisateur ouvre une page sur le Site \u00e0 partir de son ordinateur ou de son appareil mobile ou tablette. Les cookies enregistr\u00e9s par WYZ ou par des tiers lorsque l\u2019Utilisateur visite le Site ou les Applications ne reconnaissent pas personnellement l\u2019Utilisateur en tant qu\u2019individu, mais reconnaissent seulement l\u2019appareil que l\u2019Utilisateur est en train d\u2019utiliser. Les cookies ne stockent aucune donn\u00e9e personnelle sensible, mais donnent simplement une information sur la navigation de l\u2019Utilisateur de fa\u00e7on \u00e0 ce que son terminal puisse \u00eatre reconnu plus tard.<\/p>\n<p>Il existe diff\u00e9rents types de cookies :<\/p>\n<ul>\n<li>des cookies de session qui disparaissent d\u00e8s que l\u2019utilisateur quitte le navigateur ou le site<\/li>\n<li>des cookies permanents qui demeurent jusqu\u2019\u00e0 expiration de leur dur\u00e9e de vie ou de validit\u00e9, ou jusqu\u2019\u00e0 ce que l\u2019utilisateur les supprime \u00e0 l\u2019aide des fonctionnalit\u00e9s de son navigateur par exemple.<\/li>\n<\/ul>\n<p>Les cookies ne causent aucun dommage \u00e0 l\u2019appareil de l\u2019Utilisateur, mais permettent plus facilement par exemple de retrouver ses pr\u00e9f\u00e9rences, de pr\u00e9-remplir certains champs et d\u2019adapter le contenu des services du propri\u00e9taire et\/ou exploitant du Site.<\/p>\n<p>L\u2019Utilisateur seul choisit s\u2019il souhaite avoir des cookies enregistr\u00e9s sur son appareil, en outre, il peut facilement contr\u00f4ler l\u2019enregistrement des cookies.<\/p>\n<h4>4.2 Les Cookies pr\u00e9sents sur le Site<\/h4>\n<p>Les cookies que WYZ \u00e9met lui permettent d\u2019am\u00e9liorer ses services en \u00e9tablissant des statistiques et volumes de fr\u00e9quentation et d\u2019utilisation (rubriques et contenus visit\u00e9s, parcours\u2026).<\/p>\n<p>Pour en savoir plus, je vous invite \u00e0 consulter notre page \u00ab\u00a0Politique de Protection des Donn\u00e9es et Cookies\u00a0\u00bb<\/p>\n<h4>4.3 Le consentement sur les cookies<\/h4>\n<p>Conform\u00e9ment aux pr\u00e9conisations de la CNIL, tant que la personne n&#8217;a pas donn\u00e9 son consentement, ces traceurs ne peuvent \u00eatre d\u00e9pos\u00e9s ou lus sur son terminal. Cette personne doit \u00eatre inform\u00e9e par l\u2019apparition d\u2019un bandeau :\u2028\u2028\u2022 des finalit\u00e9s pr\u00e9cises des cookies utilis\u00e9s ;<\/p>\n<ul>\n<li>de la possibilit\u00e9 de s\u2019opposer \u00e0 ces cookies et de changer les param\u00e8tres en cliquant sur le lien \u00ab en savoir plus consulter la page Politique de Protection des Donn\u00e9es et Cookies\u00a0\u00bb pr\u00e9sent dans le bandeau.<\/li>\n<li>du fait que la poursuite de sa navigation vaut accord au d\u00e9p\u00f4t de Cookies sur son terminal. L\u2019enregistrement d\u2019un cookie dans un terminal est subordonn\u00e9 \u00e0 la volont\u00e9 de l\u2019utilisateur du terminal, que celui-ci peut exprimer et modifier \u00e0 tout moment et gratuitement \u00e0 travers les choix qui lui sont offerts par notre site ou son logiciel de navigation. Si vous avez accept\u00e9 l\u2019enregistrement de cookies dans votre navigateur, les cookies int\u00e9gr\u00e9s dans les pages et contenus que vous avez consult\u00e9s pourront \u00eatre stock\u00e9s temporairement dans un espace d\u00e9di\u00e9 de votre terminal. Ils y seront lisibles uniquement par leur \u00e9metteur.<\/li>\n<\/ul>\n<h4>4.4 Les choix des Utilisateurs<\/h4>\n<p>L\u2019Utilisateur peut \u00e0 tout moment configurer son logiciel de navigation de mani\u00e8re \u00e0 ce que des cookies soient enregistr\u00e9s dans son terminal (opt-in) ou, au contraire, qu\u2019ils soient rejet\u00e9s (opt-out).<\/p>\n<p>L\u2019Utilisateur peut choisir d\u2019accepter le d\u00e9p\u00f4t de cookies sur son terminal et revenir sur cette d\u00e9cision \u00e0 tout moment en modifiant les param\u00e8tres de son navigateur internet. \u00c0 savoir, un param\u00e9trage absolu emp\u00eachera le bon fonctionnement du Site.<\/p>\n<p>Pour la gestion des cookies, la configuration de chaque navigateur est diff\u00e9rente. En outre si l\u2019Utilisateur utilise diff\u00e9rents terminaux pour acc\u00e9der au Site (smartphone, tablette, ordinateur, etc.), le param\u00e9trage de ses pr\u00e9f\u00e9rences doit \u00eatre effectu\u00e9 sur chacun d\u2019eux.<\/p>\n<p>Certains navigateurs permettent \u00e0 l\u2019Utilisateur de d\u00e9finir des r\u00e8gles pour g\u00e9rer les cookies site par site. Elle est d\u00e9crite dans le menu d\u2019aide du navigateur de l\u2019Utilisateur, qui lui permettra de savoir de quelle mani\u00e8re modifier ses souhaits.<\/p>\n<p>Pour savoir comment proc\u00e9der, l\u2019Utilisateur peut consulter les sites en lien ci-dessous en fonction de son type de navigateur, notamment :<\/p>\n<ul>\n<li><a href=\"https:\/\/support.mozilla.org\/fr\/kb\/activer-desactiver-cookies\">Firefox<\/a><\/li>\n<li><a href=\"https:\/\/support.google.com\/chrome\/answer\/95647?hl=fr\">Chrome<\/a><\/li>\n<li><a href=\"http:\/\/windows.microsoft.com\/fr-FR\/internet-explorer\/delete-manage-cookies#ie=ie-9\">Explorer<\/a><\/li>\n<li><a href=\"http:\/\/support.apple.com\/kb\/PH17191?viewlocale=fr_FR\">Safari<\/a><\/li>\n<\/ul>\n<p>Pour plus d\u2019informations, l\u2019utilisateur peut \u00e9galement consulter le guide de la Cnil disponible \u00e0 l\u2019adresse suivante :\u00a0<a href=\"https:\/\/www.cnil.fr\/fr\/cookies-les-outils-pour-les-maitriser\">https:\/\/www.cnil.fr\/fr\/cookies-les-outils-pour-les-maitriser<\/a><\/p>\n<h3>5. Protection des biens et des personnes &#8211; Gestion des donn\u00e9es personnelles<\/h3>\n<p>Le propri\u00e9taire du site ne collecte des informations personnelles relatives \u00e0 l\u2019utilisateur que pour le besoin de certains services propos\u00e9s par le site WYZ GROUP. L\u2019utilisateur fournit ces informations en toute connaissance de cause, notamment lorsqu\u2019il proc\u00e8de par lui-m\u00eame \u00e0 leur saisie lors d\u2019une prise de contact par formulaire, une demande de devis, une candidature spontan\u00e9e ou une r\u00e9ponse \u00e0 une offre d\u2019emploi. Il est alors pr\u00e9cis\u00e9 \u00e0 l\u2019utilisateur du site WYZ GROUP l\u2019obligation ou non de fournir ces informations.<\/p>\n<p>Conform\u00e9ment aux textes en vigueur applicables, tout utilisateur dispose d\u2019un droit d\u2019acc\u00e8s, de rectification, de suppression et d\u2019opposition aux donn\u00e9es personnelles le concernant. Pour l\u2019exercer, adressez votre demande par email : contact@wyzgroup.com ou en effectuant sa demande \u00e9crite et sign\u00e9e \u00e0 l\u2019adresse suivante\u00a0:  176 rue Robert Schuman 60 610 Lacroix \u2013 Saint \u2013 Ouen accompagn\u00e9e d\u2019une copie du titre d\u2019identit\u00e9 avec signature du titulaire de la pi\u00e8ce, en pr\u00e9cisant l\u2019adresse \u00e0 laquelle la r\u00e9ponse doit \u00eatre envoy\u00e9e.<\/p>\n<p>Aucune information personnelle de l\u2019utilisateur du site WYZ GROUP n\u2019est publi\u00e9e \u00e0 l\u2019insu de l\u2019utilisateur, \u00e9chang\u00e9e, transf\u00e9r\u00e9e, c\u00e9d\u00e9e ou vendue sur un support quelconque \u00e0 des tiers.<\/p>\n<p>Seule l\u2019hypoth\u00e8se du rachat du site WYZ GROUP \u00e0 un nouveau propri\u00e9taire et de ses droits permettrait la transmission des dites informations \u00e0 l\u2019\u00e9ventuel acqu\u00e9reur qui serait \u00e0 son tour tenu de la m\u00eame obligation de conservation et de modification des donn\u00e9es vis \u00e0 vis de l\u2019utilisateur du site WYZ GROUP.<\/p>\n<h3>6. Droit applicable et attribution de juridiction<\/h3>\n<p>Tout litige en relation avec l\u2019utilisation du site WYZ GROUP est soumis au droit fran\u00e7ais. Il est fait attribution exclusive de juridiction aux tribunaux comp\u00e9tents de Compi\u00e8gne.<\/p>\n<p>&nbsp;<\/p>\n<h3>7. Lexique<\/h3>\n<p>Utilisateur : Internaute se connectant et utilisant le site susnomm\u00e9.<br \/>\nInformations personnelles : \u00ab les informations qui permettent, sous quelque forme que ce soit, directement ou non, l&#8217;identification des personnes physiques auxquelles elles s&#8217;appliquent \u00bb (article 4 de la loi n\u00b0 78-17 du 6 janvier 1978).<\/p>\n<p>&nbsp;<\/p>\n<h3>8. Textes de loi applicables<\/h3>\n<p>En France, les donn\u00e9es personnelles sont notamment prot\u00e9g\u00e9es par les codes et textes de loi suivants\u00a0:<\/p>\n<ul>\n<li>Loi n\u00b0 78-17 du 6 janvier 1978, notamment modifi\u00e9e par la loi n\u00b0 2004-801 du 6 ao\u00fbt 2004 relative \u00e0 l&#8217;informatique, aux fichiers et aux libert\u00e9s.<\/li>\n<li>L&#8217;article L. 226-13 du Code p\u00e9nal et la Directive Europ\u00e9enne du 24 octobre 1995<\/li>\n<li>Loi n\u00b0 2004-575 du 21 juin 2004 pour la confiance dans l&#8217;\u00e9conomie num\u00e9rique.<\/li>\n<li>Le R\u00e8glement G\u00e9n\u00e9ral sur la Protection des Donn\u00e9es personnelles (RGPD) du 14 avril 2016 (n\u00b0 2016\/679).<\/li>\n<\/ul>\n<h3>9. Cr\u00e9dits\u00a0:<\/h3>\n<p>Webdesign et r\u00e9alisation technique : <a href=\"https:\/\/www.mentalworks.fr\" target=\"_blank\" rel=\"noopener noreferrer\">MentalWorks<\/a><br \/>\nPhotos\u00a0: WYZ GROUP<br \/>\nContenus\u00a0r\u00e9dactionnels : WYZ GROUP<br \/>\nH\u00e9bergeur : OVH[\/vc_column_text][\/vc_column][\/vc_row]<\/p>\n<\/div>","protected":false},"excerpt":{"rendered":"<p>[vc_row][vc_column][vc_empty_space height=&#8220;60px&#8220;][\/vc_column][\/vc_row][vc_row][vc_column][vc_column_text] 1. Rechtliche Informationen Firmenname : WYZ GROUP Adresse : 176 rue Robert Schuman 60 610 Lacroix \u2013 Saint \u2013 Ouen T\u00e9l.\u00a0: 03.44.09.11.11 Grundkapital : 225042\u20ac SIRET : 51075673700027 RCS\u00a0: Compi\u00e8gne 510756737 Num\u00e9ro de TVA intracommunautaire : FR51075673700037 Email : contact@wyzgroup.com Responsable de la publication : Pierre Guirard 2. Description des services fournis Le&hellip;<\/p>\n","protected":false},"author":10,"featured_media":0,"parent":0,"menu_order":22,"comment_status":"closed","ping_status":"closed","template":"","meta":{"rs_blank_template":"","rs_page_bg_color":"","slide_template_v7":"","footnotes":""},"class_list":["post-12309","page","type-page","status-publish","hentry","description-off"],"yoast_head":"<!-- This site is optimized with the Yoast SEO plugin v27.2 - https:\/\/yoast.com\/product\/yoast-seo-wordpress\/ -->\n<title>Rechtliche Hinweise | WYZ Group, des solutions digitales au c\u0153ur de l\u2019Apr\u00e8s-vente automobile\u200b<\/title>\n<meta name=\"description\" content=\"WYZ Group vous propose des outils web innovants incluant l&#039;ensemble des flux de vos partenaires manufacturiers ainsi qu&#039;une solution de d\u00e9pannage.\" \/>\n<meta name=\"robots\" content=\"index, follow, max-snippet:-1, max-image-preview:large, max-video-preview:-1\" \/>\n<link rel=\"canonical\" href=\"https:\/\/www.wyzgroup.com\/de\/rechtliche-hinweise\/\" \/>\n<meta property=\"og:locale\" content=\"de_DE\" \/>\n<meta property=\"og:type\" content=\"article\" \/>\n<meta property=\"og:title\" content=\"Rechtliche Hinweise | WYZ Group, des solutions digitales au c\u0153ur de l\u2019Apr\u00e8s-vente automobile\u200b\" \/>\n<meta property=\"og:description\" content=\"WYZ Group vous propose des outils web innovants incluant l&#039;ensemble des flux de vos partenaires manufacturiers ainsi qu&#039;une solution de d\u00e9pannage.\" \/>\n<meta property=\"og:url\" content=\"https:\/\/www.wyzgroup.com\/de\/rechtliche-hinweise\/\" \/>\n<meta property=\"og:site_name\" content=\"WYZ Group\" \/>\n<meta property=\"article:modified_time\" content=\"2022-09-26T14:53:20+00:00\" \/>\n<meta property=\"og:image\" content=\"https:\/\/www.wyzgroup.com\/wp-content\/uploads\/2019\/02\/wyz-group-opengraph.jpg\" \/>\n\t<meta property=\"og:image:width\" content=\"1200\" \/>\n\t<meta property=\"og:image:height\" content=\"630\" \/>\n\t<meta property=\"og:image:type\" content=\"image\/jpeg\" \/>\n<meta name=\"twitter:card\" content=\"summary_large_image\" \/>\n<meta name=\"twitter:label1\" content=\"Gesch\u00e4tzte Lesezeit\" \/>\n\t<meta name=\"twitter:data1\" content=\"8\u00a0Minuten\" \/>\n<script type=\"application\/ld+json\" class=\"yoast-schema-graph\">{\"@context\":\"https:\/\/schema.org\",\"@graph\":[{\"@type\":\"WebPage\",\"@id\":\"https:\/\/www.wyzgroup.com\/de\/rechtliche-hinweise\/\",\"url\":\"https:\/\/www.wyzgroup.com\/de\/rechtliche-hinweise\/\",\"name\":\"Rechtliche Hinweise | WYZ Group, des solutions digitales au c\u0153ur de l\u2019Apr\u00e8s-vente automobile\u200b\",\"isPartOf\":{\"@id\":\"https:\/\/www.wyzgroup.com\/#website\"},\"datePublished\":\"2022-03-17T16:26:16+00:00\",\"dateModified\":\"2022-09-26T14:53:20+00:00\",\"description\":\"WYZ Group vous propose des outils web innovants incluant l'ensemble des flux de vos partenaires manufacturiers ainsi qu'une solution de d\u00e9pannage.\",\"breadcrumb\":{\"@id\":\"https:\/\/www.wyzgroup.com\/de\/rechtliche-hinweise\/#breadcrumb\"},\"inLanguage\":\"de\",\"potentialAction\":[{\"@type\":\"ReadAction\",\"target\":[\"https:\/\/www.wyzgroup.com\/de\/rechtliche-hinweise\/\"]}]},{\"@type\":\"BreadcrumbList\",\"@id\":\"https:\/\/www.wyzgroup.com\/de\/rechtliche-hinweise\/#breadcrumb\",\"itemListElement\":[{\"@type\":\"ListItem\",\"position\":1,\"name\":\"Accueil\",\"item\":\"https:\/\/www.wyzgroup.com\/de\/\"},{\"@type\":\"ListItem\",\"position\":2,\"name\":\"Rechtliche Hinweise\"}]},{\"@type\":\"WebSite\",\"@id\":\"https:\/\/www.wyzgroup.com\/#website\",\"url\":\"https:\/\/www.wyzgroup.com\/\",\"name\":\"WYZ Group\",\"description\":\"WYZ Group, des solutions digitales au c\u0153ur de l\u2019Apr\u00e8s-vente automobile\u200b\",\"potentialAction\":[{\"@type\":\"SearchAction\",\"target\":{\"@type\":\"EntryPoint\",\"urlTemplate\":\"https:\/\/www.wyzgroup.com\/?s={search_term_string}\"},\"query-input\":{\"@type\":\"PropertyValueSpecification\",\"valueRequired\":true,\"valueName\":\"search_term_string\"}}],\"inLanguage\":\"de\"}]}<\/script>\n<!-- \/ Yoast SEO plugin. -->","yoast_head_json":{"title":"Rechtliche Hinweise | WYZ Group, des solutions digitales au c\u0153ur de l\u2019Apr\u00e8s-vente automobile\u200b","description":"WYZ Group vous propose des outils web innovants incluant l'ensemble des flux de vos partenaires manufacturiers ainsi qu'une solution de d\u00e9pannage.","robots":{"index":"index","follow":"follow","max-snippet":"max-snippet:-1","max-image-preview":"max-image-preview:large","max-video-preview":"max-video-preview:-1"},"canonical":"https:\/\/www.wyzgroup.com\/de\/rechtliche-hinweise\/","og_locale":"de_DE","og_type":"article","og_title":"Rechtliche Hinweise | WYZ Group, des solutions digitales au c\u0153ur de l\u2019Apr\u00e8s-vente automobile\u200b","og_description":"WYZ Group vous propose des outils web innovants incluant l'ensemble des flux de vos partenaires manufacturiers ainsi qu'une solution de d\u00e9pannage.","og_url":"https:\/\/www.wyzgroup.com\/de\/rechtliche-hinweise\/","og_site_name":"WYZ Group","article_modified_time":"2022-09-26T14:53:20+00:00","og_image":[{"width":1200,"height":630,"url":"https:\/\/www.wyzgroup.com\/wp-content\/uploads\/2019\/02\/wyz-group-opengraph.jpg","type":"image\/jpeg"}],"twitter_card":"summary_large_image","twitter_misc":{"Gesch\u00e4tzte Lesezeit":"8\u00a0Minuten"},"schema":{"@context":"https:\/\/schema.org","@graph":[{"@type":"WebPage","@id":"https:\/\/www.wyzgroup.com\/de\/rechtliche-hinweise\/","url":"https:\/\/www.wyzgroup.com\/de\/rechtliche-hinweise\/","name":"Rechtliche Hinweise | WYZ Group, des solutions digitales au c\u0153ur de l\u2019Apr\u00e8s-vente automobile\u200b","isPartOf":{"@id":"https:\/\/www.wyzgroup.com\/#website"},"datePublished":"2022-03-17T16:26:16+00:00","dateModified":"2022-09-26T14:53:20+00:00","description":"WYZ Group vous propose des outils web innovants incluant l'ensemble des flux de vos partenaires manufacturiers ainsi qu'une solution de d\u00e9pannage.","breadcrumb":{"@id":"https:\/\/www.wyzgroup.com\/de\/rechtliche-hinweise\/#breadcrumb"},"inLanguage":"de","potentialAction":[{"@type":"ReadAction","target":["https:\/\/www.wyzgroup.com\/de\/rechtliche-hinweise\/"]}]},{"@type":"BreadcrumbList","@id":"https:\/\/www.wyzgroup.com\/de\/rechtliche-hinweise\/#breadcrumb","itemListElement":[{"@type":"ListItem","position":1,"name":"Accueil","item":"https:\/\/www.wyzgroup.com\/de\/"},{"@type":"ListItem","position":2,"name":"Rechtliche Hinweise"}]},{"@type":"WebSite","@id":"https:\/\/www.wyzgroup.com\/#website","url":"https:\/\/www.wyzgroup.com\/","name":"WYZ Group","description":"WYZ Group, des solutions digitales au c\u0153ur de l\u2019Apr\u00e8s-vente automobile\u200b","potentialAction":[{"@type":"SearchAction","target":{"@type":"EntryPoint","urlTemplate":"https:\/\/www.wyzgroup.com\/?s={search_term_string}"},"query-input":{"@type":"PropertyValueSpecification","valueRequired":true,"valueName":"search_term_string"}}],"inLanguage":"de"}]}},"_links":{"self":[{"href":"https:\/\/www.wyzgroup.com\/de\/wp-json\/wp\/v2\/pages\/12309","targetHints":{"allow":["GET"]}}],"collection":[{"href":"https:\/\/www.wyzgroup.com\/de\/wp-json\/wp\/v2\/pages"}],"about":[{"href":"https:\/\/www.wyzgroup.com\/de\/wp-json\/wp\/v2\/types\/page"}],"author":[{"embeddable":true,"href":"https:\/\/www.wyzgroup.com\/de\/wp-json\/wp\/v2\/users\/10"}],"replies":[{"embeddable":true,"href":"https:\/\/www.wyzgroup.com\/de\/wp-json\/wp\/v2\/comments?post=12309"}],"version-history":[{"count":6,"href":"https:\/\/www.wyzgroup.com\/de\/wp-json\/wp\/v2\/pages\/12309\/revisions"}],"predecessor-version":[{"id":15158,"href":"https:\/\/www.wyzgroup.com\/de\/wp-json\/wp\/v2\/pages\/12309\/revisions\/15158"}],"wp:attachment":[{"href":"https:\/\/www.wyzgroup.com\/de\/wp-json\/wp\/v2\/media?parent=12309"}],"curies":[{"name":"wp","href":"https:\/\/api.w.org\/{rel}","templated":true}]}}