{"id":12230,"date":"2022-03-17T13:28:42","date_gmt":"2022-03-17T13:28:42","guid":{"rendered":"https:\/\/www.wyzgroup.com\/unsere-challenges\/sport\/"},"modified":"2025-08-06T09:41:36","modified_gmt":"2025-08-06T09:41:36","slug":"sport","status":"publish","type":"page","link":"https:\/\/www.wyzgroup.com\/de\/unsere-challenges\/sport\/","title":{"rendered":"Sport"},"content":{"rendered":"<div class=\"wpb-content-wrapper\"><p>[vc_row][vc_column]<style type=\"text\/css\" data-type=\"the7_shortcodes-inline-css\">.dt-breadcrumbs-id-697ca5cc01585d9cd683b336084dcb8e .breadcrumbs {\n  display: inline-block;\n  margin: 0;\n  padding: 2px 10px 2px 10px;\n  border: 0px solid ;\n  border-radius: 0px;\n}\n.dt-breadcrumbs-id-697ca5cc01585d9cd683b336084dcb8e .breadcrumbs * {\n  font-size: 17px;\n  line-height: 17px;\n  font-weight: bold;\n  color: #a2a5a6;\n}<\/style><div class=\"dt-breadcrumbs-shortcode dt-breadcrumbs-id-697ca5cc01585d9cd683b336084dcb8e align-left\"><div class=\"assistive-text\">Sie befinden sich hier:<\/div><ol class=\"breadcrumbs text-small\" itemscope itemtype=\"https:\/\/schema.org\/BreadcrumbList\"><li itemprop=\"itemListElement\" itemscope itemtype=\"https:\/\/schema.org\/ListItem\"><a itemprop=\"item\" href=\"https:\/\/www.wyzgroup.com\/de\/\" title=\"Start\"><span itemprop=\"name\">Start<\/span><\/a><meta itemprop=\"position\" content=\"1\" \/><\/li><li class=\"current\" itemprop=\"itemListElement\" itemscope itemtype=\"https:\/\/schema.org\/ListItem\"><span itemprop=\"name\">Seite<\/span><meta itemprop=\"position\" content=\"2\" \/><\/li><\/ol><\/div>[vc_empty_space height=&#8220;60px&#8220;][\/vc_column][\/vc_row][vc_row gap=&#8220;30&#8243; content_placement=&#8220;top&#8220;][vc_column css_animation=&#8220;fadeInLeft&#8220; width=&#8220;1\/2&#8243;][vc_custom_heading text=&#8220;WYZ Tri Challenge 2025: wo ALLES BEGANN !&#8220; use_theme_fonts=&#8220;yes&#8220; css_animation=&#8220;fadeInLeft&#8220; css=&#8220;&#8220;][vc_column_text css_animation=&#8220;fadeInLeft&#8220; css=&#8220;&#8220; el_class=&#8220;texteGroupe&#8220;]Nach einer Tour durch Europa kehrt die WYZ Tri Challenge 2025 zu ihren Wurzeln zur\u00fcck! Denn dieses Jahr findet die Challenge in Compi\u00e8gne statt, der Heimatstadt der WYZ Group. Es ist f\u00fcr jeden Geschmack etwas dabei: Schwimmen, Laufen, Radfahren oder Wandern \u2013 aus diesen Sportarten konnten die freiwilligen WYZer w\u00e4hlen. Sie werden ihre Leistung in Teams und in Staffeln mit einem Vertreter pro Sportart erbringen.<\/p>\n<p>Diese neue Challenge ist eine hervorragende Gelegenheit, unsere deutschen und franz\u00f6sischen Teams sowie unsere freiwilligen Partner und Kunden wieder zusammenzubringen.<\/p>\n<p>In diesem Jahr liegt der Schwerpunkt auf Ausdauer, Zusammenhalt und Training. Die Challenge findet am 27. September 2025 im Wald von Compi\u00e8gne statt, mit einem Basislager im Dorf Vieux-Moulin, ganz in der N\u00e4he von Compi\u00e8gne.[\/vc_column_text][\/vc_column][vc_column css_animation=&#8220;fadeIn&#8220; width=&#8220;1\/2&#8243;][vc_single_image image=&#8220;19411&#8243; img_size=&#8220;full&#8220; alignment=&#8220;center&#8220; css_animation=&#8220;fadeIn&#8220; css=&#8220;.vc_custom_1754473262773{padding-top: 10px !important;}&#8220; image_hovers=&#8220;false&#8220;][vc_column_text css_animation=&#8220;fadeInLeft&#8220; css=&#8220;&#8220; el_class=&#8220;texteGroupe&#8220;][\/vc_column_text][\/vc_column][\/vc_row][vc_row gap=&#8220;30&#8243; content_placement=&#8220;top&#8220;][vc_column css_animation=&#8220;fadeInLeft&#8220; width=&#8220;1\/2&#8243;][vc_single_image image=&#8220;17548&#8243; img_size=&#8220;full&#8220; alignment=&#8220;center&#8220; css_animation=&#8220;fadeIn&#8220; css=&#8220;.vc_custom_1721226460504{padding-top: 10px !important;}&#8220; image_hovers=&#8220;false&#8220;][\/vc_column][vc_column css_animation=&#8220;fadeIn&#8220; width=&#8220;1\/2&#8243;][vc_custom_heading text=&#8220;WYZ Tri Challenge 2024: Sich einer solidarischen Herausforderung von Mannheim nach Compi\u00e8gne stellen&#8220; use_theme_fonts=&#8220;yes&#8220; css_animation=&#8220;fadeInLeft&#8220; css=&#8220;&#8220;][vc_column_text css_animation=&#8220;fadeInLeft&#8220; css=&#8220;&#8220; el_class=&#8220;texteGroupe&#8220;]Im Jahr 2024 wird die WYZ Tri Challenge das pers\u00f6nliche Vergn\u00fcgen und das b\u00fcrgerliche Engagement von Mannheim (Sitz von WYZ Deutschland) bis Compi\u00e8gne vereinen. Wir haben uns entschieden, w\u00e4hrend unserer gesamten Triathlon-Wettk\u00e4mpfe die Vereinigung der Super-Helden mit Gro\u00dfen Herzen zu unterst\u00fctzen. Diese setzt sich zugunsten von hospitalisierten, kranken oder behinderten Kindern ein, um ihnen Momente des Gl\u00fccks und der Tr\u00e4ume zu bieten. Gegr\u00fcndet von ehemaligen Polizisten des Raid und des GIPN sowie von Pflegekr\u00e4ften, existiert sie seit 2022 und organisiert Begegnungen mit den Lieblingshelden der Kinder, die beeindruckende Darbietungen bieten.<\/p>\n<p>Auf dem Programm dieses Staffel- und Teamwettbewerbs stehen Schwimmen, Wandern, Laufen und Mountainbiking, und zwar jeden Tag vom 8. bis 15. September 2024 mit durchschnittlich 150 km pro Tag.[\/vc_column_text][vc_column_text css_animation=&#8220;fadeInLeft&#8220; css=&#8220;&#8220; el_class=&#8220;texteGroupe&#8220;][\/vc_column_text][\/vc_column][\/vc_row][vc_row gap=&#8220;30&#8243; content_placement=&#8220;top&#8220;][vc_column css_animation=&#8220;fadeInLeft&#8220; width=&#8220;1\/2&#8243;][vc_custom_heading text=&#8220;Im Jahr 2023 nehmen die WYZers an drei XL-Triathlons in Spanien teil.&#8220; use_theme_fonts=&#8220;yes&#8220; css_animation=&#8220;fadeInLeft&#8220; css=&#8220;&#8220;][vc_column_text css_animation=&#8220;fadeInLeft&#8220; css=&#8220;&#8220; el_class=&#8220;texteGroupe&#8220;]Sie werden vom 14. bis 16. September 2023 in Spanien 3,8 km schwimmen, 120 km Mountainbike fahren und 42 km laufen.<\/p>\n<p>\u201eIm Laufe der Jahre hat unsere sportliche Herausforderung immer mehr Mitarbeiter, ob Sportler oder Nicht-Sportler, zusammengebracht. In diesem Jahr haben sich fast 70 % des WYZ-Teams f\u00fcr die Sportwettk\u00e4mpfe angemeldet, und diese Begeisterung ist eine echte Genugtuung!\u201c, erkl\u00e4rt Pierre Guirard, CEO und Mitbegr\u00fcnder der WYZ Group<\/p>\n<p>F\u00fcr die n\u00e4chste WYZ Tri Challenge zeichnet sich eine Rekordbeteiligung ab. Die Teams trainieren mehrmals pro Woche in ihrer Freizeit mit dem Ziel, sich in einer gemeinsamen Herausforderung selbst zu \u00fcbertreffen.<\/p>\n<p>Eine Reise, die man w\u00e4hrend dieser 5 Tage voller Abenteuer hautnah mit den WYZERS mitverfolgen kann.[\/vc_column_text][\/vc_column][vc_column css_animation=&#8220;fadeIn&#8220; width=&#8220;1\/2&#8243;][vc_single_image image=&#8220;19397&#8243; img_size=&#8220;full&#8220; alignment=&#8220;center&#8220; css_animation=&#8220;fadeIn&#8220; css=&#8220;.vc_custom_1754473090307{padding-top: 10px !important;}&#8220; image_hovers=&#8220;false&#8220;][vc_column_text css_animation=&#8220;fadeInLeft&#8220; css=&#8220;&#8220; el_class=&#8220;texteGroupe&#8220;][\/vc_column_text][\/vc_column][\/vc_row][vc_row gap=&#8220;30&#8243; content_placement=&#8220;top&#8220;][vc_column css_animation=&#8220;fadeIn&#8220; width=&#8220;1\/2&#8243;][vc_single_image image=&#8220;16352&#8243; img_size=&#8220;full&#8220; alignment=&#8220;center&#8220; css_animation=&#8220;fadeIn&#8220; image_hovers=&#8220;false&#8220;][\/vc_column][vc_column css_animation=&#8220;fadeInLeft&#8220; width=&#8220;1\/2&#8243;][vc_custom_heading text=&#8220;2022, die WYZ Tri Challenge&#8220; use_theme_fonts=&#8220;yes&#8220; css_animation=&#8220;fadeInRight&#8220;][vc_column_text css_animation=&#8220;fadeInRight&#8220; el_class=&#8220;texteGroupe&#8220;]Das WYZ Team setzte im Jahr 2022 erfolgreich seine Sammlung sportlicher H\u00f6chstleistungen fort.<\/p>\n<p>Mit Begeisterung nahm es an einem Team-Triathlon teil, der an drei verschiedenen, emblematischen Sportorten stattfand.<\/p>\n<p>Sie legten dabei zur\u00fcck:<\/p>\n<ul>\n<li>Schwimmen im Gardasee im Staffelwettbewerb mit 3 Personen an 2 Tagen<\/li>\n<li>Radfahren in Belgien auf der Strecke Li\u00e8ge-Bastogne-Li\u00e8ge<\/li>\n<li>Laufen\/Wandern auf den Wegen der Loire-Schl\u00f6sser<\/li>\n<\/ul>\n<p>In diesen Wettbewerben nahmen insgesamt 40 Mitglieder des WYZ Teams teil![\/vc_column_text][\/vc_column][\/vc_row][vc_row gap=&#8220;30&#8243; content_placement=&#8220;top&#8220;][vc_column css_animation=&#8220;fadeInLeft&#8220; width=&#8220;1\/2&#8243;][vc_custom_heading text=&#8220;2021, neue WYZ-Challenge: Die WYZ Bike Challenge #HRChallenge2021!&#8220; use_theme_fonts=&#8220;yes&#8220; css_animation=&#8220;fadeInLeft&#8220;][vc_column_text css_animation=&#8220;fadeInLeft&#8220; el_class=&#8220;texteGroupe&#8220;]Eine neue Herausforderung, die das WYZ-Team mit Bravour gemeistert hat!<\/p>\n<p>Dieses Jahr startete die Route unseres Abenteuers in Spanien.<\/p>\n<p>Das Ziel dieser Challenge? Von Barcelona bis nach Compi\u00e8gne in 14 Etappen. Die H\u00e4lfte der Belegschaft von WYZ hat sich mobilisiert, nicht weniger als 22 Personen nahmen an dieser bedeutenden Challenge teil! Zwei Wochen lang wechselten sich die Teams ab, um die 1700 Kilometer lange Strecke zu bew\u00e4ltigen.<\/p>\n<p><strong>Am Samstag, dem 11. September, wurde in Barcelona der Startschuss gegeben<\/strong>. Zwei Wochen sp\u00e4ter, am Freitag, den 24. September, feierten wir mit dem gesamten WYZ-Team die Ankunft unserer Radprofis in Compi\u00e8gne. Das wie jedes Jahr von unserem renommierten Coach S\u00e9bastien DESMETTRE (Spitzentriathlet) geleitete Training hat es dem Team erm\u00f6glicht, diese gemeinsame Herausforderung zu meistern!<\/p>\n<p>Die Mitarbeiter des im B\u00fcro verbliebenen WYZ-Teams, die die Fortf\u00fchrung unserer Gesch\u00e4fte gew\u00e4hrleisteten und sich um unsere Kunden k\u00fcmmerten, schlossen sich ebenfalls der Challenge an: sie unterst\u00fctzen die Kollegen, indem sie auf einem im B\u00fcro aufgestellten Hometrainer in die Pedale traten. Das Ziel war es, diese HR-Challenge 2021 wirklich gemeinsam zu meistern, im B\u00fcro und auf den Stra\u00dfen!<\/p>\n<p><strong> Das Ziel war es, diese HR-Challenge 2021 wirklich gemeinsam zu meistern, im B\u00fcro und auf den Stra\u00dfen!<\/strong><\/p>\n<p>[\/vc_column_text][\/vc_column][vc_column css_animation=&#8220;fadeIn&#8220; width=&#8220;1\/2&#8243;][vc_single_image image=&#8220;12250&#8243; img_size=&#8220;full&#8220; alignment=&#8220;center&#8220; css_animation=&#8220;fadeIn&#8220; css=&#8220;.vc_custom_1635517826398{padding-top: 10px !important;}&#8220; image_hovers=&#8220;false&#8220;][vc_column_text css_animation=&#8220;fadeInLeft&#8220; el_class=&#8220;texteGroupe&#8220;]<\/p>\n<h5><a href=\"https:\/\/www.wyzgroup.com\/de\/actualite\/courrier-picard-jusquau-bout-du-defi-entre-barcelone-et-compiegne\/\" target=\"_blank\" rel=\"noopener\">Hier finden Sie den Artikel des Courrier Picard \u00fcber unsere unglaubliche Challenge!<\/a><\/h5>\n<h5><a href=\"https:\/\/www.wyz-team.com\/2021\/09\/25\/decouvrez-le-reportage-de-notre-wbc2021-sur-france3-picardie-et-telematin\/\" target=\"_blank\" rel=\"noopener\">Hier finden Sie die beiden Videoreportagen von France3 Picardie und T\u00e9l\u00e9matin.<\/a><\/h5>\n<p>[\/vc_column_text][\/vc_column][\/vc_row][vc_row gap=&#8220;30&#8243; content_placement=&#8220;top&#8220;][vc_column css_animation=&#8220;fadeIn&#8220; width=&#8220;1\/2&#8243;][vc_single_image image=&#8220;4882&#8243; img_size=&#8220;full&#8220; alignment=&#8220;center&#8220; css_animation=&#8220;fadeIn&#8220; image_hovers=&#8220;false&#8220;][\/vc_column][vc_column css_animation=&#8220;fadeInLeft&#8220; width=&#8220;1\/2&#8243;][vc_custom_heading text=&#8220;2019, die WYZ Bike Challenge&#8220; use_theme_fonts=&#8220;yes&#8220; css_animation=&#8220;fadeInRight&#8220;][vc_column_text css_animation=&#8220;fadeInRight&#8220; el_class=&#8220;texteGroupe&#8220;]Unser Ziel war es, Frankreich in 14 Etappen mit dem Mountainbike zu durchqueren. Die Fahrer von WYZ schafften die gro\u00dfartige Leistung, die insgesamt fast 1.650 Kilometer von Lille bis Nizza zur\u00fcckzulegen!<\/p>\n<p>Nach 10 Monaten und mit zwei Trainingseinheiten pro Woche konnte jeder Teilnehmer mehrere Staffeletappen mit einer durchschnittlichen Etappenl\u00e4nge von 120 Kilometern absolvieren! Im Laufe seiner Reise bekam das Team au\u00dferdem die Gelegenheit, lokale Spezialit\u00e4ten zu kosten und atemberaubende Landschaften zu bewundern.<\/p>\n<p>Gleichzeitig hatten Kunden, Zulieferer und Partner die M\u00f6glichkeit, uns bei bestimmten Etappen zu begleiten &#8211; nat\u00fcrlich unter \u00e4rztlicher Aufsicht!<\/p>\n<p>F\u00fcr eine optimale Vorbereitung auf diese Challenge begannen alle Mitglieder der WYZ Group, die sich f\u00fcr die Teilnahme entschieden hatten (50 % der Mitarbeiter), ein zehnmonatiges Training mit zwei Trainingseinheiten pro Woche (ein Gruppen- und ein Einzeltraining).<\/p>\n<p>Besuchen Sie die Seite &#8222;Aktuelles\u201c, um die Artikel zu lesen, die \u00fcber unser Abenteuer berichten!<\/p>\n<p>Sie finden dort zudem zwei Reportagen von France 2 und France 3.<\/p>\n<p><a href=\"https:\/\/www.wyzgroup.com\/de\/aktuelles\/\" target=\"_blank\" rel=\"noopener\"><br \/>\nDie Artikel im Detail<\/a>[\/vc_column_text][\/vc_column][\/vc_row][vc_row gap=&#8220;30&#8243; content_placement=&#8220;top&#8220; css_animation=&#8220;none&#8220;][vc_column css_animation=&#8220;fadeIn&#8220; width=&#8220;1\/2&#8243;][vc_column_text css_animation=&#8220;fadeInLeft&#8220; el_class=&#8220;texteGroupe&#8220;]WYZ konnte f\u00fcr die Betreuung dieser Challenge einmal mehr auf die Unterst\u00fctzung renommierter Coaches z\u00e4hlen:<\/p>\n<ul>\n<li>Unser Trainer, S\u00e9bastien DESMETTRE, ehemaliger Spitzentriathlet<\/li>\n<li>Unser Guide, St\u00e9phane LECAT, Initiator des Projekts<\/li>\n<li>Unser ber\u00fchmter\u00a0Schirmherr, Florian ROUSSEAU, dreifacher Olympiasieger und zehnfacher Weltmeister im Bahnradfahren<\/li>\n<li>Unser Arzt, Laurent BOIDIN<\/li>\n<\/ul>\n<p>[\/vc_column_text][\/vc_column][vc_column css_animation=&#8220;fadeIn&#8220; width=&#8220;1\/2&#8243;][vc_single_image image=&#8220;12265&#8243; img_size=&#8220;full&#8220; alignment=&#8220;center&#8220; css_animation=&#8220;fadeIn&#8220; image_hovers=&#8220;false&#8220;][\/vc_column][\/vc_row][vc_row gap=&#8220;30&#8243; content_placement=&#8220;top&#8220;][vc_column css_animation=&#8220;fadeIn&#8220; width=&#8220;1\/2&#8243;][vc_single_image image=&#8220;12262&#8243; img_size=&#8220;full&#8220; alignment=&#8220;center&#8220; css_animation=&#8220;fadeIn&#8220; image_hovers=&#8220;false&#8220;][\/vc_column][vc_column css_animation=&#8220;fadeInLeft&#8220; width=&#8220;1\/2&#8243;][vc_custom_heading text=&#8220;2018, die WYZ Swim Challenge&#8220; use_theme_fonts=&#8220;yes&#8220; css_animation=&#8220;fadeInRight&#8220;][vc_column_text css_animation=&#8220;fadeInRight&#8220; el_class=&#8220;texteGroupe&#8220;]<strong>Im September 2018 absolvierte das WYZ-Team seine erste Challenge, die \u201eWYZ Swim Challenge\u201c. Das Ziel dieser ersten Disziplin des Triathlons \u201emade by WYZ\u201c war es, die 15 km von Quiberon nach Belle-\u00cele-en-Mer schwimmend zur\u00fcckzulegen, das entspricht einer Schwimmzeit von 6 Stunden und 15 Minuten.<\/strong><\/p>\n<p>Die 17 Mitarbeiter, die an dieser Challenge teilnahmen, wurden in drei Teams aufgeteilt und erhielten Unterst\u00fctzung von zwei erstklassigen Kapit\u00e4nen: den beiden Champions im Freiwasserschwimmen, Aur\u00e9lie Muller und Marc-Antoine Olivier.<\/p>\n<p>Diese herausfordernde\u00a0Aufgabe w\u00e4re ohne das Cochaing zweier herausragender Trainer nicht zu bew\u00e4ltigen gewesen: <strong>St\u00e9phane Lecat,<\/strong> Development Director und Manager f\u00fcr die franz\u00f6sischen Freiwasserschwimm-Teams und der ehemalige Spitzentriathlet <strong>S\u00e9bastien Desmettre<\/strong>, dessen Talent als Trainer seinem Talent als Schwimmer in nichts nachsteht.<\/p>\n<p><em>&#8222;Ich habe schon ehrgeizige junge Menschen trainiert, die einen starken Siegeswillen hatten, und diese Einstellung habe ich auch bei der WYZ Group wiedergefunden.\u201c<\/em> S\u00e9bastien Desmettre[\/vc_column_text][\/vc_column][\/vc_row][vc_row gap=&#8220;30&#8243; content_placement=&#8220;top&#8220;][vc_column css_animation=&#8220;fadeIn&#8220; width=&#8220;1\/2&#8243;][vc_column_text css_animation=&#8220;fadeInLeft&#8220; el_class=&#8220;texteGroupe&#8220;]Der Schirmherr unserer Challenge war Philippe Croizon, eine gro\u00dfe Pers\u00f6nlichkeit in der Welt des Behindertensports. Er ist unserer Einladung gefolgt, um von seinen fr\u00fcheren Erfolgen zu berichten und unser Team bei diesem sch\u00f6nen Abenteuer zu beraten und zu unterst\u00fctzen.<\/p>\n<p>Der ehemalige Handwerker Philippe Croizon wurde fast wie aus Trotz zum Leichtathleten, nachdem er bei einem schweren Unfall seine Beine und Arme verlor. Trotz seiner Behinderung erzielt er zahlreiche sportliche Erfolge: er durchschwimmt im September 2010 den \u00c4rmelkanal und erreicht im August 2012 sein Ziel, die f\u00fcnf Kontinente in 100 Tagen schwimmend zu verbinden. Zudem nimmt er 2017 an der Rallye Dakar teil.<\/p>\n<p>Er bekommt h\u00e4ufig Anfragen f\u00fcr Vortr\u00e4ge \u00fcber seine Behinderung und seine Leistungen, schreibt als Kolumnist f\u00fcr verschiedenen Medien und ist au\u00dferdem als Referent f\u00fcr Unternehmen t\u00e4tig. Er ist bereits bei den gro\u00dfen allj\u00e4hrlichen Abendveranstaltungen von WYZ aufgetreten und wir alle erinnern uns an diese unglaubliche Mischung aus Energie und Emotionen, die er mitbrachte, immer gepaart mit einer au\u00dfergew\u00f6hnlichen Gro\u00dfherzigkeit.<\/p>\n<p>Sein Mut, seine Entschlossenheit und sein Humor sind ein unvergleichliches Vorbild f\u00fcr die Motivation des WYZ-Teams.[\/vc_column_text][\/vc_column][vc_column css_animation=&#8220;fadeIn&#8220; width=&#8220;1\/2&#8243;][vc_single_image image=&#8220;12266&#8243; img_size=&#8220;full&#8220; alignment=&#8220;center&#8220; css_animation=&#8220;fadeIn&#8220; image_hovers=&#8220;false&#8220;][\/vc_column][\/vc_row]<\/p>\n<\/div>","protected":false},"excerpt":{"rendered":"<p>[vc_row][vc_column][vc_empty_space height=&#8220;60px&#8220;][\/vc_column][\/vc_row][vc_row gap=&#8220;30&#8243; content_placement=&#8220;top&#8220;][vc_column css_animation=&#8220;fadeInLeft&#8220; width=&#8220;1\/2&#8243;][vc_custom_heading text=&#8220;WYZ Tri Challenge 2025: wo ALLES BEGANN !&#8220; use_theme_fonts=&#8220;yes&#8220; css_animation=&#8220;fadeInLeft&#8220; css=&#8220;&#8220;][vc_column_text css_animation=&#8220;fadeInLeft&#8220; css=&#8220;&#8220; el_class=&#8220;texteGroupe&#8220;]Nach einer Tour durch Europa kehrt die WYZ Tri Challenge 2025 zu ihren Wurzeln zur\u00fcck! Denn dieses Jahr findet die Challenge in Compi\u00e8gne statt, der Heimatstadt der WYZ Group. Es ist f\u00fcr jeden Geschmack etwas dabei:&hellip;<\/p>\n","protected":false},"author":10,"featured_media":0,"parent":12196,"menu_order":18,"comment_status":"closed","ping_status":"closed","template":"","meta":{"rs_blank_template":"","rs_page_bg_color":"","slide_template_v7":"","footnotes":""},"class_list":["post-12230","page","type-page","status-publish","hentry","description-off"],"yoast_head":"<!-- This site is optimized with the Yoast SEO plugin v27.5 - https:\/\/yoast.com\/product\/yoast-seo-wordpress\/ -->\n<title>Sport | WYZ Group, des solutions digitales au c\u0153ur de l\u2019Apr\u00e8s-vente automobile\u200b<\/title>\n<meta name=\"description\" content=\"WYZ Group vous propose des outils web innovants incluant l&#039;ensemble des flux de vos partenaires manufacturiers ainsi qu&#039;une solution de d\u00e9pannage.\" \/>\n<meta name=\"robots\" content=\"index, follow, max-snippet:-1, max-image-preview:large, max-video-preview:-1\" \/>\n<link rel=\"canonical\" href=\"https:\/\/www.wyzgroup.com\/de\/unsere-challenges\/sport\/\" \/>\n<meta property=\"og:locale\" content=\"de_DE\" \/>\n<meta property=\"og:type\" content=\"article\" \/>\n<meta property=\"og:title\" content=\"Sport | WYZ Group, des solutions digitales au c\u0153ur de l\u2019Apr\u00e8s-vente automobile\u200b\" \/>\n<meta property=\"og:description\" content=\"WYZ Group vous propose des outils web innovants incluant l&#039;ensemble des flux de vos partenaires manufacturiers ainsi qu&#039;une solution de d\u00e9pannage.\" \/>\n<meta property=\"og:url\" content=\"https:\/\/www.wyzgroup.com\/de\/unsere-challenges\/sport\/\" \/>\n<meta property=\"og:site_name\" content=\"WYZ Group\" \/>\n<meta property=\"article:modified_time\" content=\"2025-08-06T09:41:36+00:00\" \/>\n<meta property=\"og:image\" content=\"https:\/\/www.wyzgroup.com\/wp-content\/uploads\/2019\/02\/wyz-group-opengraph.jpg\" \/>\n\t<meta property=\"og:image:width\" content=\"1200\" \/>\n\t<meta property=\"og:image:height\" content=\"630\" \/>\n\t<meta property=\"og:image:type\" content=\"image\/jpeg\" \/>\n<meta name=\"twitter:card\" content=\"summary_large_image\" \/>\n<meta name=\"twitter:label1\" content=\"Gesch\u00e4tzte Lesezeit\" \/>\n\t<meta name=\"twitter:data1\" content=\"11\u00a0Minuten\" \/>\n<script type=\"application\/ld+json\" class=\"yoast-schema-graph\">{\"@context\":\"https:\\\/\\\/schema.org\",\"@graph\":[{\"@type\":\"WebPage\",\"@id\":\"https:\\\/\\\/www.wyzgroup.com\\\/de\\\/unsere-challenges\\\/sport\\\/\",\"url\":\"https:\\\/\\\/www.wyzgroup.com\\\/de\\\/unsere-challenges\\\/sport\\\/\",\"name\":\"Sport | WYZ Group, des solutions digitales au c\u0153ur de l\u2019Apr\u00e8s-vente automobile\u200b\",\"isPartOf\":{\"@id\":\"https:\\\/\\\/www.wyzgroup.com\\\/#website\"},\"datePublished\":\"2022-03-17T13:28:42+00:00\",\"dateModified\":\"2025-08-06T09:41:36+00:00\",\"description\":\"WYZ Group vous propose des outils web innovants incluant l'ensemble des flux de vos partenaires manufacturiers ainsi qu'une solution de d\u00e9pannage.\",\"breadcrumb\":{\"@id\":\"https:\\\/\\\/www.wyzgroup.com\\\/de\\\/unsere-challenges\\\/sport\\\/#breadcrumb\"},\"inLanguage\":\"de\",\"potentialAction\":[{\"@type\":\"ReadAction\",\"target\":[\"https:\\\/\\\/www.wyzgroup.com\\\/de\\\/unsere-challenges\\\/sport\\\/\"]}]},{\"@type\":\"BreadcrumbList\",\"@id\":\"https:\\\/\\\/www.wyzgroup.com\\\/de\\\/unsere-challenges\\\/sport\\\/#breadcrumb\",\"itemListElement\":[{\"@type\":\"ListItem\",\"position\":1,\"name\":\"Accueil\",\"item\":\"https:\\\/\\\/www.wyzgroup.com\\\/de\\\/\"},{\"@type\":\"ListItem\",\"position\":2,\"name\":\"Unsere Challenges\",\"item\":\"https:\\\/\\\/www.wyzgroup.com\\\/de\\\/unsere-challenges\\\/\"},{\"@type\":\"ListItem\",\"position\":3,\"name\":\"Sport\"}]},{\"@type\":\"WebSite\",\"@id\":\"https:\\\/\\\/www.wyzgroup.com\\\/#website\",\"url\":\"https:\\\/\\\/www.wyzgroup.com\\\/\",\"name\":\"WYZ Group\",\"description\":\"WYZ Group, des solutions digitales au c\u0153ur de l\u2019Apr\u00e8s-vente automobile\u200b\",\"potentialAction\":[{\"@type\":\"SearchAction\",\"target\":{\"@type\":\"EntryPoint\",\"urlTemplate\":\"https:\\\/\\\/www.wyzgroup.com\\\/?s={search_term_string}\"},\"query-input\":{\"@type\":\"PropertyValueSpecification\",\"valueRequired\":true,\"valueName\":\"search_term_string\"}}],\"inLanguage\":\"de\"}]}<\/script>\n<!-- \/ Yoast SEO plugin. -->","yoast_head_json":{"title":"Sport | WYZ Group, des solutions digitales au c\u0153ur de l\u2019Apr\u00e8s-vente automobile\u200b","description":"WYZ Group vous propose des outils web innovants incluant l'ensemble des flux de vos partenaires manufacturiers ainsi qu'une solution de d\u00e9pannage.","robots":{"index":"index","follow":"follow","max-snippet":"max-snippet:-1","max-image-preview":"max-image-preview:large","max-video-preview":"max-video-preview:-1"},"canonical":"https:\/\/www.wyzgroup.com\/de\/unsere-challenges\/sport\/","og_locale":"de_DE","og_type":"article","og_title":"Sport | WYZ Group, des solutions digitales au c\u0153ur de l\u2019Apr\u00e8s-vente automobile\u200b","og_description":"WYZ Group vous propose des outils web innovants incluant l'ensemble des flux de vos partenaires manufacturiers ainsi qu'une solution de d\u00e9pannage.","og_url":"https:\/\/www.wyzgroup.com\/de\/unsere-challenges\/sport\/","og_site_name":"WYZ Group","article_modified_time":"2025-08-06T09:41:36+00:00","og_image":[{"width":1200,"height":630,"url":"https:\/\/www.wyzgroup.com\/wp-content\/uploads\/2019\/02\/wyz-group-opengraph.jpg","type":"image\/jpeg"}],"twitter_card":"summary_large_image","twitter_misc":{"Gesch\u00e4tzte Lesezeit":"11\u00a0Minuten"},"schema":{"@context":"https:\/\/schema.org","@graph":[{"@type":"WebPage","@id":"https:\/\/www.wyzgroup.com\/de\/unsere-challenges\/sport\/","url":"https:\/\/www.wyzgroup.com\/de\/unsere-challenges\/sport\/","name":"Sport | WYZ Group, des solutions digitales au c\u0153ur de l\u2019Apr\u00e8s-vente automobile\u200b","isPartOf":{"@id":"https:\/\/www.wyzgroup.com\/#website"},"datePublished":"2022-03-17T13:28:42+00:00","dateModified":"2025-08-06T09:41:36+00:00","description":"WYZ Group vous propose des outils web innovants incluant l'ensemble des flux de vos partenaires manufacturiers ainsi qu'une solution de d\u00e9pannage.","breadcrumb":{"@id":"https:\/\/www.wyzgroup.com\/de\/unsere-challenges\/sport\/#breadcrumb"},"inLanguage":"de","potentialAction":[{"@type":"ReadAction","target":["https:\/\/www.wyzgroup.com\/de\/unsere-challenges\/sport\/"]}]},{"@type":"BreadcrumbList","@id":"https:\/\/www.wyzgroup.com\/de\/unsere-challenges\/sport\/#breadcrumb","itemListElement":[{"@type":"ListItem","position":1,"name":"Accueil","item":"https:\/\/www.wyzgroup.com\/de\/"},{"@type":"ListItem","position":2,"name":"Unsere Challenges","item":"https:\/\/www.wyzgroup.com\/de\/unsere-challenges\/"},{"@type":"ListItem","position":3,"name":"Sport"}]},{"@type":"WebSite","@id":"https:\/\/www.wyzgroup.com\/#website","url":"https:\/\/www.wyzgroup.com\/","name":"WYZ Group","description":"WYZ Group, des solutions digitales au c\u0153ur de l\u2019Apr\u00e8s-vente automobile\u200b","potentialAction":[{"@type":"SearchAction","target":{"@type":"EntryPoint","urlTemplate":"https:\/\/www.wyzgroup.com\/?s={search_term_string}"},"query-input":{"@type":"PropertyValueSpecification","valueRequired":true,"valueName":"search_term_string"}}],"inLanguage":"de"}]}},"_links":{"self":[{"href":"https:\/\/www.wyzgroup.com\/de\/wp-json\/wp\/v2\/pages\/12230","targetHints":{"allow":["GET"]}}],"collection":[{"href":"https:\/\/www.wyzgroup.com\/de\/wp-json\/wp\/v2\/pages"}],"about":[{"href":"https:\/\/www.wyzgroup.com\/de\/wp-json\/wp\/v2\/types\/page"}],"author":[{"embeddable":true,"href":"https:\/\/www.wyzgroup.com\/de\/wp-json\/wp\/v2\/users\/10"}],"replies":[{"embeddable":true,"href":"https:\/\/www.wyzgroup.com\/de\/wp-json\/wp\/v2\/comments?post=12230"}],"version-history":[{"count":54,"href":"https:\/\/www.wyzgroup.com\/de\/wp-json\/wp\/v2\/pages\/12230\/revisions"}],"predecessor-version":[{"id":19415,"href":"https:\/\/www.wyzgroup.com\/de\/wp-json\/wp\/v2\/pages\/12230\/revisions\/19415"}],"up":[{"embeddable":true,"href":"https:\/\/www.wyzgroup.com\/de\/wp-json\/wp\/v2\/pages\/12196"}],"wp:attachment":[{"href":"https:\/\/www.wyzgroup.com\/de\/wp-json\/wp\/v2\/media?parent=12230"}],"curies":[{"name":"wp","href":"https:\/\/api.w.org\/{rel}","templated":true}]}}