{"id":12171,"date":"2022-03-17T13:23:43","date_gmt":"2022-03-17T13:23:43","guid":{"rendered":"https:\/\/www.wyzgroup.com\/unsere-kunden\/erfahrungsberichte\/"},"modified":"2022-05-16T12:21:23","modified_gmt":"2022-05-16T12:21:23","slug":"erfahrungsberichte","status":"publish","type":"page","link":"https:\/\/www.wyzgroup.com\/de\/unsere-kunden\/erfahrungsberichte\/","title":{"rendered":"ERFAHRUNGSBERICHTE"},"content":{"rendered":"<div class=\"wpb-content-wrapper\"><p>.[vc_row][vc_column]<style type=\"text\/css\" data-type=\"the7_shortcodes-inline-css\">.dt-breadcrumbs-id-697ca5cc01585d9cd683b336084dcb8e .breadcrumbs {\n  display: inline-block;\n  margin: 0;\n  padding: 2px 10px 2px 10px;\n  border: 0px solid ;\n  border-radius: 0px;\n}\n.dt-breadcrumbs-id-697ca5cc01585d9cd683b336084dcb8e .breadcrumbs * {\n  font-size: 17px;\n  line-height: 17px;\n  font-weight: bold;\n  color: #a2a5a6;\n}<\/style><div class=\"dt-breadcrumbs-shortcode dt-breadcrumbs-id-697ca5cc01585d9cd683b336084dcb8e align-left\"><div class=\"assistive-text\">Sie befinden sich hier:<\/div><ol class=\"breadcrumbs text-small\" itemscope itemtype=\"https:\/\/schema.org\/BreadcrumbList\"><li itemprop=\"itemListElement\" itemscope itemtype=\"https:\/\/schema.org\/ListItem\"><a itemprop=\"item\" href=\"https:\/\/www.wyzgroup.com\/de\/\" title=\"Start\"><span itemprop=\"name\">Start<\/span><\/a><meta itemprop=\"position\" content=\"1\" \/><\/li><li class=\"current\" itemprop=\"itemListElement\" itemscope itemtype=\"https:\/\/schema.org\/ListItem\"><span itemprop=\"name\">Seite<\/span><meta itemprop=\"position\" content=\"2\" \/><\/li><\/ol><\/div>[vc_empty_space height=&#8220;60px&#8220;][\/vc_column][\/vc_row][vc_row gap=&#8220;30&#8243;][vc_column css_animation=&#8220;fadeIn&#8220; width=&#8220;1\/3&#8243;][vc_single_image image=&#8220;10564&#8243; img_size=&#8220;460&#215;230&#8243; alignment=&#8220;center&#8220; style=&#8220;vc_box_circle_2&#8243;][vc_column_text el_class=&#8220;nomDirigeant&#8220; css=&#8220;.vc_custom_1618849529980{margin-bottom: 10px !important;}&#8220;]<\/p>\n<p style=\"text-align: center;\"><strong>Vincent-David LACROUX<\/strong><\/p>\n<p>&nbsp;[\/vc_column_text][vc_column_text el_class=&#8220;fonctionDirigeant&#8220;]<\/p>\n<p style=\"text-align: center;\"><strong>Head of Specific Offer\u00a0<\/strong><\/p>\n<p style=\"text-align: center;\"><strong>Renault Group<\/strong><\/p>\n<p>[\/vc_column_text][vc_column_text]&#8220;Was uns an WYZ \u00fcberzeugt hat, ist ihr technisches und kommerzielles Know-how, schnelle Reaktionszeiten bei Problemen mit dem IT-System unserer B2B-Kunden und der Wille, wirtschaftliche L\u00f6sungen f\u00fcr unser Netzwerk zu finden, wenn die Supply Chain der Reifenindustrie ins Stocken ger\u00e4t.<\/p>\n<p>WYZ hat eine funktionierende L\u00f6sung f\u00fcr die Erh\u00f6hung unsere ad hoc Verf\u00fcgbarkeit implementiert. Unser Servicenetzwerk konnte den Umsatz um 10 % steigern. Dieses Gesch\u00e4ft h\u00e4tten wir wahrscheinlich sonst nicht realisieren k\u00f6nnen.<\/p>\n<p>Wir w\u00fcnschen WYZ f\u00fcr die Zukunft, dass es die Erfahrungen aus Frankreich und Belgien mit weiteren europ\u00e4ischen L\u00e4ndern teilen kann und diese Anpassungsf\u00e4higkeit bei der Einf\u00fchrung schl\u00fcsselfertiger L\u00f6sungen beibeh\u00e4lt.&#8220;[\/vc_column_text][\/vc_column][vc_column css_animation=&#8220;fadeIn&#8220; width=&#8220;1\/3&#8243;][vc_single_image image=&#8220;10566&#8243; img_size=&#8220;460&#215;230&#8243; alignment=&#8220;center&#8220; style=&#8220;vc_box_circle_2&#8243;][vc_column_text el_class=&#8220;nomDirigeant&#8220; css=&#8220;.vc_custom_1620024864576{margin-bottom: 10px !important;}&#8220;]<\/p>\n<p style=\"text-align: center;\"><strong>Yann LE NY<\/strong><\/p>\n<p>&nbsp;[\/vc_column_text][vc_column_text el_class=&#8220;fonctionDirigeant&#8220;]<\/p>\n<p style=\"text-align: center;\"><strong>After Sales Tyre Business Manager<\/strong><\/p>\n<p style=\"text-align: center;\"><strong>STELLANTIS<\/strong><\/p>\n<p>[\/vc_column_text][vc_column_text]\u201eWas uns an WYZ gef\u00e4llt, ist die Kombination aus tiefgehender IT-Expertise, der Agilit\u00e4t eines Start-ups und der perfekten Kenntnis der Reifenbranche. Unterst\u00fctzt wird dies durch ein in allen Belangen professionelles Team.<\/p>\n<p>WYZ kann sich auf die Besonderheiten des Reifengesch\u00e4fts von PSA einstellen, Erwartungen einsch\u00e4tzen und limitierende Faktoren ber\u00fccksichtigen. Damit konnten wir unsere Verf\u00fcgbarkeit von Reifen deutlich erh\u00f6hen. Mit dieser L\u00f6sung haben wir in unserer Organisation eine hohe Akzeptanz gefunden.<\/p>\n<p>Wir w\u00fcnschen uns f\u00fcr WYZ Erfolg \u00fcber Frankreichs Grenzen hinaus und hoffen, dass das Produktangebot bald um ein monatliches Online-Reporting erweitert wird.\u201c[\/vc_column_text][\/vc_column][vc_column css_animation=&#8220;fadeIn&#8220; width=&#8220;1\/3&#8243;][vc_single_image image=&#8220;10562&#8243; img_size=&#8220;460&#215;230&#8243; alignment=&#8220;center&#8220; style=&#8220;vc_box_circle_2&#8243;][vc_column_text el_class=&#8220;nomDirigeant&#8220; css=&#8220;.vc_custom_1620025240219{margin-bottom: 10px !important;}&#8220;]<\/p>\n<p style=\"text-align: center;\"><strong>Jean-Nicolas GUYOT<\/strong><\/p>\n<p>&nbsp;[\/vc_column_text][vc_column_text el_class=&#8220;fonctionDirigeant&#8220;]<\/p>\n<p style=\"text-align: center;\"><strong>After Sales Marketing Director<\/strong><\/p>\n<p style=\"text-align: center;\"><strong>Jaguar Land Rover<\/strong><\/p>\n<p>[\/vc_column_text][vc_column_text]&#8220;Was uns an WYZ \u00fcberzeugt hat in 2 Worten: Expertise und Unkompliziertheit. Indem wir die Administration der Servicebetriebe und des Portals f\u00fcr Reifenbestellungen unseres Netzwerks an WYZ \u00fcbertrugen, gewannen wir auf beiden Ebenen. Marktkenntnis macht WYZ bei den j\u00e4hrlichen Verhandlungen mit der Reifenindustrie zu einer gesetzten Gr\u00f6\u00dfe. Das spart uns Zeit, da wir somit nur einen Ansprechpartner haben.<\/p>\n<p>WYZ erm\u00f6glicht es JLR Frankreich, bei unseren Vertragsh\u00e4ndlern und -werkst\u00e4tten wettbewerbsf\u00e4higer zu sein. F\u00fcr unser Netzwerk bietet WYZ ein leistungsf\u00e4higes Internetportal, das sowohl die Angebote der Reifenindustrie als auch das Angebot von Gro\u00dfh\u00e4ndlern bei Warenengp\u00e4ssen umfasst. Diese Komplementierung verschafft unseren Vertragsh\u00e4ndlern innerhalb weniger Klicks die beste und effizienteste L\u00f6sung in Bezug auf Kosten und Zeit. Was wir uns f\u00fcr die Zukunft w\u00fcnschen ist ein weiterer Ausbau unseres Umsatzes und unserer Partnerschaft ! \u201c[\/vc_column_text][\/vc_column][\/vc_row][vc_row css_animation=&#8220;fadeIn&#8220; disable_element=&#8220;yes&#8220; css=&#8220;.vc_custom_1552051366021{margin-bottom: 0px !important;padding-bottom: 40px !important;}&#8220;][vc_column][vc_column_text el_class=&#8220;citation&#8220; css=&#8220;.vc_custom_1543576815724{margin-bottom: 0px !important;padding-bottom: 15px !important;}&#8220;].[\/vc_column_text][vc_column_text el_class=&#8220;signature&#8220;].[\/vc_column_text][\/vc_column][\/vc_row][vc_row disable_element=&#8220;yes&#8220;][vc_column][vc_custom_heading text=&#8220;.&#8220; use_theme_fonts=&#8220;yes&#8220; css=&#8220;.vc_custom_1553527396609{margin-top: 100px !important;margin-bottom: 30px !important;}&#8220;][\/vc_column][vc_column][\/vc_column][\/vc_row][vc_row content_placement=&#8220;middle&#8220; disable_element=&#8220;yes&#8220; css=&#8220;.vc_custom_1554302484562{margin-bottom: 40px !important;}&#8220;][vc_column css_animation=&#8220;fadeIn&#8220; width=&#8220;1\/4&#8243;][vc_single_image image=&#8220;12184&#8243; img_size=&#8220;medium&#8220; alignment=&#8220;center&#8220; style=&#8220;vc_box_circle_2&#8243;][\/vc_column][vc_column css_animation=&#8220;fadeInRight&#8220; width=&#8220;3\/4&#8243;][vc_column_text el_class=&#8220;nomDirigeant&#8220; css=&#8220;.vc_custom_1553526518402{margin-bottom: 10px !important;}&#8220;].[\/vc_column_text][vc_column_text el_class=&#8220;fonctionDirigeant&#8220; css=&#8220;.vc_custom_1553850832170{margin-bottom: 5px !important;padding-bottom: 0px !important;}&#8220;].[\/vc_column_text][vc_column_text].[\/vc_column_text][\/vc_column][\/vc_row][vc_row content_placement=&#8220;middle&#8220; disable_element=&#8220;yes&#8220; css=&#8220;.vc_custom_1554302609205{margin-bottom: 40px !important;}&#8220;][vc_column css_animation=&#8220;fadeIn&#8220; width=&#8220;1\/4&#8243;][vc_single_image image=&#8220;12187&#8243; img_size=&#8220;medium&#8220; alignment=&#8220;center&#8220; style=&#8220;vc_box_circle_2&#8243;][\/vc_column][vc_column css_animation=&#8220;fadeInRight&#8220; width=&#8220;3\/4&#8243;][vc_column_text el_class=&#8220;nomDirigeant&#8220; css=&#8220;.vc_custom_1553526591258{margin-bottom: 10px !important;}&#8220;].[\/vc_column_text][vc_column_text el_class=&#8220;fonctionDirigeant&#8220; css=&#8220;.vc_custom_1553850824477{margin-bottom: 5px !important;padding-bottom: 0px !important;}&#8220;].[\/vc_column_text][vc_column_text].[\/vc_column_text][\/vc_column][\/vc_row][vc_row content_placement=&#8220;middle&#8220; disable_element=&#8220;yes&#8220;][vc_column css_animation=&#8220;fadeIn&#8220; width=&#8220;1\/4&#8243;][vc_single_image image=&#8220;12188&#8243; img_size=&#8220;medium&#8220; alignment=&#8220;center&#8220; style=&#8220;vc_box_circle_2&#8243;][\/vc_column][vc_column css_animation=&#8220;fadeInRight&#8220; width=&#8220;3\/4&#8243;][vc_column_text el_class=&#8220;nomDirigeant&#8220; css=&#8220;.vc_custom_1553873334242{margin-bottom: 10px !important;}&#8220;].[\/vc_column_text][vc_column_text el_class=&#8220;fonctionDirigeant&#8220; css=&#8220;.vc_custom_1553850843394{margin-bottom: 5px !important;padding-bottom: 0px !important;}&#8220;].[\/vc_column_text][vc_column_text].[\/vc_column_text][\/vc_column][\/vc_row].<\/p>\n<\/div>","protected":false},"excerpt":{"rendered":"<p>.[vc_row][vc_column][vc_empty_space height=&#8220;60px&#8220;][\/vc_column][\/vc_row][vc_row gap=&#8220;30&#8243;][vc_column css_animation=&#8220;fadeIn&#8220; width=&#8220;1\/3&#8243;][vc_single_image image=&#8220;10564&#8243; img_size=&#8220;460&#215;230&#8243; alignment=&#8220;center&#8220; style=&#8220;vc_box_circle_2&#8243;][vc_column_text el_class=&#8220;nomDirigeant&#8220; css=&#8220;.vc_custom_1618849529980{margin-bottom: 10px !important;}&#8220;] Vincent-David LACROUX &nbsp;[\/vc_column_text][vc_column_text el_class=&#8220;fonctionDirigeant&#8220;] Head of Specific Offer\u00a0 Renault Group [\/vc_column_text][vc_column_text]&#8220;Was uns an WYZ \u00fcberzeugt hat, ist ihr technisches und kommerzielles Know-how, schnelle Reaktionszeiten bei Problemen mit dem IT-System unserer B2B-Kunden und der Wille, wirtschaftliche L\u00f6sungen f\u00fcr unser Netzwerk zu finden, wenn&hellip;<\/p>\n","protected":false},"author":10,"featured_media":0,"parent":12139,"menu_order":16,"comment_status":"closed","ping_status":"closed","template":"","meta":{"rs_blank_template":"","rs_page_bg_color":"","slide_template_v7":"","footnotes":""},"class_list":["post-12171","page","type-page","status-publish","hentry","description-off"],"yoast_head":"<!-- This site is optimized with the Yoast SEO plugin v27.2 - https:\/\/yoast.com\/product\/yoast-seo-wordpress\/ -->\n<title>ERFAHRUNGSBERICHTE | WYZ Group, des solutions digitales au c\u0153ur de l\u2019Apr\u00e8s-vente automobile\u200b<\/title>\n<meta name=\"description\" content=\"WYZ Group vous propose des outils web innovants incluant l&#039;ensemble des flux de vos partenaires manufacturiers ainsi qu&#039;une solution de d\u00e9pannage.\" \/>\n<meta name=\"robots\" content=\"index, follow, max-snippet:-1, max-image-preview:large, max-video-preview:-1\" \/>\n<link rel=\"canonical\" href=\"https:\/\/www.wyzgroup.com\/nos-clients\/temoignages\/\" \/>\n<meta property=\"og:locale\" content=\"de_DE\" \/>\n<meta property=\"og:type\" content=\"article\" \/>\n<meta property=\"og:title\" content=\"ERFAHRUNGSBERICHTE | WYZ Group, des solutions digitales au c\u0153ur de l\u2019Apr\u00e8s-vente automobile\u200b\" \/>\n<meta property=\"og:description\" content=\"WYZ Group vous propose des outils web innovants incluant l&#039;ensemble des flux de vos partenaires manufacturiers ainsi qu&#039;une solution de d\u00e9pannage.\" \/>\n<meta property=\"og:url\" content=\"https:\/\/www.wyzgroup.com\/nos-clients\/temoignages\/\" \/>\n<meta property=\"og:site_name\" content=\"WYZ Group\" \/>\n<meta property=\"article:modified_time\" content=\"2022-05-16T12:21:23+00:00\" \/>\n<meta property=\"og:image\" content=\"https:\/\/www.wyzgroup.com\/wp-content\/uploads\/2019\/02\/wyz-group-opengraph.jpg\" \/>\n\t<meta property=\"og:image:width\" content=\"1200\" \/>\n\t<meta property=\"og:image:height\" content=\"630\" \/>\n\t<meta property=\"og:image:type\" content=\"image\/jpeg\" \/>\n<meta name=\"twitter:card\" content=\"summary_large_image\" \/>\n<meta name=\"twitter:label1\" content=\"Gesch\u00e4tzte Lesezeit\" \/>\n\t<meta name=\"twitter:data1\" content=\"5\u00a0Minuten\" \/>\n<script type=\"application\/ld+json\" class=\"yoast-schema-graph\">{\"@context\":\"https:\/\/schema.org\",\"@graph\":[{\"@type\":\"WebPage\",\"@id\":\"https:\/\/www.wyzgroup.com\/nos-clients\/temoignages\/\",\"url\":\"https:\/\/www.wyzgroup.com\/nos-clients\/temoignages\/\",\"name\":\"ERFAHRUNGSBERICHTE | WYZ Group, des solutions digitales au c\u0153ur de l\u2019Apr\u00e8s-vente automobile\u200b\",\"isPartOf\":{\"@id\":\"https:\/\/www.wyzgroup.com\/#website\"},\"datePublished\":\"2022-03-17T13:23:43+00:00\",\"dateModified\":\"2022-05-16T12:21:23+00:00\",\"description\":\"WYZ Group vous propose des outils web innovants incluant l'ensemble des flux de vos partenaires manufacturiers ainsi qu'une solution de d\u00e9pannage.\",\"breadcrumb\":{\"@id\":\"https:\/\/www.wyzgroup.com\/nos-clients\/temoignages\/#breadcrumb\"},\"inLanguage\":\"de\",\"potentialAction\":[{\"@type\":\"ReadAction\",\"target\":[\"https:\/\/www.wyzgroup.com\/nos-clients\/temoignages\/\"]}]},{\"@type\":\"BreadcrumbList\",\"@id\":\"https:\/\/www.wyzgroup.com\/nos-clients\/temoignages\/#breadcrumb\",\"itemListElement\":[{\"@type\":\"ListItem\",\"position\":1,\"name\":\"Accueil\",\"item\":\"https:\/\/www.wyzgroup.com\/de\/\"},{\"@type\":\"ListItem\",\"position\":2,\"name\":\"Unsere Kunden\",\"item\":\"https:\/\/www.wyzgroup.com\/de\/unsere-kunden\/\"},{\"@type\":\"ListItem\",\"position\":3,\"name\":\"ERFAHRUNGSBERICHTE\"}]},{\"@type\":\"WebSite\",\"@id\":\"https:\/\/www.wyzgroup.com\/#website\",\"url\":\"https:\/\/www.wyzgroup.com\/\",\"name\":\"WYZ Group\",\"description\":\"WYZ Group, des solutions digitales au c\u0153ur de l\u2019Apr\u00e8s-vente automobile\u200b\",\"potentialAction\":[{\"@type\":\"SearchAction\",\"target\":{\"@type\":\"EntryPoint\",\"urlTemplate\":\"https:\/\/www.wyzgroup.com\/?s={search_term_string}\"},\"query-input\":{\"@type\":\"PropertyValueSpecification\",\"valueRequired\":true,\"valueName\":\"search_term_string\"}}],\"inLanguage\":\"de\"}]}<\/script>\n<!-- \/ Yoast SEO plugin. -->","yoast_head_json":{"title":"ERFAHRUNGSBERICHTE | WYZ Group, des solutions digitales au c\u0153ur de l\u2019Apr\u00e8s-vente automobile\u200b","description":"WYZ Group vous propose des outils web innovants incluant l'ensemble des flux de vos partenaires manufacturiers ainsi qu'une solution de d\u00e9pannage.","robots":{"index":"index","follow":"follow","max-snippet":"max-snippet:-1","max-image-preview":"max-image-preview:large","max-video-preview":"max-video-preview:-1"},"canonical":"https:\/\/www.wyzgroup.com\/nos-clients\/temoignages\/","og_locale":"de_DE","og_type":"article","og_title":"ERFAHRUNGSBERICHTE | WYZ Group, des solutions digitales au c\u0153ur de l\u2019Apr\u00e8s-vente automobile\u200b","og_description":"WYZ Group vous propose des outils web innovants incluant l'ensemble des flux de vos partenaires manufacturiers ainsi qu'une solution de d\u00e9pannage.","og_url":"https:\/\/www.wyzgroup.com\/nos-clients\/temoignages\/","og_site_name":"WYZ Group","article_modified_time":"2022-05-16T12:21:23+00:00","og_image":[{"width":1200,"height":630,"url":"https:\/\/www.wyzgroup.com\/wp-content\/uploads\/2019\/02\/wyz-group-opengraph.jpg","type":"image\/jpeg"}],"twitter_card":"summary_large_image","twitter_misc":{"Gesch\u00e4tzte Lesezeit":"5\u00a0Minuten"},"schema":{"@context":"https:\/\/schema.org","@graph":[{"@type":"WebPage","@id":"https:\/\/www.wyzgroup.com\/nos-clients\/temoignages\/","url":"https:\/\/www.wyzgroup.com\/nos-clients\/temoignages\/","name":"ERFAHRUNGSBERICHTE | WYZ Group, des solutions digitales au c\u0153ur de l\u2019Apr\u00e8s-vente automobile\u200b","isPartOf":{"@id":"https:\/\/www.wyzgroup.com\/#website"},"datePublished":"2022-03-17T13:23:43+00:00","dateModified":"2022-05-16T12:21:23+00:00","description":"WYZ Group vous propose des outils web innovants incluant l'ensemble des flux de vos partenaires manufacturiers ainsi qu'une solution de d\u00e9pannage.","breadcrumb":{"@id":"https:\/\/www.wyzgroup.com\/nos-clients\/temoignages\/#breadcrumb"},"inLanguage":"de","potentialAction":[{"@type":"ReadAction","target":["https:\/\/www.wyzgroup.com\/nos-clients\/temoignages\/"]}]},{"@type":"BreadcrumbList","@id":"https:\/\/www.wyzgroup.com\/nos-clients\/temoignages\/#breadcrumb","itemListElement":[{"@type":"ListItem","position":1,"name":"Accueil","item":"https:\/\/www.wyzgroup.com\/de\/"},{"@type":"ListItem","position":2,"name":"Unsere Kunden","item":"https:\/\/www.wyzgroup.com\/de\/unsere-kunden\/"},{"@type":"ListItem","position":3,"name":"ERFAHRUNGSBERICHTE"}]},{"@type":"WebSite","@id":"https:\/\/www.wyzgroup.com\/#website","url":"https:\/\/www.wyzgroup.com\/","name":"WYZ Group","description":"WYZ Group, des solutions digitales au c\u0153ur de l\u2019Apr\u00e8s-vente automobile\u200b","potentialAction":[{"@type":"SearchAction","target":{"@type":"EntryPoint","urlTemplate":"https:\/\/www.wyzgroup.com\/?s={search_term_string}"},"query-input":{"@type":"PropertyValueSpecification","valueRequired":true,"valueName":"search_term_string"}}],"inLanguage":"de"}]}},"_links":{"self":[{"href":"https:\/\/www.wyzgroup.com\/de\/wp-json\/wp\/v2\/pages\/12171","targetHints":{"allow":["GET"]}}],"collection":[{"href":"https:\/\/www.wyzgroup.com\/de\/wp-json\/wp\/v2\/pages"}],"about":[{"href":"https:\/\/www.wyzgroup.com\/de\/wp-json\/wp\/v2\/types\/page"}],"author":[{"embeddable":true,"href":"https:\/\/www.wyzgroup.com\/de\/wp-json\/wp\/v2\/users\/10"}],"replies":[{"embeddable":true,"href":"https:\/\/www.wyzgroup.com\/de\/wp-json\/wp\/v2\/comments?post=12171"}],"version-history":[{"count":35,"href":"https:\/\/www.wyzgroup.com\/de\/wp-json\/wp\/v2\/pages\/12171\/revisions"}],"predecessor-version":[{"id":13403,"href":"https:\/\/www.wyzgroup.com\/de\/wp-json\/wp\/v2\/pages\/12171\/revisions\/13403"}],"up":[{"embeddable":true,"href":"https:\/\/www.wyzgroup.com\/de\/wp-json\/wp\/v2\/pages\/12139"}],"wp:attachment":[{"href":"https:\/\/www.wyzgroup.com\/de\/wp-json\/wp\/v2\/media?parent=12171"}],"curies":[{"name":"wp","href":"https:\/\/api.w.org\/{rel}","templated":true}]}}