{"id":12106,"date":"2022-03-17T13:15:20","date_gmt":"2022-03-17T13:15:20","guid":{"rendered":"https:\/\/www.wyzgroup.com\/unsere-loesungen\/flottenverwaltung\/"},"modified":"2025-09-19T07:55:43","modified_gmt":"2025-09-19T07:55:43","slug":"flottenverwaltung","status":"publish","type":"page","link":"https:\/\/www.wyzgroup.com\/de\/unsere-losungen\/flottenverwaltung\/","title":{"rendered":"Flottenmanagement"},"content":{"rendered":"<div class=\"wpb-content-wrapper\"><p>[vc_row][vc_column]<style type=\"text\/css\" data-type=\"the7_shortcodes-inline-css\">.dt-breadcrumbs-id-697ca5cc01585d9cd683b336084dcb8e .breadcrumbs {\n  display: inline-block;\n  margin: 0;\n  padding: 2px 10px 2px 10px;\n  border: 0px solid ;\n  border-radius: 0px;\n}\n.dt-breadcrumbs-id-697ca5cc01585d9cd683b336084dcb8e .breadcrumbs * {\n  font-size: 17px;\n  line-height: 17px;\n  font-weight: bold;\n  color: #a2a5a6;\n}<\/style><div class=\"dt-breadcrumbs-shortcode dt-breadcrumbs-id-697ca5cc01585d9cd683b336084dcb8e align-left\"><div class=\"assistive-text\">Sie befinden sich hier:<\/div><ol class=\"breadcrumbs text-small\" itemscope itemtype=\"https:\/\/schema.org\/BreadcrumbList\"><li itemprop=\"itemListElement\" itemscope itemtype=\"https:\/\/schema.org\/ListItem\"><a itemprop=\"item\" href=\"https:\/\/www.wyzgroup.com\/de\/\" title=\"Start\"><span itemprop=\"name\">Start<\/span><\/a><meta itemprop=\"position\" content=\"1\" \/><\/li><li class=\"current\" itemprop=\"itemListElement\" itemscope itemtype=\"https:\/\/schema.org\/ListItem\"><span itemprop=\"name\">Seite<\/span><meta itemprop=\"position\" content=\"2\" \/><\/li><\/ol><\/div>[vc_empty_space height=&#8220;60px&#8220;][\/vc_column][\/vc_row][vc_row gap=&#8220;30&#8243;][vc_column width=&#8220;1\/2&#8243;][vc_single_image image=&#8220;19717&#8243; img_size=&#8220;full&#8220; alignment=&#8220;center&#8220; css_animation=&#8220;fadeIn&#8220; css=&#8220;&#8220; image_hovers=&#8220;false&#8220;][\/vc_column][vc_column width=&#8220;1\/2&#8243;][vc_custom_heading text=&#8220;Die L\u00f6sung WYZ Fleet&#8220; use_theme_fonts=&#8220;yes&#8220; css_animation=&#8220;fadeInRight&#8220;][vc_column_text css_animation=&#8220;fadeInRight&#8220;]<strong>WYZ ber\u00e4t schon seit \u00fcber zehn Jahren gro\u00dfe Flottenbetreiber.<\/strong><\/p>\n<p>Das Ziel ist klar: effektive Einsparungen zu erm\u00f6glichen \u2013 Zeit gewinnen und Kosten senken. WYZ Fleet schafft Transparenz beim Kostenmanagement rund um das Thema Reifen und R\u00e4der. Hierzu k\u00f6nnen wir Ihnen im Markt bew\u00e4hrte L\u00f6sungen anbieten.<\/p>\n<p>So garantiert Ihnen unser Multibrand-Netzwerk :<\/p>\n<ul>\n<li>einen lokalen Service \u00fcberall in Frankreich<\/li>\n<li>Zugriff auf alle Premium-Marken (Michelin, Bridgestone, Continental, Goodyear-Dunlop, Pirelli&#8230;)<\/li>\n<li>ein breites Angebot an Dienstleistungen rund um Reifen (Montage, Demontage, Reparaturen, Achsvermessung)<\/li>\n<\/ul>\n<p>[\/vc_column_text][\/vc_column][\/vc_row][vc_row gap=&#8220;30&#8243;][vc_column width=&#8220;1\/2&#8243;][vc_custom_heading text=&#8220;Zeiteinsparung, Kostentransparenz und Budgetoptimierung&#8220; use_theme_fonts=&#8220;yes&#8220; css_animation=&#8220;fadeInLeft&#8220;][vc_column_text css_animation=&#8220;fadeInLeft&#8220;]Wir bei WYZ arbeiten t\u00e4glich an verschiedensten Optimierungsm\u00f6glichkeiten. Wir stimmen Ihre Preise und Serviceangebote aufeinander ab, managen Bestell- und Freigabeprozesse. Dadurch erm\u00f6glichen wir Ihnen Kostenreduktion bei Einhaltung h\u00f6chster Sicherheitsstandard Ihres Fuhrparks.<\/p>\n<p>Indem wir im Vorfeld alle Informationen \u00fcber Ihre Fahrzeuge und Ihre Reifenwahl (Marken, Quoten, Leistungen&#8230;) einbeziehen, garantieren wir Ihnen eine ma\u00dfgeschneiderte Konfiguration Ihrer Flotte. Zus\u00e4tzlich werden die an sie gehenden Rechnungen zentralisiert und monatlich in einem vorgegebenen Format an Ihre Finanzabteilung gesendet. Die Digitalisierung aller Dokumente ist ein zus\u00e4tzlicher Vorteil, den wir Ihnen gerne zur Verf\u00fcgung stellen m\u00f6chten.<\/p>\n<p>WYZ Fleet ist ein standardisiertes, praktisches und dabei qualitativ hochwertiges Produkt, das sich heute im Flottenmanagement durchgesetzt hat.<\/p>\n<p><strong>Neu<\/strong>: In Kombination mit unserem Know-how im Bereich Web Solutions hat <strong>WYZ Fleet seit kurzem auch eine White-Label-L\u00f6sung f\u00fcr Unternehmen, die eine dedizierte Software f\u00fcr das Reifenmanagement suchen.<\/strong>[\/vc_column_text][\/vc_column][vc_column width=&#8220;1\/2&#8243;][vc_single_image image=&#8220;12112&#8243; img_size=&#8220;full&#8220; alignment=&#8220;center&#8220; css_animation=&#8220;fadeIn&#8220; image_hovers=&#8220;false&#8220;][\/vc_column][\/vc_row][vc_row css=&#8220;.vc_custom_1554472930503{margin-top: 20px !important;margin-bottom: 20px !important;}&#8220;][vc_column][vc_column_text]<br \/>\nWenn Sie weitere Informationen zum Thema Fuhrparkmanagement w\u00fcnschen, m\u00f6chten wir Sie bitten, uns zu kontaktieren.<br \/>\n[\/vc_column_text][\/vc_column][\/vc_row]<\/p>\n<\/div>","protected":false},"excerpt":{"rendered":"<p>[vc_row][vc_column][vc_empty_space height=&#8220;60px&#8220;][\/vc_column][\/vc_row][vc_row gap=&#8220;30&#8243;][vc_column width=&#8220;1\/2&#8243;][vc_single_image image=&#8220;19717&#8243; img_size=&#8220;full&#8220; alignment=&#8220;center&#8220; css_animation=&#8220;fadeIn&#8220; css=&#8220;&#8220; image_hovers=&#8220;false&#8220;][\/vc_column][vc_column width=&#8220;1\/2&#8243;][vc_custom_heading text=&#8220;Die L\u00f6sung WYZ Fleet&#8220; use_theme_fonts=&#8220;yes&#8220; css_animation=&#8220;fadeInRight&#8220;][vc_column_text css_animation=&#8220;fadeInRight&#8220;]WYZ ber\u00e4t schon seit \u00fcber zehn Jahren gro\u00dfe Flottenbetreiber. Das Ziel ist klar: effektive Einsparungen zu erm\u00f6glichen \u2013 Zeit gewinnen und Kosten senken. WYZ Fleet schafft Transparenz beim Kostenmanagement rund um das Thema Reifen und R\u00e4der. Hierzu k\u00f6nnen&hellip;<\/p>\n","protected":false},"author":10,"featured_media":0,"parent":12061,"menu_order":13,"comment_status":"closed","ping_status":"closed","template":"","meta":{"rs_blank_template":"","rs_page_bg_color":"","slide_template_v7":"","footnotes":""},"class_list":["post-12106","page","type-page","status-publish","hentry","description-off"],"yoast_head":"<!-- This site is optimized with the Yoast SEO plugin v27.5 - https:\/\/yoast.com\/product\/yoast-seo-wordpress\/ -->\n<title>Flottenmanagement | WYZ Group, des solutions digitales au c\u0153ur de l\u2019Apr\u00e8s-vente automobile\u200b<\/title>\n<meta name=\"description\" content=\"WYZ Group vous propose des outils web innovants incluant l&#039;ensemble des flux de vos partenaires manufacturiers ainsi qu&#039;une solution de d\u00e9pannage.\" \/>\n<meta name=\"robots\" content=\"index, follow, max-snippet:-1, max-image-preview:large, max-video-preview:-1\" \/>\n<link rel=\"canonical\" href=\"https:\/\/www.wyzgroup.com\/de\/unsere-losungen\/flottenverwaltung\/\" \/>\n<meta property=\"og:locale\" content=\"de_DE\" \/>\n<meta property=\"og:type\" content=\"article\" \/>\n<meta property=\"og:title\" content=\"Flottenmanagement | WYZ Group, des solutions digitales au c\u0153ur de l\u2019Apr\u00e8s-vente automobile\u200b\" \/>\n<meta property=\"og:description\" content=\"WYZ Group vous propose des outils web innovants incluant l&#039;ensemble des flux de vos partenaires manufacturiers ainsi qu&#039;une solution de d\u00e9pannage.\" \/>\n<meta property=\"og:url\" content=\"https:\/\/www.wyzgroup.com\/de\/unsere-losungen\/flottenverwaltung\/\" \/>\n<meta property=\"og:site_name\" content=\"WYZ Group\" \/>\n<meta property=\"article:modified_time\" content=\"2025-09-19T07:55:43+00:00\" \/>\n<meta property=\"og:image\" content=\"https:\/\/www.wyzgroup.com\/wp-content\/uploads\/2019\/02\/wyz-group-opengraph.jpg\" \/>\n\t<meta property=\"og:image:width\" content=\"1200\" \/>\n\t<meta property=\"og:image:height\" content=\"630\" \/>\n\t<meta property=\"og:image:type\" content=\"image\/jpeg\" \/>\n<meta name=\"twitter:card\" content=\"summary_large_image\" \/>\n<meta name=\"twitter:label1\" content=\"Gesch\u00e4tzte Lesezeit\" \/>\n\t<meta name=\"twitter:data1\" content=\"2\u00a0Minuten\" \/>\n<script type=\"application\/ld+json\" class=\"yoast-schema-graph\">{\"@context\":\"https:\\\/\\\/schema.org\",\"@graph\":[{\"@type\":\"WebPage\",\"@id\":\"https:\\\/\\\/www.wyzgroup.com\\\/de\\\/unsere-losungen\\\/flottenverwaltung\\\/\",\"url\":\"https:\\\/\\\/www.wyzgroup.com\\\/de\\\/unsere-losungen\\\/flottenverwaltung\\\/\",\"name\":\"Flottenmanagement | WYZ Group, des solutions digitales au c\u0153ur de l\u2019Apr\u00e8s-vente automobile\u200b\",\"isPartOf\":{\"@id\":\"https:\\\/\\\/www.wyzgroup.com\\\/#website\"},\"datePublished\":\"2022-03-17T13:15:20+00:00\",\"dateModified\":\"2025-09-19T07:55:43+00:00\",\"description\":\"WYZ Group vous propose des outils web innovants incluant l'ensemble des flux de vos partenaires manufacturiers ainsi qu'une solution de d\u00e9pannage.\",\"breadcrumb\":{\"@id\":\"https:\\\/\\\/www.wyzgroup.com\\\/de\\\/unsere-losungen\\\/flottenverwaltung\\\/#breadcrumb\"},\"inLanguage\":\"de\",\"potentialAction\":[{\"@type\":\"ReadAction\",\"target\":[\"https:\\\/\\\/www.wyzgroup.com\\\/de\\\/unsere-losungen\\\/flottenverwaltung\\\/\"]}]},{\"@type\":\"BreadcrumbList\",\"@id\":\"https:\\\/\\\/www.wyzgroup.com\\\/de\\\/unsere-losungen\\\/flottenverwaltung\\\/#breadcrumb\",\"itemListElement\":[{\"@type\":\"ListItem\",\"position\":1,\"name\":\"Accueil\",\"item\":\"https:\\\/\\\/www.wyzgroup.com\\\/de\\\/\"},{\"@type\":\"ListItem\",\"position\":2,\"name\":\"Unsere L\u00f6sungen\",\"item\":\"https:\\\/\\\/www.wyzgroup.com\\\/de\\\/unsere-losungen\\\/\"},{\"@type\":\"ListItem\",\"position\":3,\"name\":\"Flottenmanagement\"}]},{\"@type\":\"WebSite\",\"@id\":\"https:\\\/\\\/www.wyzgroup.com\\\/#website\",\"url\":\"https:\\\/\\\/www.wyzgroup.com\\\/\",\"name\":\"WYZ Group\",\"description\":\"WYZ Group, des solutions digitales au c\u0153ur de l\u2019Apr\u00e8s-vente automobile\u200b\",\"potentialAction\":[{\"@type\":\"SearchAction\",\"target\":{\"@type\":\"EntryPoint\",\"urlTemplate\":\"https:\\\/\\\/www.wyzgroup.com\\\/?s={search_term_string}\"},\"query-input\":{\"@type\":\"PropertyValueSpecification\",\"valueRequired\":true,\"valueName\":\"search_term_string\"}}],\"inLanguage\":\"de\"}]}<\/script>\n<!-- \/ Yoast SEO plugin. -->","yoast_head_json":{"title":"Flottenmanagement | WYZ Group, des solutions digitales au c\u0153ur de l\u2019Apr\u00e8s-vente automobile\u200b","description":"WYZ Group vous propose des outils web innovants incluant l'ensemble des flux de vos partenaires manufacturiers ainsi qu'une solution de d\u00e9pannage.","robots":{"index":"index","follow":"follow","max-snippet":"max-snippet:-1","max-image-preview":"max-image-preview:large","max-video-preview":"max-video-preview:-1"},"canonical":"https:\/\/www.wyzgroup.com\/de\/unsere-losungen\/flottenverwaltung\/","og_locale":"de_DE","og_type":"article","og_title":"Flottenmanagement | WYZ Group, des solutions digitales au c\u0153ur de l\u2019Apr\u00e8s-vente automobile\u200b","og_description":"WYZ Group vous propose des outils web innovants incluant l'ensemble des flux de vos partenaires manufacturiers ainsi qu'une solution de d\u00e9pannage.","og_url":"https:\/\/www.wyzgroup.com\/de\/unsere-losungen\/flottenverwaltung\/","og_site_name":"WYZ Group","article_modified_time":"2025-09-19T07:55:43+00:00","og_image":[{"width":1200,"height":630,"url":"https:\/\/www.wyzgroup.com\/wp-content\/uploads\/2019\/02\/wyz-group-opengraph.jpg","type":"image\/jpeg"}],"twitter_card":"summary_large_image","twitter_misc":{"Gesch\u00e4tzte Lesezeit":"2\u00a0Minuten"},"schema":{"@context":"https:\/\/schema.org","@graph":[{"@type":"WebPage","@id":"https:\/\/www.wyzgroup.com\/de\/unsere-losungen\/flottenverwaltung\/","url":"https:\/\/www.wyzgroup.com\/de\/unsere-losungen\/flottenverwaltung\/","name":"Flottenmanagement | WYZ Group, des solutions digitales au c\u0153ur de l\u2019Apr\u00e8s-vente automobile\u200b","isPartOf":{"@id":"https:\/\/www.wyzgroup.com\/#website"},"datePublished":"2022-03-17T13:15:20+00:00","dateModified":"2025-09-19T07:55:43+00:00","description":"WYZ Group vous propose des outils web innovants incluant l'ensemble des flux de vos partenaires manufacturiers ainsi qu'une solution de d\u00e9pannage.","breadcrumb":{"@id":"https:\/\/www.wyzgroup.com\/de\/unsere-losungen\/flottenverwaltung\/#breadcrumb"},"inLanguage":"de","potentialAction":[{"@type":"ReadAction","target":["https:\/\/www.wyzgroup.com\/de\/unsere-losungen\/flottenverwaltung\/"]}]},{"@type":"BreadcrumbList","@id":"https:\/\/www.wyzgroup.com\/de\/unsere-losungen\/flottenverwaltung\/#breadcrumb","itemListElement":[{"@type":"ListItem","position":1,"name":"Accueil","item":"https:\/\/www.wyzgroup.com\/de\/"},{"@type":"ListItem","position":2,"name":"Unsere L\u00f6sungen","item":"https:\/\/www.wyzgroup.com\/de\/unsere-losungen\/"},{"@type":"ListItem","position":3,"name":"Flottenmanagement"}]},{"@type":"WebSite","@id":"https:\/\/www.wyzgroup.com\/#website","url":"https:\/\/www.wyzgroup.com\/","name":"WYZ Group","description":"WYZ Group, des solutions digitales au c\u0153ur de l\u2019Apr\u00e8s-vente automobile\u200b","potentialAction":[{"@type":"SearchAction","target":{"@type":"EntryPoint","urlTemplate":"https:\/\/www.wyzgroup.com\/?s={search_term_string}"},"query-input":{"@type":"PropertyValueSpecification","valueRequired":true,"valueName":"search_term_string"}}],"inLanguage":"de"}]}},"_links":{"self":[{"href":"https:\/\/www.wyzgroup.com\/de\/wp-json\/wp\/v2\/pages\/12106","targetHints":{"allow":["GET"]}}],"collection":[{"href":"https:\/\/www.wyzgroup.com\/de\/wp-json\/wp\/v2\/pages"}],"about":[{"href":"https:\/\/www.wyzgroup.com\/de\/wp-json\/wp\/v2\/types\/page"}],"author":[{"embeddable":true,"href":"https:\/\/www.wyzgroup.com\/de\/wp-json\/wp\/v2\/users\/10"}],"replies":[{"embeddable":true,"href":"https:\/\/www.wyzgroup.com\/de\/wp-json\/wp\/v2\/comments?post=12106"}],"version-history":[{"count":31,"href":"https:\/\/www.wyzgroup.com\/de\/wp-json\/wp\/v2\/pages\/12106\/revisions"}],"predecessor-version":[{"id":19726,"href":"https:\/\/www.wyzgroup.com\/de\/wp-json\/wp\/v2\/pages\/12106\/revisions\/19726"}],"up":[{"embeddable":true,"href":"https:\/\/www.wyzgroup.com\/de\/wp-json\/wp\/v2\/pages\/12061"}],"wp:attachment":[{"href":"https:\/\/www.wyzgroup.com\/de\/wp-json\/wp\/v2\/media?parent=12106"}],"curies":[{"name":"wp","href":"https:\/\/api.w.org\/{rel}","templated":true}]}}