{"id":12071,"date":"2022-03-17T11:34:18","date_gmt":"2022-03-17T11:34:18","guid":{"rendered":"https:\/\/www.wyzgroup.com\/unsere-loesungen\/b2b-handel\/"},"modified":"2025-05-28T13:10:51","modified_gmt":"2025-05-28T13:10:51","slug":"b2b-handel","status":"publish","type":"page","link":"https:\/\/www.wyzgroup.com\/de\/unsere-losungen\/b2b-handel\/","title":{"rendered":"B2B-Handel"},"content":{"rendered":"<div class=\"wpb-content-wrapper\"><p>[vc_row][vc_column]<style type=\"text\/css\" data-type=\"the7_shortcodes-inline-css\">.dt-breadcrumbs-id-697ca5cc01585d9cd683b336084dcb8e .breadcrumbs {\n  display: inline-block;\n  margin: 0;\n  padding: 2px 10px 2px 10px;\n  border: 0px solid ;\n  border-radius: 0px;\n}\n.dt-breadcrumbs-id-697ca5cc01585d9cd683b336084dcb8e .breadcrumbs * {\n  font-size: 17px;\n  line-height: 17px;\n  font-weight: bold;\n  color: #a2a5a6;\n}<\/style><div class=\"dt-breadcrumbs-shortcode dt-breadcrumbs-id-697ca5cc01585d9cd683b336084dcb8e align-left\"><div class=\"assistive-text\">Sie befinden sich hier:<\/div><ol class=\"breadcrumbs text-small\" itemscope itemtype=\"https:\/\/schema.org\/BreadcrumbList\"><li itemprop=\"itemListElement\" itemscope itemtype=\"https:\/\/schema.org\/ListItem\"><a itemprop=\"item\" href=\"https:\/\/www.wyzgroup.com\/de\/\" title=\"Start\"><span itemprop=\"name\">Start<\/span><\/a><meta itemprop=\"position\" content=\"1\" \/><\/li><li class=\"current\" itemprop=\"itemListElement\" itemscope itemtype=\"https:\/\/schema.org\/ListItem\"><span itemprop=\"name\">Seite<\/span><meta itemprop=\"position\" content=\"2\" \/><\/li><\/ol><\/div>[vc_empty_space height=&#8220;60px&#8220;][\/vc_column][\/vc_row][vc_row gap=&#8220;30&#8243;][vc_column width=&#8220;1\/2&#8243;][vc_single_image image=&#8220;12077&#8243; img_size=&#8220;full&#8220; alignment=&#8220;center&#8220; css_animation=&#8220;fadeIn&#8220; image_hovers=&#8220;false&#8220;][\/vc_column][vc_column width=&#8220;1\/2&#8243;][vc_custom_heading text=&#8220;Eine schl\u00fcsselfertige L\u00f6sung: die WYZ Tyre Box&#8220; use_theme_fonts=&#8220;yes&#8220; css_animation=&#8220;fadeInRight&#8220;][vc_column_text css_animation=&#8220;fadeInRight&#8220;]Wenn Sie Automobilhersteller sind, ist die WYZ Tyre Box &#8211; made by WYZ &#8211; genau das richtige Produkt f\u00fcr sie. Die WYZ Tyre Box erm\u00f6glicht die Umsetzung ihrer Reifen-Einkaufspolitik in ihrem Netzwerk. Wir kombinieren ihre Absprachen mit der Reifenindustrie mit h\u00f6chstm\u00f6glicher Verf\u00fcgbarkeit bei Lieferengp\u00e4ssen, indem wir auf die Lager europ\u00e4ischer Gro\u00dfh\u00e4ndler zugreifen.<\/p>\n<p>Die WYZ Tyre Box wurde bis heute bereits von 15 Automobilherstellern getestet und best\u00e4tigt: die WYZ Tyre Box bietet Ihrem Netzwerk eine Produktverf\u00fcgbarkeit von nahezu 100 %.<\/p>\n<p>Die St\u00e4rken unserer L\u00f6sung:<\/p>\n<ul>\n<li>Benutzerfreundlichkeit.<\/li>\n<li>Die Garantie eines zuverl\u00e4ssigen und bew\u00e4hrten Systems.<\/li>\n<li>Eine schnelle und effiziente Auftragsannahme in weniger als einer Minute.<\/li>\n<li>Kostenvoranschl\u00e4ge f\u00fcr alle Ihre Marken sind f\u00fcr Ihre Kunden innerhalb weniger Klicks verf\u00fcgbar.<\/li>\n<li>Unmittelbarer Zugriff auf Informationen zu Ihren Lieferzeiten.<\/li>\n<li>Eine st\u00e4ndige Aktualisierung von Sortiment und Preisen..<\/li>\n<\/ul>\n<p>[\/vc_column_text][\/vc_column][\/vc_row][vc_row gap=&#8220;30&#8243;][vc_column width=&#8220;1\/2&#8243;][vc_custom_heading text=&#8220;Eine integrierte L\u00f6sung bei Lieferengp\u00e4ssen&#8220; use_theme_fonts=&#8220;yes&#8220; css_animation=&#8220;fadeInLeft&#8220;][vc_column_text css_animation=&#8220;fadeInLeft&#8220;]Wenn Sie, wie einige unserer Kunden, bereits \u00fcber ein eigenes Bestellportal mit ausgew\u00e4hlten Reifenherstellern verf\u00fcgen und sie ihre Lieferf\u00e4higkeit erh\u00f6hen wollen, kann unsere L\u00f6sung in die bestehende Plattform integriert werden.<\/p>\n<p>Unsere IT-Abteilung evaluiert dann in Zusammenarbeit mit ihren Spezialisten die technischen L\u00f6sungen f\u00fcr die Integration.<\/p>\n<p>Zu unseren Kunden, die sich f\u00fcr eine Integration unseres Produkts in ihre L\u00f6sungen entschieden haben, geh\u00f6ren Michelin (Easy), Opel, Ford, Renault, PSA und Best Drive.[\/vc_column_text][\/vc_column][vc_column width=&#8220;1\/2&#8243;][vc_single_image image=&#8220;12099&#8243; img_size=&#8220;full&#8220; alignment=&#8220;center&#8220; css_animation=&#8220;fadeIn&#8220; image_hovers=&#8220;false&#8220;][\/vc_column][\/vc_row][vc_row gap=&#8220;30&#8243;][vc_column width=&#8220;1\/2&#8243;][vc_single_image image=&#8220;12083&#8243; img_size=&#8220;full&#8220; alignment=&#8220;center&#8220; css_animation=&#8220;fadeIn&#8220; image_hovers=&#8220;false&#8220;][\/vc_column][vc_column width=&#8220;1\/2&#8243;][vc_custom_heading text=&#8220;Ihre ma\u00dfgeschneiderte L\u00f6sung&#8220; use_theme_fonts=&#8220;yes&#8220; css_animation=&#8220;fadeInRight&#8220;][vc_column_text css_animation=&#8220;fadeInRight&#8220;]<strong>Sie m\u00f6chten ein neues B2B-Web-Tool f\u00fcr Ihr Netzwerk einrichten? Mit speziellen Applikationen und Funktionen ?<\/strong><\/p>\n<p>Wir k\u00f6nnen Sie bei der Erstellung eines genauen Anforderungsprofils Ihrer Bed\u00fcrfnisse unterst\u00fctzen. Gemeinsam mit Ihnen definieren wir die Etappen sowie das Timing f\u00fcr Ihr spezifisches Entwicklungsprojekt.<\/p>\n<p>[\/vc_column_text][\/vc_column][\/vc_row][vc_row css=&#8220;.vc_custom_1554472689873{margin-top: 20px !important;margin-bottom: 20px !important;}&#8220;][vc_column][vc_column_text]<br \/>\nFalls Sie weitere Informationen zu unseren B2B-L\u00f6sungen w\u00fcnschen oder ein B2B-Projekt umsetzen m\u00f6chten, <a href=\"https:\/\/www.wyzgroup.com\/de\/kontakt\/\">k\u00f6nnen Sie uns gerne kontaktieren.<\/a><br \/>\n[\/vc_column_text][\/vc_column][\/vc_row]<\/p>\n<\/div>","protected":false},"excerpt":{"rendered":"<p>[vc_row][vc_column][vc_empty_space height=&#8220;60px&#8220;][\/vc_column][\/vc_row][vc_row gap=&#8220;30&#8243;][vc_column width=&#8220;1\/2&#8243;][vc_single_image image=&#8220;12077&#8243; img_size=&#8220;full&#8220; alignment=&#8220;center&#8220; css_animation=&#8220;fadeIn&#8220; image_hovers=&#8220;false&#8220;][\/vc_column][vc_column width=&#8220;1\/2&#8243;][vc_custom_heading text=&#8220;Eine schl\u00fcsselfertige L\u00f6sung: die WYZ Tyre Box&#8220; use_theme_fonts=&#8220;yes&#8220; css_animation=&#8220;fadeInRight&#8220;][vc_column_text css_animation=&#8220;fadeInRight&#8220;]Wenn Sie Automobilhersteller sind, ist die WYZ Tyre Box &#8211; made by WYZ &#8211; genau das richtige Produkt f\u00fcr sie. Die WYZ Tyre Box erm\u00f6glicht die Umsetzung ihrer Reifen-Einkaufspolitik in ihrem Netzwerk. Wir kombinieren ihre Absprachen&hellip;<\/p>\n","protected":false},"author":10,"featured_media":0,"parent":12061,"menu_order":11,"comment_status":"closed","ping_status":"closed","template":"","meta":{"rs_blank_template":"","rs_page_bg_color":"","slide_template_v7":"","footnotes":""},"class_list":["post-12071","page","type-page","status-publish","hentry","description-off"],"yoast_head":"<!-- This site is optimized with the Yoast SEO plugin v27.5 - https:\/\/yoast.com\/product\/yoast-seo-wordpress\/ -->\n<title>B2B-Handel | WYZ Group, des solutions digitales au c\u0153ur de l\u2019Apr\u00e8s-vente automobile\u200b<\/title>\n<meta name=\"description\" content=\"WYZ Group vous propose des outils web innovants incluant l&#039;ensemble des flux de vos partenaires manufacturiers ainsi qu&#039;une solution de d\u00e9pannage.\" \/>\n<meta name=\"robots\" content=\"index, follow, max-snippet:-1, max-image-preview:large, max-video-preview:-1\" \/>\n<link rel=\"canonical\" href=\"https:\/\/www.wyzgroup.com\/de\/unsere-losungen\/b2b-handel\/\" \/>\n<meta property=\"og:locale\" content=\"de_DE\" \/>\n<meta property=\"og:type\" content=\"article\" \/>\n<meta property=\"og:title\" content=\"B2B-Handel | WYZ Group, des solutions digitales au c\u0153ur de l\u2019Apr\u00e8s-vente automobile\u200b\" \/>\n<meta property=\"og:description\" content=\"WYZ Group vous propose des outils web innovants incluant l&#039;ensemble des flux de vos partenaires manufacturiers ainsi qu&#039;une solution de d\u00e9pannage.\" \/>\n<meta property=\"og:url\" content=\"https:\/\/www.wyzgroup.com\/de\/unsere-losungen\/b2b-handel\/\" \/>\n<meta property=\"og:site_name\" content=\"WYZ Group\" \/>\n<meta property=\"article:modified_time\" content=\"2025-05-28T13:10:51+00:00\" \/>\n<meta property=\"og:image\" content=\"https:\/\/www.wyzgroup.com\/wp-content\/uploads\/2019\/02\/wyz-group-opengraph.jpg\" \/>\n\t<meta property=\"og:image:width\" content=\"1200\" \/>\n\t<meta property=\"og:image:height\" content=\"630\" \/>\n\t<meta property=\"og:image:type\" content=\"image\/jpeg\" \/>\n<meta name=\"twitter:card\" content=\"summary_large_image\" \/>\n<meta name=\"twitter:label1\" content=\"Gesch\u00e4tzte Lesezeit\" \/>\n\t<meta name=\"twitter:data1\" content=\"2\u00a0Minuten\" \/>\n<script type=\"application\/ld+json\" class=\"yoast-schema-graph\">{\"@context\":\"https:\\\/\\\/schema.org\",\"@graph\":[{\"@type\":\"WebPage\",\"@id\":\"https:\\\/\\\/www.wyzgroup.com\\\/de\\\/unsere-losungen\\\/b2b-handel\\\/\",\"url\":\"https:\\\/\\\/www.wyzgroup.com\\\/de\\\/unsere-losungen\\\/b2b-handel\\\/\",\"name\":\"B2B-Handel | WYZ Group, des solutions digitales au c\u0153ur de l\u2019Apr\u00e8s-vente automobile\u200b\",\"isPartOf\":{\"@id\":\"https:\\\/\\\/www.wyzgroup.com\\\/#website\"},\"datePublished\":\"2022-03-17T11:34:18+00:00\",\"dateModified\":\"2025-05-28T13:10:51+00:00\",\"description\":\"WYZ Group vous propose des outils web innovants incluant l'ensemble des flux de vos partenaires manufacturiers ainsi qu'une solution de d\u00e9pannage.\",\"breadcrumb\":{\"@id\":\"https:\\\/\\\/www.wyzgroup.com\\\/de\\\/unsere-losungen\\\/b2b-handel\\\/#breadcrumb\"},\"inLanguage\":\"de\",\"potentialAction\":[{\"@type\":\"ReadAction\",\"target\":[\"https:\\\/\\\/www.wyzgroup.com\\\/de\\\/unsere-losungen\\\/b2b-handel\\\/\"]}]},{\"@type\":\"BreadcrumbList\",\"@id\":\"https:\\\/\\\/www.wyzgroup.com\\\/de\\\/unsere-losungen\\\/b2b-handel\\\/#breadcrumb\",\"itemListElement\":[{\"@type\":\"ListItem\",\"position\":1,\"name\":\"Accueil\",\"item\":\"https:\\\/\\\/www.wyzgroup.com\\\/de\\\/\"},{\"@type\":\"ListItem\",\"position\":2,\"name\":\"Unsere L\u00f6sungen\",\"item\":\"https:\\\/\\\/www.wyzgroup.com\\\/de\\\/unsere-losungen\\\/\"},{\"@type\":\"ListItem\",\"position\":3,\"name\":\"B2B-Handel\"}]},{\"@type\":\"WebSite\",\"@id\":\"https:\\\/\\\/www.wyzgroup.com\\\/#website\",\"url\":\"https:\\\/\\\/www.wyzgroup.com\\\/\",\"name\":\"WYZ Group\",\"description\":\"WYZ Group, des solutions digitales au c\u0153ur de l\u2019Apr\u00e8s-vente automobile\u200b\",\"potentialAction\":[{\"@type\":\"SearchAction\",\"target\":{\"@type\":\"EntryPoint\",\"urlTemplate\":\"https:\\\/\\\/www.wyzgroup.com\\\/?s={search_term_string}\"},\"query-input\":{\"@type\":\"PropertyValueSpecification\",\"valueRequired\":true,\"valueName\":\"search_term_string\"}}],\"inLanguage\":\"de\"}]}<\/script>\n<!-- \/ Yoast SEO plugin. -->","yoast_head_json":{"title":"B2B-Handel | WYZ Group, des solutions digitales au c\u0153ur de l\u2019Apr\u00e8s-vente automobile\u200b","description":"WYZ Group vous propose des outils web innovants incluant l'ensemble des flux de vos partenaires manufacturiers ainsi qu'une solution de d\u00e9pannage.","robots":{"index":"index","follow":"follow","max-snippet":"max-snippet:-1","max-image-preview":"max-image-preview:large","max-video-preview":"max-video-preview:-1"},"canonical":"https:\/\/www.wyzgroup.com\/de\/unsere-losungen\/b2b-handel\/","og_locale":"de_DE","og_type":"article","og_title":"B2B-Handel | WYZ Group, des solutions digitales au c\u0153ur de l\u2019Apr\u00e8s-vente automobile\u200b","og_description":"WYZ Group vous propose des outils web innovants incluant l'ensemble des flux de vos partenaires manufacturiers ainsi qu'une solution de d\u00e9pannage.","og_url":"https:\/\/www.wyzgroup.com\/de\/unsere-losungen\/b2b-handel\/","og_site_name":"WYZ Group","article_modified_time":"2025-05-28T13:10:51+00:00","og_image":[{"width":1200,"height":630,"url":"https:\/\/www.wyzgroup.com\/wp-content\/uploads\/2019\/02\/wyz-group-opengraph.jpg","type":"image\/jpeg"}],"twitter_card":"summary_large_image","twitter_misc":{"Gesch\u00e4tzte Lesezeit":"2\u00a0Minuten"},"schema":{"@context":"https:\/\/schema.org","@graph":[{"@type":"WebPage","@id":"https:\/\/www.wyzgroup.com\/de\/unsere-losungen\/b2b-handel\/","url":"https:\/\/www.wyzgroup.com\/de\/unsere-losungen\/b2b-handel\/","name":"B2B-Handel | WYZ Group, des solutions digitales au c\u0153ur de l\u2019Apr\u00e8s-vente automobile\u200b","isPartOf":{"@id":"https:\/\/www.wyzgroup.com\/#website"},"datePublished":"2022-03-17T11:34:18+00:00","dateModified":"2025-05-28T13:10:51+00:00","description":"WYZ Group vous propose des outils web innovants incluant l'ensemble des flux de vos partenaires manufacturiers ainsi qu'une solution de d\u00e9pannage.","breadcrumb":{"@id":"https:\/\/www.wyzgroup.com\/de\/unsere-losungen\/b2b-handel\/#breadcrumb"},"inLanguage":"de","potentialAction":[{"@type":"ReadAction","target":["https:\/\/www.wyzgroup.com\/de\/unsere-losungen\/b2b-handel\/"]}]},{"@type":"BreadcrumbList","@id":"https:\/\/www.wyzgroup.com\/de\/unsere-losungen\/b2b-handel\/#breadcrumb","itemListElement":[{"@type":"ListItem","position":1,"name":"Accueil","item":"https:\/\/www.wyzgroup.com\/de\/"},{"@type":"ListItem","position":2,"name":"Unsere L\u00f6sungen","item":"https:\/\/www.wyzgroup.com\/de\/unsere-losungen\/"},{"@type":"ListItem","position":3,"name":"B2B-Handel"}]},{"@type":"WebSite","@id":"https:\/\/www.wyzgroup.com\/#website","url":"https:\/\/www.wyzgroup.com\/","name":"WYZ Group","description":"WYZ Group, des solutions digitales au c\u0153ur de l\u2019Apr\u00e8s-vente automobile\u200b","potentialAction":[{"@type":"SearchAction","target":{"@type":"EntryPoint","urlTemplate":"https:\/\/www.wyzgroup.com\/?s={search_term_string}"},"query-input":{"@type":"PropertyValueSpecification","valueRequired":true,"valueName":"search_term_string"}}],"inLanguage":"de"}]}},"_links":{"self":[{"href":"https:\/\/www.wyzgroup.com\/de\/wp-json\/wp\/v2\/pages\/12071","targetHints":{"allow":["GET"]}}],"collection":[{"href":"https:\/\/www.wyzgroup.com\/de\/wp-json\/wp\/v2\/pages"}],"about":[{"href":"https:\/\/www.wyzgroup.com\/de\/wp-json\/wp\/v2\/types\/page"}],"author":[{"embeddable":true,"href":"https:\/\/www.wyzgroup.com\/de\/wp-json\/wp\/v2\/users\/10"}],"replies":[{"embeddable":true,"href":"https:\/\/www.wyzgroup.com\/de\/wp-json\/wp\/v2\/comments?post=12071"}],"version-history":[{"count":27,"href":"https:\/\/www.wyzgroup.com\/de\/wp-json\/wp\/v2\/pages\/12071\/revisions"}],"predecessor-version":[{"id":18958,"href":"https:\/\/www.wyzgroup.com\/de\/wp-json\/wp\/v2\/pages\/12071\/revisions\/18958"}],"up":[{"embeddable":true,"href":"https:\/\/www.wyzgroup.com\/de\/wp-json\/wp\/v2\/pages\/12061"}],"wp:attachment":[{"href":"https:\/\/www.wyzgroup.com\/de\/wp-json\/wp\/v2\/media?parent=12071"}],"curies":[{"name":"wp","href":"https:\/\/api.w.org\/{rel}","templated":true}]}}