{"id":12063,"date":"2022-03-17T11:32:45","date_gmt":"2022-03-17T11:32:45","guid":{"rendered":"https:\/\/www.wyzgroup.com\/unsere-loesungen\/staendige-innovation\/"},"modified":"2025-05-28T12:31:55","modified_gmt":"2025-05-28T12:31:55","slug":"staendige-innovation","status":"publish","type":"page","link":"https:\/\/www.wyzgroup.com\/de\/unsere-losungen\/staendige-innovation\/","title":{"rendered":"Exzellenz durch Innovation"},"content":{"rendered":"<div class=\"wpb-content-wrapper\"><p>.[vc_row][vc_column]<style type=\"text\/css\" data-type=\"the7_shortcodes-inline-css\">.dt-breadcrumbs-id-697ca5cc01585d9cd683b336084dcb8e .breadcrumbs {\n  display: inline-block;\n  margin: 0;\n  padding: 2px 10px 2px 10px;\n  border: 0px solid ;\n  border-radius: 0px;\n}\n.dt-breadcrumbs-id-697ca5cc01585d9cd683b336084dcb8e .breadcrumbs * {\n  font-size: 17px;\n  line-height: 17px;\n  font-weight: bold;\n  color: #a2a5a6;\n}<\/style><div class=\"dt-breadcrumbs-shortcode dt-breadcrumbs-id-697ca5cc01585d9cd683b336084dcb8e align-left\"><div class=\"assistive-text\">Sie befinden sich hier:<\/div><ol class=\"breadcrumbs text-small\" itemscope itemtype=\"https:\/\/schema.org\/BreadcrumbList\"><li itemprop=\"itemListElement\" itemscope itemtype=\"https:\/\/schema.org\/ListItem\"><a itemprop=\"item\" href=\"https:\/\/www.wyzgroup.com\/de\/\" title=\"Start\"><span itemprop=\"name\">Start<\/span><\/a><meta itemprop=\"position\" content=\"1\" \/><\/li><li class=\"current\" itemprop=\"itemListElement\" itemscope itemtype=\"https:\/\/schema.org\/ListItem\"><span itemprop=\"name\">Seite<\/span><meta itemprop=\"position\" content=\"2\" \/><\/li><\/ol><\/div>[vc_empty_space height=&#8220;60px&#8220;][\/vc_column][\/vc_row][vc_row gap=&#8220;30&#8243;][vc_column width=&#8220;1\/2&#8243;][vc_single_image image=&#8220;469&#8243; img_size=&#8220;full&#8220; alignment=&#8220;center&#8220; css_animation=&#8220;fadeIn&#8220; image_hovers=&#8220;false&#8220; css=&#8220;.vc_custom_1542965827600{margin-top: 8px !important;}&#8220;][\/vc_column][vc_column width=&#8220;1\/2&#8243;][vc_custom_heading text=&#8220;Innovation bedeutet Exzellenz&#8220; use_theme_fonts=&#8220;yes&#8220; css_animation=&#8220;fadeInRight&#8220;][vc_column_text css_animation=&#8220;fadeInRight&#8220;]<\/p>\n<p>Seit Jahren kennt WYZ nur einen einzigen Antrieb: Innovation.<br \/>\nSie ist unser Selbstverst\u00e4ndnis, unsere Motivation und unser Versprechen<\/p>\n<p>Bereits 2010, nur ein Jahr nach der Gr\u00fcndung von WYZ, zeichnet die Elite-Universit\u00e4t HEC (Wettbewerb f\u00fcr Unternehmerinitiative der Hochschule HEC) das von WYZ entwickelte neue Gesch\u00e4ftsmodell mit einem Sonderpreis aus und lobt insbesondere seine Serviceangebote f\u00fcr Flottenmanagement. Eine prestigetr\u00e4chtige Auszeichnung, vor allem jedoch eine Ermutigung, die unsere Entwicklung vorantreibt.<\/p>\n<p>Im Jahr 2012 bezog WYZ ihren Sitz im Herzen des Technologieparks von Compi\u00e8gne, eine Hochburg f\u00fcr viele Start-ups. In dieser Umgebung von hochausgebildeten Ingenieuren und Firmen, die ihren Fokus auf zukunftstr\u00e4chtige Technologien ausrichteten, konnte WYZ seine Position als innovatives Unternehmen festigen.<\/p>\n<p>[\/vc_column_text][\/vc_column][\/vc_row][vc_row gap=&#8220;30&#8243;][vc_column width=&#8220;1\/2&#8243;][vc_column_text css_animation=&#8220;fadeInLeft&#8220; css=&#8220;.vc_custom_1641828517408{margin-top: 0px !important;}&#8220;]<\/p>\n<p><strong>2014 ist das Jahr des Aufschwungs, symbolisiert durch den neuen Anteilseigner Bpifrance<\/strong>\u00a0(Banque Publique d\u2019Investissement, \u00d6ffentliche Investitionsbank).<br \/>\nNur f\u00fcnf Jahre nach Gr\u00fcndung erh\u00e4lt WYZ einen Platz in der Reihe der 3000 Unternehmen mit dem Siegel BPI-Exzellenz. 2016 wird die WYZ Group in das exklusive \u201eBeschleunigungsprogramm f\u00fcr KMU\u201c aufgenommen, das unter der Schirmherrschaft von Emmanuel Macron steht und von Bpifrance verwaltet wird. Ein wahrer Schub f\u00fcr WYZ und seine Mitarbeiter.<\/p>\n<p><strong>2021<\/strong> erwirbt die WYZ-Gruppe das Unternehmen Spid Tech, das auf E-Commerce-Tools f\u00fcr Ersatzteile und Zubeh\u00f6r spezialisiert ist.<\/p>\n<p><strong>2022<\/strong> \u00e4ndert die WYZ Group ihre Gr\u00f6\u00dfe und zieht in ein neues, umweltfreundliches, 800 m2 gro\u00dfes Geb\u00e4ude um.<\/p>\n<p><strong>2025<\/strong> \u00fcbernimmt die WYZ-Gruppe das deutsche Unternehmen UIM, das auf zentrale Rechnungsstellung spezialisiert ist. Das Unternehmen setzt seine Internationalisierung fort und dehnt seine geografische Reichweite bis nach Asien aus.<\/p>\n<p>&nbsp;<\/p>\n<p><i>\u00dcbersetzt mit <a href=\"https:\/\/www.deepl.com\/?utm_campaign=product&amp;utm_source=web_translator&amp;utm_medium=web&amp;utm_content=copy_free_translation\">DeepL.com<\/a> (kostenlose Version)<\/i><\/p>\n<p>Wir zeigen unsere B2B-Expertise bei der Sicherstellung von Reifen-Verf\u00fcgbarkeit. Inzwischen ist WYZ der Spezialist f\u00fcr das Prozessmanagement von Preisen und Best\u00e4nden. Unsere Kunden wissen, dass wir Innovation in Kundennutzen umsetzen.<\/p>\n<p>[\/vc_column_text][\/vc_column][\/vc_row][vc_row][vc_column][\/vc_column][\/vc_row].<\/p>\n<\/div>","protected":false},"excerpt":{"rendered":"<p>.[vc_row][vc_column][vc_empty_space height=&#8220;60px&#8220;][\/vc_column][\/vc_row][vc_row gap=&#8220;30&#8243;][vc_column width=&#8220;1\/2&#8243;][vc_single_image image=&#8220;469&#8243; img_size=&#8220;full&#8220; alignment=&#8220;center&#8220; css_animation=&#8220;fadeIn&#8220; image_hovers=&#8220;false&#8220; css=&#8220;.vc_custom_1542965827600{margin-top: 8px !important;}&#8220;][\/vc_column][vc_column width=&#8220;1\/2&#8243;][vc_custom_heading text=&#8220;Innovation bedeutet Exzellenz&#8220; use_theme_fonts=&#8220;yes&#8220; css_animation=&#8220;fadeInRight&#8220;][vc_column_text css_animation=&#8220;fadeInRight&#8220;] Seit Jahren kennt WYZ nur einen einzigen Antrieb: Innovation. Sie ist unser Selbstverst\u00e4ndnis, unsere Motivation und unser Versprechen Bereits 2010, nur ein Jahr nach der Gr\u00fcndung von WYZ, zeichnet die Elite-Universit\u00e4t HEC (Wettbewerb f\u00fcr Unternehmerinitiative der&hellip;<\/p>\n","protected":false},"author":10,"featured_media":0,"parent":12061,"menu_order":10,"comment_status":"closed","ping_status":"closed","template":"","meta":{"rs_blank_template":"","rs_page_bg_color":"","slide_template_v7":"","footnotes":""},"class_list":["post-12063","page","type-page","status-publish","hentry","description-off"],"yoast_head":"<!-- This site is optimized with the Yoast SEO plugin v27.2 - https:\/\/yoast.com\/product\/yoast-seo-wordpress\/ -->\n<title>Exzellenz durch Innovation<\/title>\n<meta name=\"description\" content=\"Seit 11 Jahren kennt WYZ nur einen einzigen Antrieb: Innovation.\" \/>\n<meta name=\"robots\" content=\"index, follow, max-snippet:-1, max-image-preview:large, max-video-preview:-1\" \/>\n<link rel=\"canonical\" href=\"https:\/\/www.wyzgroup.com\/de\/unsere-losungen\/staendige-innovation\/\" \/>\n<meta property=\"og:locale\" content=\"de_DE\" \/>\n<meta property=\"og:type\" content=\"article\" \/>\n<meta property=\"og:title\" content=\"Exzellenz durch Innovation\" \/>\n<meta property=\"og:description\" content=\"Seit 11 Jahren kennt WYZ nur einen einzigen Antrieb: Innovation.\" \/>\n<meta property=\"og:url\" content=\"https:\/\/www.wyzgroup.com\/de\/unsere-losungen\/staendige-innovation\/\" \/>\n<meta property=\"og:site_name\" content=\"WYZ Group\" \/>\n<meta property=\"article:modified_time\" content=\"2025-05-28T12:31:55+00:00\" \/>\n<meta property=\"og:image\" content=\"https:\/\/www.wyzgroup.com\/wp-content\/uploads\/2019\/02\/wyz-group-opengraph.jpg\" \/>\n\t<meta property=\"og:image:width\" content=\"1200\" \/>\n\t<meta property=\"og:image:height\" content=\"630\" \/>\n\t<meta property=\"og:image:type\" content=\"image\/jpeg\" \/>\n<meta name=\"twitter:card\" content=\"summary_large_image\" \/>\n<meta name=\"twitter:label1\" content=\"Gesch\u00e4tzte Lesezeit\" \/>\n\t<meta name=\"twitter:data1\" content=\"2\u00a0Minuten\" \/>\n<script type=\"application\/ld+json\" class=\"yoast-schema-graph\">{\"@context\":\"https:\/\/schema.org\",\"@graph\":[{\"@type\":\"WebPage\",\"@id\":\"https:\/\/www.wyzgroup.com\/de\/unsere-losungen\/staendige-innovation\/\",\"url\":\"https:\/\/www.wyzgroup.com\/de\/unsere-losungen\/staendige-innovation\/\",\"name\":\"Exzellenz durch Innovation\",\"isPartOf\":{\"@id\":\"https:\/\/www.wyzgroup.com\/#website\"},\"datePublished\":\"2022-03-17T11:32:45+00:00\",\"dateModified\":\"2025-05-28T12:31:55+00:00\",\"description\":\"Seit 11 Jahren kennt WYZ nur einen einzigen Antrieb: Innovation.\",\"breadcrumb\":{\"@id\":\"https:\/\/www.wyzgroup.com\/de\/unsere-losungen\/staendige-innovation\/#breadcrumb\"},\"inLanguage\":\"de\",\"potentialAction\":[{\"@type\":\"ReadAction\",\"target\":[\"https:\/\/www.wyzgroup.com\/de\/unsere-losungen\/staendige-innovation\/\"]}]},{\"@type\":\"BreadcrumbList\",\"@id\":\"https:\/\/www.wyzgroup.com\/de\/unsere-losungen\/staendige-innovation\/#breadcrumb\",\"itemListElement\":[{\"@type\":\"ListItem\",\"position\":1,\"name\":\"Accueil\",\"item\":\"https:\/\/www.wyzgroup.com\/de\/\"},{\"@type\":\"ListItem\",\"position\":2,\"name\":\"Unsere L\u00f6sungen\",\"item\":\"https:\/\/www.wyzgroup.com\/de\/unsere-losungen\/\"},{\"@type\":\"ListItem\",\"position\":3,\"name\":\"Exzellenz durch Innovation\"}]},{\"@type\":\"WebSite\",\"@id\":\"https:\/\/www.wyzgroup.com\/#website\",\"url\":\"https:\/\/www.wyzgroup.com\/\",\"name\":\"WYZ Group\",\"description\":\"WYZ Group, des solutions digitales au c\u0153ur de l\u2019Apr\u00e8s-vente automobile\u200b\",\"potentialAction\":[{\"@type\":\"SearchAction\",\"target\":{\"@type\":\"EntryPoint\",\"urlTemplate\":\"https:\/\/www.wyzgroup.com\/?s={search_term_string}\"},\"query-input\":{\"@type\":\"PropertyValueSpecification\",\"valueRequired\":true,\"valueName\":\"search_term_string\"}}],\"inLanguage\":\"de\"}]}<\/script>\n<!-- \/ Yoast SEO plugin. -->","yoast_head_json":{"title":"Exzellenz durch Innovation","description":"Seit 11 Jahren kennt WYZ nur einen einzigen Antrieb: Innovation.","robots":{"index":"index","follow":"follow","max-snippet":"max-snippet:-1","max-image-preview":"max-image-preview:large","max-video-preview":"max-video-preview:-1"},"canonical":"https:\/\/www.wyzgroup.com\/de\/unsere-losungen\/staendige-innovation\/","og_locale":"de_DE","og_type":"article","og_title":"Exzellenz durch Innovation","og_description":"Seit 11 Jahren kennt WYZ nur einen einzigen Antrieb: Innovation.","og_url":"https:\/\/www.wyzgroup.com\/de\/unsere-losungen\/staendige-innovation\/","og_site_name":"WYZ Group","article_modified_time":"2025-05-28T12:31:55+00:00","og_image":[{"width":1200,"height":630,"url":"https:\/\/www.wyzgroup.com\/wp-content\/uploads\/2019\/02\/wyz-group-opengraph.jpg","type":"image\/jpeg"}],"twitter_card":"summary_large_image","twitter_misc":{"Gesch\u00e4tzte Lesezeit":"2\u00a0Minuten"},"schema":{"@context":"https:\/\/schema.org","@graph":[{"@type":"WebPage","@id":"https:\/\/www.wyzgroup.com\/de\/unsere-losungen\/staendige-innovation\/","url":"https:\/\/www.wyzgroup.com\/de\/unsere-losungen\/staendige-innovation\/","name":"Exzellenz durch Innovation","isPartOf":{"@id":"https:\/\/www.wyzgroup.com\/#website"},"datePublished":"2022-03-17T11:32:45+00:00","dateModified":"2025-05-28T12:31:55+00:00","description":"Seit 11 Jahren kennt WYZ nur einen einzigen Antrieb: Innovation.","breadcrumb":{"@id":"https:\/\/www.wyzgroup.com\/de\/unsere-losungen\/staendige-innovation\/#breadcrumb"},"inLanguage":"de","potentialAction":[{"@type":"ReadAction","target":["https:\/\/www.wyzgroup.com\/de\/unsere-losungen\/staendige-innovation\/"]}]},{"@type":"BreadcrumbList","@id":"https:\/\/www.wyzgroup.com\/de\/unsere-losungen\/staendige-innovation\/#breadcrumb","itemListElement":[{"@type":"ListItem","position":1,"name":"Accueil","item":"https:\/\/www.wyzgroup.com\/de\/"},{"@type":"ListItem","position":2,"name":"Unsere L\u00f6sungen","item":"https:\/\/www.wyzgroup.com\/de\/unsere-losungen\/"},{"@type":"ListItem","position":3,"name":"Exzellenz durch Innovation"}]},{"@type":"WebSite","@id":"https:\/\/www.wyzgroup.com\/#website","url":"https:\/\/www.wyzgroup.com\/","name":"WYZ Group","description":"WYZ Group, des solutions digitales au c\u0153ur de l\u2019Apr\u00e8s-vente automobile\u200b","potentialAction":[{"@type":"SearchAction","target":{"@type":"EntryPoint","urlTemplate":"https:\/\/www.wyzgroup.com\/?s={search_term_string}"},"query-input":{"@type":"PropertyValueSpecification","valueRequired":true,"valueName":"search_term_string"}}],"inLanguage":"de"}]}},"_links":{"self":[{"href":"https:\/\/www.wyzgroup.com\/de\/wp-json\/wp\/v2\/pages\/12063","targetHints":{"allow":["GET"]}}],"collection":[{"href":"https:\/\/www.wyzgroup.com\/de\/wp-json\/wp\/v2\/pages"}],"about":[{"href":"https:\/\/www.wyzgroup.com\/de\/wp-json\/wp\/v2\/types\/page"}],"author":[{"embeddable":true,"href":"https:\/\/www.wyzgroup.com\/de\/wp-json\/wp\/v2\/users\/10"}],"replies":[{"embeddable":true,"href":"https:\/\/www.wyzgroup.com\/de\/wp-json\/wp\/v2\/comments?post=12063"}],"version-history":[{"count":46,"href":"https:\/\/www.wyzgroup.com\/de\/wp-json\/wp\/v2\/pages\/12063\/revisions"}],"predecessor-version":[{"id":18947,"href":"https:\/\/www.wyzgroup.com\/de\/wp-json\/wp\/v2\/pages\/12063\/revisions\/18947"}],"up":[{"embeddable":true,"href":"https:\/\/www.wyzgroup.com\/de\/wp-json\/wp\/v2\/pages\/12061"}],"wp:attachment":[{"href":"https:\/\/www.wyzgroup.com\/de\/wp-json\/wp\/v2\/media?parent=12063"}],"curies":[{"name":"wp","href":"https:\/\/api.w.org\/{rel}","templated":true}]}}