{"id":12045,"date":"2022-03-17T11:20:52","date_gmt":"2022-03-17T11:20:52","guid":{"rendered":"https:\/\/www.wyzgroup.com\/wyz-group\/csr-ansatz\/"},"modified":"2022-05-16T10:00:14","modified_gmt":"2022-05-16T10:00:14","slug":"csr-ansatz","status":"publish","type":"page","link":"https:\/\/www.wyzgroup.com\/de\/wyz-group\/csr-ansatz\/","title":{"rendered":"CSR-Ansatz"},"content":{"rendered":"<div class=\"wpb-content-wrapper\"><p>[vc_row][vc_column][vc_column_text].[\/vc_column_text][\/vc_column][\/vc_row][vc_row][vc_column]<style type=\"text\/css\" data-type=\"the7_shortcodes-inline-css\">.dt-breadcrumbs-id-697ca5cc01585d9cd683b336084dcb8e .breadcrumbs {\n  display: inline-block;\n  margin: 0;\n  padding: 2px 10px 2px 10px;\n  border: 0px solid ;\n  border-radius: 0px;\n}\n.dt-breadcrumbs-id-697ca5cc01585d9cd683b336084dcb8e .breadcrumbs * {\n  font-size: 17px;\n  line-height: 17px;\n  font-weight: bold;\n  color: #a2a5a6;\n}<\/style><div class=\"dt-breadcrumbs-shortcode dt-breadcrumbs-id-697ca5cc01585d9cd683b336084dcb8e align-left\"><div class=\"assistive-text\">Sie befinden sich hier:<\/div><ol class=\"breadcrumbs text-small\" itemscope itemtype=\"https:\/\/schema.org\/BreadcrumbList\"><li itemprop=\"itemListElement\" itemscope itemtype=\"https:\/\/schema.org\/ListItem\"><a itemprop=\"item\" href=\"https:\/\/www.wyzgroup.com\/de\/\" title=\"Start\"><span itemprop=\"name\">Start<\/span><\/a><meta itemprop=\"position\" content=\"1\" \/><\/li><li class=\"current\" itemprop=\"itemListElement\" itemscope itemtype=\"https:\/\/schema.org\/ListItem\"><span itemprop=\"name\">Seite<\/span><meta itemprop=\"position\" content=\"2\" \/><\/li><\/ol><\/div>[vc_empty_space height=&#8220;60px&#8220;][vc_row_inner][vc_column_inner width=&#8220;1\/2&#8243;][vc_custom_heading text=&#8220;WYZ, EIN VERANTWORTUNGSBEWUSSTES UNTERNEHMEN&#8220; use_theme_fonts=&#8220;yes&#8220; css=&#8220;.vc_custom_1629966538329{margin-bottom: 20px !important;}&#8220;][vc_column_text css_animation=&#8220;fadeInLeft&#8220;]<\/p>\n<h3>WYZ verfolgt einen klaren CSR-Ansatz, der auf den Werten des Unternehmens basiert. Seit Jahren werden von Pierre Guirard und seinem Team zahlreiche Ma\u00dfnahmen ergriffen, die nicht nur dem Wohl der Mitarbeiter dienen, sondern diese gleichzeitig f\u00fcr soziale und nachhaltige Entwicklungen sensibilisieren.<\/h3>\n<p>[\/vc_column_text][\/vc_column_inner][vc_column_inner width=&#8220;1\/2&#8243;][vc_single_image image=&#8220;12055&#8243; img_size=&#8220;full&#8220; alignment=&#8220;center&#8220; css_animation=&#8220;fadeIn&#8220;][\/vc_column_inner][\/vc_row_inner][\/vc_column][\/vc_row][vc_row][vc_column][vc_custom_heading text=&#8220;Die Sozialleistungen von WYZ&#8220; use_theme_fonts=&#8220;yes&#8220; css=&#8220;.vc_custom_1629898132477{margin-bottom: 20px !important;}&#8220;][\/vc_column][\/vc_row][vc_row][vc_column width=&#8220;1\/2&#8243;][vc_hoverbox image=&#8220;12054&#8243; primary_title=&#8220;WYZ&#8220; primary_align=&#8220;left&#8220; hover_title=&#8220;&#8220; shape=&#8220;square&#8220; hover_background_color=&#8220;custom&#8220; css_animation=&#8220;fadeIn&#8220; use_custom_fonts_primary_title=&#8220;true&#8220; use_custom_fonts_hover_title=&#8220;true&#8220; reverse=&#8220;true&#8220; hover_custom_background=&#8220;#007191&#8243; css=&#8220;.vc_custom_1629966918045{margin-bottom: 10px !important;}&#8220;]<\/p>\n<ul>\n<li>\n<h3><span class=\"difference\">G<\/span>e<span class=\"difference\">m<\/span>e<span class=\"difference\">in<\/span>s<span class=\"difference\">amer S<\/span>port<\/h3>\n<\/li>\n<li>\n<h3>Ansprechend gestaltete R\u00e4umlichkeiten<\/h3>\n<\/li>\n<li>\n<h3>Schwerpunkt auf lokale Wertsch\u00f6pfung<\/h3>\n<\/li>\n<li>\n<h3>Arbeit im Homeoffice<\/h3>\n<\/li>\n<li>\n<h3>Beteiligung an der Betriebskrankenkasse<\/h3>\n<\/li>\n<\/ul>\n<p>[\/vc_hoverbox][\/vc_column][vc_column width=&#8220;1\/2&#8243;][vc_column_text css_animation=&#8220;fadeInRight&#8220; el_class=&#8220;texteGroupe&#8220;]F\u00fcr WYZ steht das Wohlergehen der Mitarbeiter im Vordergrund. Sport ist f\u00fcr WYZ ein integraler Bestandteil des Lebens im Unternehmen und es ist wichtig, dass jede(r) regelm\u00e4\u00dfig die Gelegenheit bekommt, eine Sportart auszu\u00fcben, die ihm oder ihr gef\u00e4llt. Neben den angebotenen gemeinschaftlichen Herausforderungen im Schwimmen und Radfahren werden f\u00fcr alle Interessierten auch w\u00f6chentliche Yogakurse angeboten.<\/p>\n<p>Unsere R\u00e4umlichkeiten entsprechen bez\u00fcglich Kommunikation und Einrichtung modernsten Standards. Sie verf\u00fcgen u.a. \u00fcber Entspannungsbereiche (Sofas, Tischfu\u00dfball&#8230;) sowie eine Cafeteria.<\/p>\n<p>Zudem bevorzugt das Unternehmen, wann immer es m\u00f6glich ist, lokale Lieferanten. Dies betrifft Veranstaltungsmanagement genauso wie Verkaufs- und Marketingaktionen.<\/p>\n<p>WYZ unterst\u00fctzt die Arbeit aus dem Homeoffice. Schon vor der COVID-Krise war mithilfe der Personalvertretung ein Rahmen geschaffen worden, der klare Regeln f\u00fcr die Einf\u00fchrung des Homeoffice bildete. Seitdem wurde eine Vereinbarung getroffen, die f\u00fcr alle Mitarbeiter ein bis zwei Tage Homeoffice pro Woche (au\u00dferhalb der COVID-Zeit) erm\u00f6glicht.<\/p>\n<p>Ein letzter, nicht zu vernachl\u00e4ssigender Punkt: WYZ hat sich f\u00fcr eine Beteiligung von 80 % an der Finanzierung der Betriebskrankenkasse seiner Mitarbeiter entschieden (gesetzlich vorgeschrieben sind 50 %).[\/vc_column_text][\/vc_column][\/vc_row][vc_row][vc_column width=&#8220;1\/2&#8243;][vc_column_text css_animation=&#8220;fadeInLeft&#8220;]Die Integration in eine Gemeinschaft ist eine wesentliche Phase im Lebenszyklus von Mitarbeitern. Aus diesem Grund haben wir einen Prozess f\u00fcr den Empfang neuer Mitarbeiter entwickelt. Jeder Neuank\u00f6mmling erh\u00e4lt ein &#8222;Welcome Package\u201c und wird au\u00dferdem von einem &#8222;WYZpair&#8220;-Paten begleitet.<\/p>\n<p>Zudem ist derzeit ein Projekt f\u00fcr das Teilen von Kompetenzen durch Minitrainings namens &#8222;WYZ Skills\u201c im Gespr\u00e4ch: Mitarbeiter melden sich freiwillig, um ihre F\u00e4higkeiten weiterzugeben, entweder zu den bei WYZ relevanten Berufen oder zu Themen, die ihnen am Herzen liegen. Sie werden jedes Jahr durch individuelle Fortbildungsma\u00dfnahmen erg\u00e4nzt.<\/p>\n<p>WYZ achtet au\u00dferdem auf die Gleichstellung von M\u00e4nnern und Frauen in Bezug auf Parit\u00e4t, Verantwortlichkeiten und Geh\u00e4ltern.<\/p>\n<p>Schlie\u00dflich arbeitet WYZ mit vielen dualen Studenten oder Praktikanten zusammen. Wir f\u00f6rdern aktiv die Integration junger Menschen in die Arbeitswelt.[\/vc_column_text][\/vc_column][vc_column width=&#8220;1\/2&#8243;][vc_hoverbox image=&#8220;12053&#8243; primary_title=&#8220;&#8220; hover_title=&#8220;&#8220; shape=&#8220;square&#8220; hover_background_color=&#8220;custom&#8220; css_animation=&#8220;fadeIn&#8220; use_custom_fonts_hover_title=&#8220;true&#8220; reverse=&#8220;true&#8220; hover_custom_background=&#8220;#007191&#8243;]<\/p>\n<ul>\n<li>\n<h3>Onboarding<\/h3>\n<\/li>\n<li>\n<h3>WYZ Skills<\/h3>\n<\/li>\n<li>\n<h3>Parit\u00e4t<\/h3>\n<\/li>\n<li>\n<h3>Eingliederung junger Menschen<\/h3>\n<\/li>\n<li>\n<h3>Erfolgsbeteiligung<\/h3>\n<\/li>\n<li>\n<h3>Sponsoring<\/h3>\n<\/li>\n<\/ul>\n<p>[\/vc_hoverbox][\/vc_column][\/vc_row][vc_row][vc_column][vc_empty_space][vc_custom_heading text=&#8220;Der Umwelt-Schwerpunkt&#8220; use_theme_fonts=&#8220;yes&#8220; css=&#8220;.vc_custom_1629899036429{margin-bottom: 20px !important;}&#8220;][\/vc_column][\/vc_row][vc_row content_placement=&#8220;top&#8220; css=&#8220;.vc_custom_1542292110748{margin-bottom: 30px !important;}&#8220;][vc_column css_animation=&#8220;fadeInLeft&#8220; width=&#8220;1\/2&#8243;][vc_hoverbox image=&#8220;12052&#8243; primary_title=&#8220;&#8220; hover_title=&#8220;&#8220; shape=&#8220;square&#8220; hover_background_color=&#8220;custom&#8220; css_animation=&#8220;none&#8220; reverse=&#8220;true&#8220; hover_custom_background=&#8220;#007191&#8243;]<\/p>\n<ul>\n<li>\n<h3>Umweltsteuer auf Reifen<\/h3>\n<\/li>\n<li>\n<h3>Reduzierung von Kunststoffabf\u00e4llen<\/h3>\n<\/li>\n<li>\n<h3>Sensibilisierung Energie sparen<\/h3>\n<\/li>\n<li>\n<h3>Einhaltung aller notwendigen Schritte f\u00fcr das Recycling<\/h3>\n<\/li>\n<\/ul>\n<p>[\/vc_hoverbox][\/vc_column][vc_column css_animation=&#8220;fadeIn&#8220; width=&#8220;1\/2&#8243;][vc_column_text css_animation=&#8220;fadeInRight&#8220; el_class=&#8220;texteGroupe&#8220;]Selbstverst\u00e4ndlich arbeitet WYZ mit zertifizierten Entsorgern zusammen.<\/p>\n<p>Auch in unseren eigenen B\u00fcros haben sich die guten Praktiken schnell verbreitet. Es ist zum Beispiel allen bewusst, dass sie beim Ausdrucken von Dokumenten nur die wirklich ben\u00f6tigten Seiten drucken sollen. Ein Plan f\u00fcr die Digitalisierung der Kundenrechnungen ist ebenfalls in Kraft getreten, nach dem diese per E-Mail und nicht mehr per Post verschickt werden. Um unseren Papierverbrauch noch weiter zu reduzieren, empfangen wir die Rechnungen unserer Zulieferer per E-Mail oder durch Hinterlegung in einer sicheren Webumgebung.<\/p>\n<p>Unsere Mitarbeiter sind umweltbewusst. Um dies zu unterst\u00fctzen, bieten wir allen Mitarbeitern wiederverwendbare Becher sowie Trinkflaschen aus Glas an. Es stehen Wasserspender mit gefiltertem Wasser zu ihrer Verf\u00fcgung, um die Verwendung von Plastikflaschen zu reduzieren. Unsere Mitarbeiter erhalten Stofftaschen mit dem WYZ-Logo, um auf Plastikt\u00fcten so weit wie m\u00f6glich zu verzichten.<\/p>\n<p>F\u00fcr den Abfall, der im Alltag im B\u00fcro anf\u00e4llt, haben wir ein umfassendes System der M\u00fclltrennung eingef\u00fchrt.<\/p>\n<p>WYZ hat zudem in Heizungs- und Klimasysteme mit automatischer Programmierung investiert und begrenzt\u00a0 so die beim Heizen entstehenden Energieverluste. Schlie\u00dflich befinden wir uns derzeit in der schrittweisen Umstellung auf LED-Beleuchtung f\u00fcr das gesamte Unternehmen.[\/vc_column_text][\/vc_column][\/vc_row][vc_row][vc_column][vc_empty_space][\/vc_column][\/vc_row][vc_row css=&#8220;.vc_custom_1629986397525{background-color: #e9e9e9 !important;}&#8220;][vc_column][vc_column_text css_animation=&#8220;fadeIn&#8220; css=&#8220;.vc_custom_1629986444746{padding-right: 20px !important;padding-left: 20px !important;background-color: #e9e9e9 !important;}&#8220;]<\/p>\n<h3>Was ist die soziale Verantwortung der Unternehmen (Corporate Social Responsibility, CSR) ?<\/h3>\n<p>Die gesellschaftliche Verantwortung der Unternehmen wird von der Europ\u00e4ischen Kommission definiert als die freiwillige Einbeziehung sozialer und \u00f6kologischer Belange durch die Unternehmen in ihre Gesch\u00e4ftst\u00e4tigkeit und den damit im Zusammenhang stehenden Interessengruppen.<\/p>\n<p>Mit anderen Worten: CSR ist \u201eder Beitrag der Unternehmen zu nachhaltiger Entwicklung&#8220;.<\/p>\n<p>Ein Unternehmen, das einen CSR-Ansatz verfolgt, strebt danach, positiv f\u00fcr die Gesellschaft zu agieren und gleichzeitig wirtschaftlich erfolgreich zu sein.<\/p>\n<p>Die Norm ISO 26000, ein internationaler Standard, definiert CSR rund um sieben zentrale Aspekte:<\/p>\n<ol>\n<li>Organisationsf\u00fchrung<\/li>\n<li>die Einhaltung der Menschenrechte<\/li>\n<li>die Qualit\u00e4t der Arbeitsbeziehungen und -bedingungen<\/li>\n<li>der Schutz der Umwelt<\/li>\n<li>die Lauterkeit der Praktiken<\/li>\n<li>der Grad der Verbraucherorientierung<\/li>\n<li>Einbindung und Entwicklung der Gemeinschaft<\/li>\n<\/ol>\n<p>(Quelle: economie.gouv.fr)[\/vc_column_text][\/vc_column][\/vc_row][vc_row][vc_column][vc_empty_space][\/vc_column][\/vc_row][vc_row][vc_column][vc_column_text].[\/vc_column_text][\/vc_column][\/vc_row]<\/p>\n<\/div>","protected":false},"excerpt":{"rendered":"<p>[vc_row][vc_column][vc_column_text].[\/vc_column_text][\/vc_column][\/vc_row][vc_row][vc_column][vc_empty_space height=&#8220;60px&#8220;][vc_row_inner][vc_column_inner width=&#8220;1\/2&#8243;][vc_custom_heading text=&#8220;WYZ, EIN VERANTWORTUNGSBEWUSSTES UNTERNEHMEN&#8220; use_theme_fonts=&#8220;yes&#8220; css=&#8220;.vc_custom_1629966538329{margin-bottom: 20px !important;}&#8220;][vc_column_text css_animation=&#8220;fadeInLeft&#8220;] WYZ verfolgt einen klaren CSR-Ansatz, der auf den Werten des Unternehmens basiert. Seit Jahren werden von Pierre Guirard und seinem Team zahlreiche Ma\u00dfnahmen ergriffen, die nicht nur dem Wohl der Mitarbeiter dienen, sondern diese gleichzeitig f\u00fcr soziale und nachhaltige Entwicklungen sensibilisieren. [\/vc_column_text][\/vc_column_inner][vc_column_inner width=&#8220;1\/2&#8243;][vc_single_image&hellip;<\/p>\n","protected":false},"author":10,"featured_media":0,"parent":11980,"menu_order":4,"comment_status":"closed","ping_status":"closed","template":"","meta":{"rs_blank_template":"","rs_page_bg_color":"","slide_template_v7":"","footnotes":""},"class_list":["post-12045","page","type-page","status-publish","hentry","description-off"],"yoast_head":"<!-- This site is optimized with the Yoast SEO plugin v27.5 - https:\/\/yoast.com\/product\/yoast-seo-wordpress\/ -->\n<title>CSR-Ansatz | WYZ Group, des solutions digitales au c\u0153ur de l\u2019Apr\u00e8s-vente automobile\u200b<\/title>\n<meta name=\"description\" content=\"WYZ Group vous propose des outils web innovants incluant l&#039;ensemble des flux de vos partenaires manufacturiers ainsi qu&#039;une solution de d\u00e9pannage.\" \/>\n<meta name=\"robots\" content=\"index, follow, max-snippet:-1, max-image-preview:large, max-video-preview:-1\" \/>\n<link rel=\"canonical\" href=\"https:\/\/www.wyzgroup.com\/de\/wyz-group\/csr-ansatz\/\" \/>\n<meta property=\"og:locale\" content=\"de_DE\" \/>\n<meta property=\"og:type\" content=\"article\" \/>\n<meta property=\"og:title\" content=\"CSR-Ansatz | WYZ Group, des solutions digitales au c\u0153ur de l\u2019Apr\u00e8s-vente automobile\u200b\" \/>\n<meta property=\"og:description\" content=\"WYZ Group vous propose des outils web innovants incluant l&#039;ensemble des flux de vos partenaires manufacturiers ainsi qu&#039;une solution de d\u00e9pannage.\" \/>\n<meta property=\"og:url\" content=\"https:\/\/www.wyzgroup.com\/de\/wyz-group\/csr-ansatz\/\" \/>\n<meta property=\"og:site_name\" content=\"WYZ Group\" \/>\n<meta property=\"article:modified_time\" content=\"2022-05-16T10:00:14+00:00\" \/>\n<meta property=\"og:image\" content=\"https:\/\/www.wyzgroup.com\/wp-content\/uploads\/2019\/02\/wyz-group-opengraph.jpg\" \/>\n\t<meta property=\"og:image:width\" content=\"1200\" \/>\n\t<meta property=\"og:image:height\" content=\"630\" \/>\n\t<meta property=\"og:image:type\" content=\"image\/jpeg\" \/>\n<meta name=\"twitter:card\" content=\"summary_large_image\" \/>\n<meta name=\"twitter:label1\" content=\"Gesch\u00e4tzte Lesezeit\" \/>\n\t<meta name=\"twitter:data1\" content=\"5\u00a0Minuten\" \/>\n<script type=\"application\/ld+json\" class=\"yoast-schema-graph\">{\"@context\":\"https:\\\/\\\/schema.org\",\"@graph\":[{\"@type\":\"WebPage\",\"@id\":\"https:\\\/\\\/www.wyzgroup.com\\\/de\\\/wyz-group\\\/csr-ansatz\\\/\",\"url\":\"https:\\\/\\\/www.wyzgroup.com\\\/de\\\/wyz-group\\\/csr-ansatz\\\/\",\"name\":\"CSR-Ansatz | WYZ Group, des solutions digitales au c\u0153ur de l\u2019Apr\u00e8s-vente automobile\u200b\",\"isPartOf\":{\"@id\":\"https:\\\/\\\/www.wyzgroup.com\\\/#website\"},\"datePublished\":\"2022-03-17T11:20:52+00:00\",\"dateModified\":\"2022-05-16T10:00:14+00:00\",\"description\":\"WYZ Group vous propose des outils web innovants incluant l'ensemble des flux de vos partenaires manufacturiers ainsi qu'une solution de d\u00e9pannage.\",\"breadcrumb\":{\"@id\":\"https:\\\/\\\/www.wyzgroup.com\\\/de\\\/wyz-group\\\/csr-ansatz\\\/#breadcrumb\"},\"inLanguage\":\"de\",\"potentialAction\":[{\"@type\":\"ReadAction\",\"target\":[\"https:\\\/\\\/www.wyzgroup.com\\\/de\\\/wyz-group\\\/csr-ansatz\\\/\"]}]},{\"@type\":\"BreadcrumbList\",\"@id\":\"https:\\\/\\\/www.wyzgroup.com\\\/de\\\/wyz-group\\\/csr-ansatz\\\/#breadcrumb\",\"itemListElement\":[{\"@type\":\"ListItem\",\"position\":1,\"name\":\"Accueil\",\"item\":\"https:\\\/\\\/www.wyzgroup.com\\\/de\\\/\"},{\"@type\":\"ListItem\",\"position\":2,\"name\":\"WYZ Group\",\"item\":\"https:\\\/\\\/www.wyzgroup.com\\\/de\\\/wyz-group\\\/\"},{\"@type\":\"ListItem\",\"position\":3,\"name\":\"CSR-Ansatz\"}]},{\"@type\":\"WebSite\",\"@id\":\"https:\\\/\\\/www.wyzgroup.com\\\/#website\",\"url\":\"https:\\\/\\\/www.wyzgroup.com\\\/\",\"name\":\"WYZ Group\",\"description\":\"WYZ Group, des solutions digitales au c\u0153ur de l\u2019Apr\u00e8s-vente automobile\u200b\",\"potentialAction\":[{\"@type\":\"SearchAction\",\"target\":{\"@type\":\"EntryPoint\",\"urlTemplate\":\"https:\\\/\\\/www.wyzgroup.com\\\/?s={search_term_string}\"},\"query-input\":{\"@type\":\"PropertyValueSpecification\",\"valueRequired\":true,\"valueName\":\"search_term_string\"}}],\"inLanguage\":\"de\"}]}<\/script>\n<!-- \/ Yoast SEO plugin. -->","yoast_head_json":{"title":"CSR-Ansatz | WYZ Group, des solutions digitales au c\u0153ur de l\u2019Apr\u00e8s-vente automobile\u200b","description":"WYZ Group vous propose des outils web innovants incluant l'ensemble des flux de vos partenaires manufacturiers ainsi qu'une solution de d\u00e9pannage.","robots":{"index":"index","follow":"follow","max-snippet":"max-snippet:-1","max-image-preview":"max-image-preview:large","max-video-preview":"max-video-preview:-1"},"canonical":"https:\/\/www.wyzgroup.com\/de\/wyz-group\/csr-ansatz\/","og_locale":"de_DE","og_type":"article","og_title":"CSR-Ansatz | WYZ Group, des solutions digitales au c\u0153ur de l\u2019Apr\u00e8s-vente automobile\u200b","og_description":"WYZ Group vous propose des outils web innovants incluant l'ensemble des flux de vos partenaires manufacturiers ainsi qu'une solution de d\u00e9pannage.","og_url":"https:\/\/www.wyzgroup.com\/de\/wyz-group\/csr-ansatz\/","og_site_name":"WYZ Group","article_modified_time":"2022-05-16T10:00:14+00:00","og_image":[{"width":1200,"height":630,"url":"https:\/\/www.wyzgroup.com\/wp-content\/uploads\/2019\/02\/wyz-group-opengraph.jpg","type":"image\/jpeg"}],"twitter_card":"summary_large_image","twitter_misc":{"Gesch\u00e4tzte Lesezeit":"5\u00a0Minuten"},"schema":{"@context":"https:\/\/schema.org","@graph":[{"@type":"WebPage","@id":"https:\/\/www.wyzgroup.com\/de\/wyz-group\/csr-ansatz\/","url":"https:\/\/www.wyzgroup.com\/de\/wyz-group\/csr-ansatz\/","name":"CSR-Ansatz | WYZ Group, des solutions digitales au c\u0153ur de l\u2019Apr\u00e8s-vente automobile\u200b","isPartOf":{"@id":"https:\/\/www.wyzgroup.com\/#website"},"datePublished":"2022-03-17T11:20:52+00:00","dateModified":"2022-05-16T10:00:14+00:00","description":"WYZ Group vous propose des outils web innovants incluant l'ensemble des flux de vos partenaires manufacturiers ainsi qu'une solution de d\u00e9pannage.","breadcrumb":{"@id":"https:\/\/www.wyzgroup.com\/de\/wyz-group\/csr-ansatz\/#breadcrumb"},"inLanguage":"de","potentialAction":[{"@type":"ReadAction","target":["https:\/\/www.wyzgroup.com\/de\/wyz-group\/csr-ansatz\/"]}]},{"@type":"BreadcrumbList","@id":"https:\/\/www.wyzgroup.com\/de\/wyz-group\/csr-ansatz\/#breadcrumb","itemListElement":[{"@type":"ListItem","position":1,"name":"Accueil","item":"https:\/\/www.wyzgroup.com\/de\/"},{"@type":"ListItem","position":2,"name":"WYZ Group","item":"https:\/\/www.wyzgroup.com\/de\/wyz-group\/"},{"@type":"ListItem","position":3,"name":"CSR-Ansatz"}]},{"@type":"WebSite","@id":"https:\/\/www.wyzgroup.com\/#website","url":"https:\/\/www.wyzgroup.com\/","name":"WYZ Group","description":"WYZ Group, des solutions digitales au c\u0153ur de l\u2019Apr\u00e8s-vente automobile\u200b","potentialAction":[{"@type":"SearchAction","target":{"@type":"EntryPoint","urlTemplate":"https:\/\/www.wyzgroup.com\/?s={search_term_string}"},"query-input":{"@type":"PropertyValueSpecification","valueRequired":true,"valueName":"search_term_string"}}],"inLanguage":"de"}]}},"_links":{"self":[{"href":"https:\/\/www.wyzgroup.com\/de\/wp-json\/wp\/v2\/pages\/12045","targetHints":{"allow":["GET"]}}],"collection":[{"href":"https:\/\/www.wyzgroup.com\/de\/wp-json\/wp\/v2\/pages"}],"about":[{"href":"https:\/\/www.wyzgroup.com\/de\/wp-json\/wp\/v2\/types\/page"}],"author":[{"embeddable":true,"href":"https:\/\/www.wyzgroup.com\/de\/wp-json\/wp\/v2\/users\/10"}],"replies":[{"embeddable":true,"href":"https:\/\/www.wyzgroup.com\/de\/wp-json\/wp\/v2\/comments?post=12045"}],"version-history":[{"count":35,"href":"https:\/\/www.wyzgroup.com\/de\/wp-json\/wp\/v2\/pages\/12045\/revisions"}],"predecessor-version":[{"id":13380,"href":"https:\/\/www.wyzgroup.com\/de\/wp-json\/wp\/v2\/pages\/12045\/revisions\/13380"}],"up":[{"embeddable":true,"href":"https:\/\/www.wyzgroup.com\/de\/wp-json\/wp\/v2\/pages\/11980"}],"wp:attachment":[{"href":"https:\/\/www.wyzgroup.com\/de\/wp-json\/wp\/v2\/media?parent=12045"}],"curies":[{"name":"wp","href":"https:\/\/api.w.org\/{rel}","templated":true}]}}