{"id":12019,"date":"2022-03-17T11:17:36","date_gmt":"2022-03-17T11:17:36","guid":{"rendered":"https:\/\/www.wyzgroup.com\/wyz-group\/der-wyz-spirit\/"},"modified":"2022-07-19T10:00:23","modified_gmt":"2022-07-19T10:00:23","slug":"der-wyz-spirit","status":"publish","type":"page","link":"https:\/\/www.wyzgroup.com\/de\/wyz-group\/der-wyz-spirit\/","title":{"rendered":"Der WYZ-Spirit"},"content":{"rendered":"<div class=\"wpb-content-wrapper\"><p>[vc_row][vc_column]<style type=\"text\/css\" data-type=\"the7_shortcodes-inline-css\">.dt-breadcrumbs-id-697ca5cc01585d9cd683b336084dcb8e .breadcrumbs {\n  display: inline-block;\n  margin: 0;\n  padding: 2px 10px 2px 10px;\n  border: 0px solid ;\n  border-radius: 0px;\n}\n.dt-breadcrumbs-id-697ca5cc01585d9cd683b336084dcb8e .breadcrumbs * {\n  font-size: 17px;\n  line-height: 17px;\n  font-weight: bold;\n  color: #a2a5a6;\n}<\/style><div class=\"dt-breadcrumbs-shortcode dt-breadcrumbs-id-697ca5cc01585d9cd683b336084dcb8e align-left\"><div class=\"assistive-text\">Sie befinden sich hier:<\/div><ol class=\"breadcrumbs text-small\" itemscope itemtype=\"https:\/\/schema.org\/BreadcrumbList\"><li itemprop=\"itemListElement\" itemscope itemtype=\"https:\/\/schema.org\/ListItem\"><a itemprop=\"item\" href=\"https:\/\/www.wyzgroup.com\/de\/\" title=\"Start\"><span itemprop=\"name\">Start<\/span><\/a><meta itemprop=\"position\" content=\"1\" \/><\/li><li class=\"current\" itemprop=\"itemListElement\" itemscope itemtype=\"https:\/\/schema.org\/ListItem\"><span itemprop=\"name\">Seite<\/span><meta itemprop=\"position\" content=\"2\" \/><\/li><\/ol><\/div>[vc_empty_space height=&#8220;60px&#8220;][vc_row_inner][vc_column_inner width=&#8220;1\/2&#8243;][vc_custom_heading text=&#8220;Unsere sechs Werte&#8220; use_theme_fonts=&#8220;yes&#8220; css_animation=&#8220;fadeInLeft&#8220;][vc_column_text css_animation=&#8220;fadeInLeft&#8220;]<\/p>\n<h3>Die Kultur von WYZ ist auf sechs fundamentalen Werten aufgebaut, die die Gruppe mit ihren Mitarbeitern und Zulieferern, aber auch ihren Kunden teilen m\u00f6chte.<\/h3>\n<h3>Wir m\u00f6chten hier n\u00e4her auf diese Werte eingehen.<\/h3>\n<p>[\/vc_column_text][\/vc_column_inner][vc_column_inner width=&#8220;1\/2&#8243;][vc_single_image image=&#8220;14291&#8243; img_size=&#8220;large&#8220; alignment=&#8220;center&#8220; css_animation=&#8220;fadeIn&#8220;][\/vc_column_inner][\/vc_row_inner][vc_empty_space height=&#8220;60px&#8220;][vc_row_inner][vc_column_inner width=&#8220;1\/4&#8243;][vc_single_image image=&#8220;12783&#8243; img_size=&#8220;medium&#8220; alignment=&#8220;center&#8220; css_animation=&#8220;fadeIn&#8220;][\/vc_column_inner][vc_column_inner width=&#8220;3\/4&#8243;][vc_custom_heading text=&#8220;Das Leben in der Gemeinschaft&#8220; font_container=&#8220;tag:h3|text_align:left|color:%2334b3d1&#8243; use_theme_fonts=&#8220;yes&#8220; css_animation=&#8220;fadeInRight&#8220;][vc_column_text css_animation=&#8220;fadeInRight&#8220;]Gerade heute ist das respektvolle Zusammenleben mehr denn je einer der starken Werte des WYZ-Teams. Die Entfaltung jedes Einzelnen beruht, genau wie der Erfolg der Gruppe, auf gegenseitigem Verst\u00e4ndnis. Dies gilt f\u00fcr die Zusammenarbeit im Team vor Ort genauso wie mit externen Partnern.<\/p>\n<p>Vertrauen, gegenseitiger Respekt, Toleranz und die Akzeptanz der Pluralit\u00e4t von Meinungen und Kulturen bilden die Grundlagen der Beziehungen, die wir miteinander aufbauen, und definieren zugleich die Freiheit jedes einzelnen Teammitglieds.[\/vc_column_text][\/vc_column_inner][\/vc_row_inner][vc_empty_space height=&#8220;30px&#8220;][\/vc_column][\/vc_row][vc_row gap=&#8220;30&#8243;][vc_column width=&#8220;2\/3&#8243;][vc_custom_heading text=&#8220;Unser Verhalten&#8220; font_container=&#8220;tag:h3|text_align:left|color:%2334b3d1&#8243; use_theme_fonts=&#8220;yes&#8220; css_animation=&#8220;fadeInLeft&#8220;][vc_column_text css_animation=&#8220;fadeInLeft&#8220;]Die St\u00e4rke der Gruppe liegt auch in der Individualit\u00e4t des Einzelnen. Dies ist kein Widerspruch, denn es ist das pers\u00f6nliche Verhalten jedes Einzelnen, \u00fcberall und zu jeder Zeit, das dem gro\u00dfen Ganzen Bedeutung verleiht.<\/p>\n<p>Dies spiegelt sich wider im pers\u00f6nlichen Auftreten und unserer Ausdrucksweise (m\u00fcndlich und schriftlich). WYZ setzt auf einen respektvollen Umgang aller Mitarbeiter in jeder Situation: unter Kollegen, mit Kunden und Zulieferern.<\/p>\n<p>Dieser Wert wird auch dem Wunsch der WYZ Group gerecht, etwas von dem zur\u00fcckzugeben, was die Gesellschaft dem Unternehmen erm\u00f6glicht und gegeben hat.<\/p>\n<p>Die F\u00fchrungskr\u00e4fte von WYZ stellen daher einen Teil ihrer Zeit zur Verf\u00fcgung, um Start-ups zu unterst\u00fctzen.<\/p>\n<p>Pierre Guirard sagt es deutlich: <em>&#8222;Ohne die Hilfe unserer Partner w\u00e4re die WYZ Group nicht das, was sie heute ist.\u201c<\/em>[\/vc_column_text][\/vc_column][vc_column width=&#8220;1\/3&#8243;][vc_single_image image=&#8220;12799&#8243; img_size=&#8220;medium&#8220; alignment=&#8220;center&#8220; css_animation=&#8220;fadeIn&#8220;][\/vc_column][\/vc_row][vc_row][vc_column][vc_empty_space][\/vc_column][\/vc_row][vc_row][vc_column width=&#8220;1\/4&#8243;][vc_single_image image=&#8220;12786&#8243; img_size=&#8220;full&#8220; alignment=&#8220;center&#8220; css_animation=&#8220;fadeIn&#8220;][\/vc_column][vc_column width=&#8220;3\/4&#8243;][vc_custom_heading text=&#8220;Der Teamgeist&#8220; font_container=&#8220;tag:h3|text_align:left|color:%2334b3d1&#8243; use_theme_fonts=&#8220;yes&#8220; css_animation=&#8220;fadeInRight&#8220;][vc_column_text css_animation=&#8220;fadeInRight&#8220;]Bei WYZ ist es unvorstellbar, nicht &#8222;im Team zu spielen&#8220;. Dies ist seit der Gr\u00fcndung die DNA des Unternehmens. Hier ist es wie im Mannschaftssport: In der Gemeinschaft bedarf es gegenseitiger Unterst\u00fctzung und Solidarit\u00e4t. Die F\u00e4higkeit im Sport, im Alltag und im Berufsleben zu integrieren ist eine Kernkompetenz.<\/p>\n<p>Wir handeln gemeinsam im Sinne des gemeinsamen Interesses, um unsere Ziele zu erreichen und effizient und produktiv zu sein: So k\u00f6nnte das Motto des WYZ-Teams lauten!<\/p>\n<p>Unser Erfolg h\u00e4ngt von unserer F\u00e4higkeit ab, uns zusammen zu entwickeln und \u00fcber uns hinauszuwachsen, um zu gewinnen.<\/p>\n<p>&#8222;<em>Als F\u00fchrungskr\u00e4fte m\u00fcssen wir daf\u00fcr sorgen, dass die Gemeinschafft mehr ist als nur die Summe der Individuen<\/em>&#8222;[\/vc_column_text][\/vc_column][\/vc_row][vc_row][vc_column][vc_empty_space][\/vc_column][\/vc_row][vc_row gap=&#8220;30&#8243; equal_height=&#8220;yes&#8220; css_animation=&#8220;none&#8220; css=&#8220;.vc_custom_1557482917626{margin-bottom: 30px !important;}&#8220;][vc_column width=&#8220;2\/3&#8243;][vc_custom_heading text=&#8220;Die Arbeit&#8220; font_container=&#8220;tag:h3|text_align:left|color:%2334b3d1&#8243; use_theme_fonts=&#8220;yes&#8220; css_animation=&#8220;fadeInLeft&#8220;][vc_column_text css_animation=&#8220;fadeInLeft&#8220;]Arbeit scheint f\u00fcr jedes Unternehmen selbstverst\u00e4ndlich zu sein. Bei WYZ ist sie jedoch noch ein wenig mehr. Die Arbeit ist hier die Gemeinschaft. Wie in einem gro\u00dfen Bienenstock arbeiten alle Mitglieder von WYZ am reibungslosen Betrieb, selbstst\u00e4ndig und auf ein gemeinsames Ziel ausgerichtet. Die Arbeit bei WYZ basiert auf Gewissenhaftigkeit, ebenso bei der Umsetzung eines Projekts wie im Rahmen der Kundenbetreuung. Bei WYZ zu arbeiten, bedeutet Erfolgserlebnisse zu haben, und die Gewissheit anerkannt zu werden, als Gruppe aber vor allem auch f\u00fcr sich selbst.[\/vc_column_text][\/vc_column][vc_column width=&#8220;1\/3&#8243;][vc_single_image image=&#8220;12789&#8243; img_size=&#8220;medium&#8220; alignment=&#8220;center&#8220; css_animation=&#8220;fadeIn&#8220;][\/vc_column][\/vc_row][vc_row][vc_column][vc_empty_space][\/vc_column][\/vc_row][vc_row][vc_column width=&#8220;1\/4&#8243;][vc_single_image image=&#8220;12792&#8243; img_size=&#8220;full&#8220; alignment=&#8220;center&#8220; css_animation=&#8220;fadeIn&#8220;][\/vc_column][vc_column width=&#8220;3\/4&#8243;][vc_custom_heading text=&#8220;Commitment&#8220; font_container=&#8220;tag:h3|text_align:left|color:%2334b3d1&#8243; use_theme_fonts=&#8220;yes&#8220; css_animation=&#8220;fadeInRight&#8220;][vc_column_text css_animation=&#8220;fadeInRight&#8220;]Ob im Kontakt mit Kunden, bei der Entwicklung und Bereitstellung neuer Tools oder beim Sport mit den Kollegen &#8211; die WYZ Group kultiviert die Einhaltung von Vereinbarungen .<\/p>\n<p><strong>Bei diesem Thema gibt es keine Kompromisse!<\/strong><\/p>\n<p><em>&#8222;Die Einhaltung eines gegebenen Versprechens hat f\u00fcr WYZ h\u00f6chste Priorit\u00e4t. Die Einf\u00fchrung eines Systems f\u00fcr Performance Management ist ein Beispiel daf\u00fcr, dass alle Prozesse bei WYZ auf die Erreichung dieses Ziels ausgerichtet sind. Dies geschieht insbesondere durch die Einbeziehung aller Kollegen in eine HR-Strategie, die die Entwicklung und Entfaltung der Mitarbeiter f\u00f6rdert und durch eine intensive Betreuung unserer Kundenprojekte.&#8220;<\/em> <strong>Joelle GUIRARD<\/strong> \u2013 Performance Manager[\/vc_column_text][\/vc_column][\/vc_row][vc_row][vc_column][vc_empty_space][\/vc_column][\/vc_row][vc_row gap=&#8220;30&#8243;][vc_column width=&#8220;2\/3&#8243;][vc_custom_heading text=&#8220;Kundenfokus&#8220; font_container=&#8220;tag:h3|text_align:left|color:%2334b3d1&#8243; use_theme_fonts=&#8220;yes&#8220; css_animation=&#8220;fadeInLeft&#8220;][vc_column_text css_animation=&#8220;fadeInLeft&#8220;]Unser kundenorientierter Ansatz ist das solide Ger\u00fcst, auf dem die WYZ Group aufgebaut wurde. Zuh\u00f6ren, Marktn\u00e4he und ein Gesp\u00fcr f\u00fcr zuk\u00fcnftige Trends sind die Voraussetzung f\u00fcr eine gemeinsame Wertsch\u00f6pfung mit unseren Kunden. Diese F\u00e4higkeiten und \u00dcberzeugungen leben unsere F\u00fchrungskr\u00e4fte mit unserem Team Tag f\u00fcr Tag.<\/p>\n<p><em>&#8222;Die Kunden stehen im Fokus unseres t\u00e4glichen Handelns, denn wir m\u00f6chten ihnen in jedem Augenblick unser Bestes bieten. Wir analysieren permanent die Bed\u00fcrfnisse des Marktes und die unserer Kunden, wir h\u00f6ren ihnen zu, tauschen uns mit ihnen aus und entwickeln gemeinsam die digitalen Tools von heute und morgen.\u201c<\/em><\/p>\n<p><strong>Jean-Philippe DUHOUX<\/strong> \u2013 Head of European Business Development[\/vc_column_text][\/vc_column][vc_column width=&#8220;1\/3&#8243;][vc_single_image image=&#8220;12795&#8243; img_size=&#8220;medium&#8220; alignment=&#8220;center&#8220; css_animation=&#8220;fadeIn&#8220;][\/vc_column][\/vc_row][vc_row disable_element=&#8220;yes&#8220;][vc_column width=&#8220;1\/2&#8243;][vc_custom_heading text=&#8220;Notre Challenge : le sport &amp; la cr\u00e9ation de valeur&#8220; use_theme_fonts=&#8220;yes&#8220; css=&#8220;.vc_custom_1543586057398{padding-bottom: 15px !important;}&#8220;][vc_custom_heading text=&#8220;Le sport, la valeur qui regroupe toutes les autres&#8220; font_container=&#8220;tag:h3|text_align:left&#8220; use_theme_fonts=&#8220;yes&#8220; css_animation=&#8220;fadeIn&#8220;][vc_column_text css_animation=&#8220;fadeIn&#8220;].[\/vc_column_text][vc_custom_heading text=&#8220;.&#8220; font_container=&#8220;tag:h3|text_align:left&#8220; use_theme_fonts=&#8220;yes&#8220; css_animation=&#8220;fadeIn&#8220;][vc_column_text css_animation=&#8220;fadeIn&#8220;].[\/vc_column_text][\/vc_column][vc_column width=&#8220;1\/2&#8243;][\/vc_column][\/vc_row]<\/p>\n<\/div>","protected":false},"excerpt":{"rendered":"<p>[vc_row][vc_column][vc_empty_space height=&#8220;60px&#8220;][vc_row_inner][vc_column_inner width=&#8220;1\/2&#8243;][vc_custom_heading text=&#8220;Unsere sechs Werte&#8220; use_theme_fonts=&#8220;yes&#8220; css_animation=&#8220;fadeInLeft&#8220;][vc_column_text css_animation=&#8220;fadeInLeft&#8220;] Die Kultur von WYZ ist auf sechs fundamentalen Werten aufgebaut, die die Gruppe mit ihren Mitarbeitern und Zulieferern, aber auch ihren Kunden teilen m\u00f6chte. Wir m\u00f6chten hier n\u00e4her auf diese Werte eingehen. [\/vc_column_text][\/vc_column_inner][vc_column_inner width=&#8220;1\/2&#8243;][vc_single_image image=&#8220;14291&#8243; img_size=&#8220;large&#8220; alignment=&#8220;center&#8220; css_animation=&#8220;fadeIn&#8220;][\/vc_column_inner][\/vc_row_inner][vc_empty_space height=&#8220;60px&#8220;][vc_row_inner][vc_column_inner width=&#8220;1\/4&#8243;][vc_single_image image=&#8220;12783&#8243; img_size=&#8220;medium&#8220; alignment=&#8220;center&#8220; css_animation=&#8220;fadeIn&#8220;][\/vc_column_inner][vc_column_inner width=&#8220;3\/4&#8243;][vc_custom_heading text=&#8220;Das&hellip;<\/p>\n","protected":false},"author":10,"featured_media":0,"parent":11980,"menu_order":3,"comment_status":"closed","ping_status":"closed","template":"","meta":{"rs_blank_template":"","rs_page_bg_color":"","slide_template_v7":"","footnotes":""},"class_list":["post-12019","page","type-page","status-publish","hentry","description-off"],"yoast_head":"<!-- This site is optimized with the Yoast SEO plugin v27.2 - https:\/\/yoast.com\/product\/yoast-seo-wordpress\/ -->\n<title>Der WYZ-Spirit | WYZ Group, des solutions digitales au c\u0153ur de l\u2019Apr\u00e8s-vente automobile\u200b<\/title>\n<meta name=\"description\" content=\"WYZ Group vous propose des outils web innovants incluant l&#039;ensemble des flux de vos partenaires manufacturiers ainsi qu&#039;une solution de d\u00e9pannage.\" \/>\n<meta name=\"robots\" content=\"index, follow, max-snippet:-1, max-image-preview:large, max-video-preview:-1\" \/>\n<link rel=\"canonical\" href=\"https:\/\/www.wyzgroup.com\/de\/wyz-group\/der-wyz-spirit\/\" \/>\n<meta property=\"og:locale\" content=\"de_DE\" \/>\n<meta property=\"og:type\" content=\"article\" \/>\n<meta property=\"og:title\" content=\"Der WYZ-Spirit | WYZ Group, des solutions digitales au c\u0153ur de l\u2019Apr\u00e8s-vente automobile\u200b\" \/>\n<meta property=\"og:description\" content=\"WYZ Group vous propose des outils web innovants incluant l&#039;ensemble des flux de vos partenaires manufacturiers ainsi qu&#039;une solution de d\u00e9pannage.\" \/>\n<meta property=\"og:url\" content=\"https:\/\/www.wyzgroup.com\/de\/wyz-group\/der-wyz-spirit\/\" \/>\n<meta property=\"og:site_name\" content=\"WYZ Group\" \/>\n<meta property=\"article:modified_time\" content=\"2022-07-19T10:00:23+00:00\" \/>\n<meta property=\"og:image\" content=\"https:\/\/www.wyzgroup.com\/wp-content\/uploads\/2019\/02\/wyz-group-opengraph.jpg\" \/>\n\t<meta property=\"og:image:width\" content=\"1200\" \/>\n\t<meta property=\"og:image:height\" content=\"630\" \/>\n\t<meta property=\"og:image:type\" content=\"image\/jpeg\" \/>\n<meta name=\"twitter:card\" content=\"summary_large_image\" \/>\n<meta name=\"twitter:label1\" content=\"Gesch\u00e4tzte Lesezeit\" \/>\n\t<meta name=\"twitter:data1\" content=\"4\u00a0Minuten\" \/>\n<script type=\"application\/ld+json\" class=\"yoast-schema-graph\">{\"@context\":\"https:\/\/schema.org\",\"@graph\":[{\"@type\":\"WebPage\",\"@id\":\"https:\/\/www.wyzgroup.com\/de\/wyz-group\/der-wyz-spirit\/\",\"url\":\"https:\/\/www.wyzgroup.com\/de\/wyz-group\/der-wyz-spirit\/\",\"name\":\"Der WYZ-Spirit | WYZ Group, des solutions digitales au c\u0153ur de l\u2019Apr\u00e8s-vente automobile\u200b\",\"isPartOf\":{\"@id\":\"https:\/\/www.wyzgroup.com\/#website\"},\"datePublished\":\"2022-03-17T11:17:36+00:00\",\"dateModified\":\"2022-07-19T10:00:23+00:00\",\"description\":\"WYZ Group vous propose des outils web innovants incluant l'ensemble des flux de vos partenaires manufacturiers ainsi qu'une solution de d\u00e9pannage.\",\"breadcrumb\":{\"@id\":\"https:\/\/www.wyzgroup.com\/de\/wyz-group\/der-wyz-spirit\/#breadcrumb\"},\"inLanguage\":\"de\",\"potentialAction\":[{\"@type\":\"ReadAction\",\"target\":[\"https:\/\/www.wyzgroup.com\/de\/wyz-group\/der-wyz-spirit\/\"]}]},{\"@type\":\"BreadcrumbList\",\"@id\":\"https:\/\/www.wyzgroup.com\/de\/wyz-group\/der-wyz-spirit\/#breadcrumb\",\"itemListElement\":[{\"@type\":\"ListItem\",\"position\":1,\"name\":\"Accueil\",\"item\":\"https:\/\/www.wyzgroup.com\/de\/\"},{\"@type\":\"ListItem\",\"position\":2,\"name\":\"WYZ Group\",\"item\":\"https:\/\/www.wyzgroup.com\/de\/wyz-group\/\"},{\"@type\":\"ListItem\",\"position\":3,\"name\":\"Der WYZ-Spirit\"}]},{\"@type\":\"WebSite\",\"@id\":\"https:\/\/www.wyzgroup.com\/#website\",\"url\":\"https:\/\/www.wyzgroup.com\/\",\"name\":\"WYZ Group\",\"description\":\"WYZ Group, des solutions digitales au c\u0153ur de l\u2019Apr\u00e8s-vente automobile\u200b\",\"potentialAction\":[{\"@type\":\"SearchAction\",\"target\":{\"@type\":\"EntryPoint\",\"urlTemplate\":\"https:\/\/www.wyzgroup.com\/?s={search_term_string}\"},\"query-input\":{\"@type\":\"PropertyValueSpecification\",\"valueRequired\":true,\"valueName\":\"search_term_string\"}}],\"inLanguage\":\"de\"}]}<\/script>\n<!-- \/ Yoast SEO plugin. -->","yoast_head_json":{"title":"Der WYZ-Spirit | WYZ Group, des solutions digitales au c\u0153ur de l\u2019Apr\u00e8s-vente automobile\u200b","description":"WYZ Group vous propose des outils web innovants incluant l'ensemble des flux de vos partenaires manufacturiers ainsi qu'une solution de d\u00e9pannage.","robots":{"index":"index","follow":"follow","max-snippet":"max-snippet:-1","max-image-preview":"max-image-preview:large","max-video-preview":"max-video-preview:-1"},"canonical":"https:\/\/www.wyzgroup.com\/de\/wyz-group\/der-wyz-spirit\/","og_locale":"de_DE","og_type":"article","og_title":"Der WYZ-Spirit | WYZ Group, des solutions digitales au c\u0153ur de l\u2019Apr\u00e8s-vente automobile\u200b","og_description":"WYZ Group vous propose des outils web innovants incluant l'ensemble des flux de vos partenaires manufacturiers ainsi qu'une solution de d\u00e9pannage.","og_url":"https:\/\/www.wyzgroup.com\/de\/wyz-group\/der-wyz-spirit\/","og_site_name":"WYZ Group","article_modified_time":"2022-07-19T10:00:23+00:00","og_image":[{"width":1200,"height":630,"url":"https:\/\/www.wyzgroup.com\/wp-content\/uploads\/2019\/02\/wyz-group-opengraph.jpg","type":"image\/jpeg"}],"twitter_card":"summary_large_image","twitter_misc":{"Gesch\u00e4tzte Lesezeit":"4\u00a0Minuten"},"schema":{"@context":"https:\/\/schema.org","@graph":[{"@type":"WebPage","@id":"https:\/\/www.wyzgroup.com\/de\/wyz-group\/der-wyz-spirit\/","url":"https:\/\/www.wyzgroup.com\/de\/wyz-group\/der-wyz-spirit\/","name":"Der WYZ-Spirit | WYZ Group, des solutions digitales au c\u0153ur de l\u2019Apr\u00e8s-vente automobile\u200b","isPartOf":{"@id":"https:\/\/www.wyzgroup.com\/#website"},"datePublished":"2022-03-17T11:17:36+00:00","dateModified":"2022-07-19T10:00:23+00:00","description":"WYZ Group vous propose des outils web innovants incluant l'ensemble des flux de vos partenaires manufacturiers ainsi qu'une solution de d\u00e9pannage.","breadcrumb":{"@id":"https:\/\/www.wyzgroup.com\/de\/wyz-group\/der-wyz-spirit\/#breadcrumb"},"inLanguage":"de","potentialAction":[{"@type":"ReadAction","target":["https:\/\/www.wyzgroup.com\/de\/wyz-group\/der-wyz-spirit\/"]}]},{"@type":"BreadcrumbList","@id":"https:\/\/www.wyzgroup.com\/de\/wyz-group\/der-wyz-spirit\/#breadcrumb","itemListElement":[{"@type":"ListItem","position":1,"name":"Accueil","item":"https:\/\/www.wyzgroup.com\/de\/"},{"@type":"ListItem","position":2,"name":"WYZ Group","item":"https:\/\/www.wyzgroup.com\/de\/wyz-group\/"},{"@type":"ListItem","position":3,"name":"Der WYZ-Spirit"}]},{"@type":"WebSite","@id":"https:\/\/www.wyzgroup.com\/#website","url":"https:\/\/www.wyzgroup.com\/","name":"WYZ Group","description":"WYZ Group, des solutions digitales au c\u0153ur de l\u2019Apr\u00e8s-vente automobile\u200b","potentialAction":[{"@type":"SearchAction","target":{"@type":"EntryPoint","urlTemplate":"https:\/\/www.wyzgroup.com\/?s={search_term_string}"},"query-input":{"@type":"PropertyValueSpecification","valueRequired":true,"valueName":"search_term_string"}}],"inLanguage":"de"}]}},"_links":{"self":[{"href":"https:\/\/www.wyzgroup.com\/de\/wp-json\/wp\/v2\/pages\/12019","targetHints":{"allow":["GET"]}}],"collection":[{"href":"https:\/\/www.wyzgroup.com\/de\/wp-json\/wp\/v2\/pages"}],"about":[{"href":"https:\/\/www.wyzgroup.com\/de\/wp-json\/wp\/v2\/types\/page"}],"author":[{"embeddable":true,"href":"https:\/\/www.wyzgroup.com\/de\/wp-json\/wp\/v2\/users\/10"}],"replies":[{"embeddable":true,"href":"https:\/\/www.wyzgroup.com\/de\/wp-json\/wp\/v2\/comments?post=12019"}],"version-history":[{"count":36,"href":"https:\/\/www.wyzgroup.com\/de\/wp-json\/wp\/v2\/pages\/12019\/revisions"}],"predecessor-version":[{"id":14294,"href":"https:\/\/www.wyzgroup.com\/de\/wp-json\/wp\/v2\/pages\/12019\/revisions\/14294"}],"up":[{"embeddable":true,"href":"https:\/\/www.wyzgroup.com\/de\/wp-json\/wp\/v2\/pages\/11980"}],"wp:attachment":[{"href":"https:\/\/www.wyzgroup.com\/de\/wp-json\/wp\/v2\/media?parent=12019"}],"curies":[{"name":"wp","href":"https:\/\/api.w.org\/{rel}","templated":true}]}}