{"id":12001,"date":"2022-03-17T11:09:06","date_gmt":"2022-03-17T11:09:06","guid":{"rendered":"https:\/\/www.wyzgroup.com\/wyz-group\/wyz-in-europa\/"},"modified":"2025-05-20T09:56:07","modified_gmt":"2025-05-20T09:56:07","slug":"wyz-auf-internationaler-ebene","status":"publish","type":"page","link":"https:\/\/www.wyzgroup.com\/de\/wyz-group\/wyz-auf-internationaler-ebene\/","title":{"rendered":"WYZ auf internationaler Ebene"},"content":{"rendered":"<div class=\"wpb-content-wrapper\"><p>[vc_row][vc_column]<style type=\"text\/css\" data-type=\"the7_shortcodes-inline-css\">.dt-breadcrumbs-id-697ca5cc01585d9cd683b336084dcb8e .breadcrumbs {\n  display: inline-block;\n  margin: 0;\n  padding: 2px 10px 2px 10px;\n  border: 0px solid ;\n  border-radius: 0px;\n}\n.dt-breadcrumbs-id-697ca5cc01585d9cd683b336084dcb8e .breadcrumbs * {\n  font-size: 17px;\n  line-height: 17px;\n  font-weight: bold;\n  color: #a2a5a6;\n}<\/style><div class=\"dt-breadcrumbs-shortcode dt-breadcrumbs-id-697ca5cc01585d9cd683b336084dcb8e align-left\"><div class=\"assistive-text\">Sie befinden sich hier:<\/div><ol class=\"breadcrumbs text-small\" itemscope itemtype=\"https:\/\/schema.org\/BreadcrumbList\"><li itemprop=\"itemListElement\" itemscope itemtype=\"https:\/\/schema.org\/ListItem\"><a itemprop=\"item\" href=\"https:\/\/www.wyzgroup.com\/de\/\" title=\"Start\"><span itemprop=\"name\">Start<\/span><\/a><meta itemprop=\"position\" content=\"1\" \/><\/li><li class=\"current\" itemprop=\"itemListElement\" itemscope itemtype=\"https:\/\/schema.org\/ListItem\"><span itemprop=\"name\">Seite<\/span><meta itemprop=\"position\" content=\"2\" \/><\/li><\/ol><\/div>[vc_empty_space height=&#8220;60px&#8220;][\/vc_column][\/vc_row][vc_row gap=&#8220;30&#8243;][vc_column width=&#8220;1\/2&#8243;][vc_single_image image=&#8220;18895&#8243; img_size=&#8220;large&#8220; css_animation=&#8220;fadeIn&#8220; css=&#8220;&#8220;][\/vc_column][vc_column css_animation=&#8220;fadeIn&#8220; width=&#8220;1\/2&#8243;][vc_custom_heading text=&#8220;Auf zu neuen Horizonten&#8220; use_theme_fonts=&#8220;yes&#8220;][vc_column_text css_animation=&#8220;fadeInRight&#8220; css=&#8220;&#8220;]Unsere Mission ist es, Fachleuten aus verschiedenen Bereichen der Automobilindustrie, Handelsnetzwerken, Flotten, Unternehmensflotten und Zentralen, erstklassige Servicequalit\u00e4t und optimale Verf\u00fcgbarkeit von Reifen zu bieten. Dieses Engagement erstreckt sich \u00fcber nationale Grenzen hinweg und zielt darauf ab, unseren Partnern weltweit zu unterst\u00fctzen.<\/p>\n<p>Wir f\u00fchren zunehmend Gespr\u00e4che mit Automobilherstellern \u00fcber die Implementierung digitaler L\u00f6sungen, die den Kauf und die Vermarktung von Reifen &amp; Zubeh\u00f6r sowie weiteren Dienstleistungen vereinfachen. WYZ er\u00f6ffnet seinen Kunden zahlreiche M\u00f6glichkeiten zur Umsatzsteigerung, zur Optimierung der Produktverf\u00fcgbarkeit und zur Verbesserung des Services.<\/p>\n<p>Unsere Internationalisierung begann bereits 2014 in Belgien, gefolgt von Spanien und Portugal im Jahr 2016, Schweden 2017, Deutschland 2021 und Italien 2023. Im Jahr 2025 werden wir durch die \u00dcbernahme von UIM unseren geografischen Fu\u00dfabdruck auf neun weitere L\u00e4nder ausdehnen: Schweiz, Finnland, Norwegen, Polen, Tschechische Republik, T\u00fcrkei, Gro\u00dfbritannien, Irland und Japan.<\/p>\n<p>Heute ist die WYZ Group stolz darauf, in 19 L\u00e4ndern vertreten zu sein. Lassen Sie uns gemeinsam die Zukunft der Automobilbranche gestalten![\/vc_column_text][\/vc_column][\/vc_row][vc_row gap=&#8220;30&#8243;][vc_column width=&#8220;1\/2&#8243;][vc_column_text css_animation=&#8220;fadeInLeft&#8220;]<strong>WYZ entwickelt sich zu einem europ\u00e4ischen Player, der sich konsequent den Anforderungen der internationalen Kunden stellt.<\/strong><\/p>\n<p><em>&#8222;Wir wussten, dass wir unsere Produkte und Prozesse nahezu \u00fcberall skalieren k\u00f6nnen und dass wir mit unseren innovativen Produkten und Serviceangeboten dem Markt voraus waren. Wenn wir jedoch Marktf\u00fchrer werden und uns gegen die aufstrebende Konkurrenz behaupten wollten, mussten wir auf internationaler Ebene spielen, um unsere Position zu festigen.&#8220;<\/em><\/p>\n<p><strong>Alexandre Aulas<\/strong>, Business Development Manager, WYZ Group<\/p>\n<p><em>&#8222;Die Industrie \u2013 und hier vor allem die Automobilkonzerne<br \/>\n&#8211; ist weltweit vertreten. Unser System, das ihre Erwartungen erf\u00fcllt, kann global eingesetzt werden.\u201c<\/em><\/p>\n<p><strong>Pierre Guirard<\/strong>, CEO der WYZ Group[\/vc_column_text][\/vc_column][vc_column css_animation=&#8220;fadeIn&#8220; width=&#8220;1\/2&#8243;][vc_single_image image=&#8220;12012&#8243; img_size=&#8220;large&#8220; css_animation=&#8220;fadeIn&#8220;][\/vc_column][\/vc_row]<\/p>\n<\/div>","protected":false},"excerpt":{"rendered":"<p>[vc_row][vc_column][vc_empty_space height=&#8220;60px&#8220;][\/vc_column][\/vc_row][vc_row gap=&#8220;30&#8243;][vc_column width=&#8220;1\/2&#8243;][vc_single_image image=&#8220;18895&#8243; img_size=&#8220;large&#8220; css_animation=&#8220;fadeIn&#8220; css=&#8220;&#8220;][\/vc_column][vc_column css_animation=&#8220;fadeIn&#8220; width=&#8220;1\/2&#8243;][vc_custom_heading text=&#8220;Auf zu neuen Horizonten&#8220; use_theme_fonts=&#8220;yes&#8220;][vc_column_text css_animation=&#8220;fadeInRight&#8220; css=&#8220;&#8220;]Unsere Mission ist es, Fachleuten aus verschiedenen Bereichen der Automobilindustrie, Handelsnetzwerken, Flotten, Unternehmensflotten und Zentralen, erstklassige Servicequalit\u00e4t und optimale Verf\u00fcgbarkeit von Reifen zu bieten. Dieses Engagement erstreckt sich \u00fcber nationale Grenzen hinweg und zielt darauf ab, unseren Partnern weltweit&hellip;<\/p>\n","protected":false},"author":10,"featured_media":0,"parent":11980,"menu_order":2,"comment_status":"closed","ping_status":"closed","template":"","meta":{"rs_blank_template":"","rs_page_bg_color":"","slide_template_v7":"","footnotes":""},"class_list":["post-12001","page","type-page","status-publish","hentry","description-off"],"yoast_head":"<!-- This site is optimized with the Yoast SEO plugin v27.2 - https:\/\/yoast.com\/product\/yoast-seo-wordpress\/ -->\n<title>WYZ auf internationaler Ebene | WYZ Group, des solutions digitales au c\u0153ur de l\u2019Apr\u00e8s-vente automobile\u200b<\/title>\n<meta name=\"description\" content=\"WYZ Group vous propose des outils web innovants incluant l&#039;ensemble des flux de vos partenaires manufacturiers ainsi qu&#039;une solution de d\u00e9pannage.\" \/>\n<meta name=\"robots\" content=\"index, follow, max-snippet:-1, max-image-preview:large, max-video-preview:-1\" \/>\n<link rel=\"canonical\" href=\"https:\/\/www.wyzgroup.com\/de\/wyz-group\/wyz-auf-internationaler-ebene\/\" \/>\n<meta property=\"og:locale\" content=\"de_DE\" \/>\n<meta property=\"og:type\" content=\"article\" \/>\n<meta property=\"og:title\" content=\"WYZ auf internationaler Ebene | WYZ Group, des solutions digitales au c\u0153ur de l\u2019Apr\u00e8s-vente automobile\u200b\" \/>\n<meta property=\"og:description\" content=\"WYZ Group vous propose des outils web innovants incluant l&#039;ensemble des flux de vos partenaires manufacturiers ainsi qu&#039;une solution de d\u00e9pannage.\" \/>\n<meta property=\"og:url\" content=\"https:\/\/www.wyzgroup.com\/de\/wyz-group\/wyz-auf-internationaler-ebene\/\" \/>\n<meta property=\"og:site_name\" content=\"WYZ Group\" \/>\n<meta property=\"article:modified_time\" content=\"2025-05-20T09:56:07+00:00\" \/>\n<meta property=\"og:image\" content=\"https:\/\/www.wyzgroup.com\/wp-content\/uploads\/2019\/02\/wyz-group-opengraph.jpg\" \/>\n\t<meta property=\"og:image:width\" content=\"1200\" \/>\n\t<meta property=\"og:image:height\" content=\"630\" \/>\n\t<meta property=\"og:image:type\" content=\"image\/jpeg\" \/>\n<meta name=\"twitter:card\" content=\"summary_large_image\" \/>\n<meta name=\"twitter:label1\" content=\"Gesch\u00e4tzte Lesezeit\" \/>\n\t<meta name=\"twitter:data1\" content=\"2\u00a0Minuten\" \/>\n<script type=\"application\/ld+json\" class=\"yoast-schema-graph\">{\"@context\":\"https:\/\/schema.org\",\"@graph\":[{\"@type\":\"WebPage\",\"@id\":\"https:\/\/www.wyzgroup.com\/de\/wyz-group\/wyz-auf-internationaler-ebene\/\",\"url\":\"https:\/\/www.wyzgroup.com\/de\/wyz-group\/wyz-auf-internationaler-ebene\/\",\"name\":\"WYZ auf internationaler Ebene | WYZ Group, des solutions digitales au c\u0153ur de l\u2019Apr\u00e8s-vente automobile\u200b\",\"isPartOf\":{\"@id\":\"https:\/\/www.wyzgroup.com\/#website\"},\"datePublished\":\"2022-03-17T11:09:06+00:00\",\"dateModified\":\"2025-05-20T09:56:07+00:00\",\"description\":\"WYZ Group vous propose des outils web innovants incluant l'ensemble des flux de vos partenaires manufacturiers ainsi qu'une solution de d\u00e9pannage.\",\"breadcrumb\":{\"@id\":\"https:\/\/www.wyzgroup.com\/de\/wyz-group\/wyz-auf-internationaler-ebene\/#breadcrumb\"},\"inLanguage\":\"de\",\"potentialAction\":[{\"@type\":\"ReadAction\",\"target\":[\"https:\/\/www.wyzgroup.com\/de\/wyz-group\/wyz-auf-internationaler-ebene\/\"]}]},{\"@type\":\"BreadcrumbList\",\"@id\":\"https:\/\/www.wyzgroup.com\/de\/wyz-group\/wyz-auf-internationaler-ebene\/#breadcrumb\",\"itemListElement\":[{\"@type\":\"ListItem\",\"position\":1,\"name\":\"Accueil\",\"item\":\"https:\/\/www.wyzgroup.com\/de\/\"},{\"@type\":\"ListItem\",\"position\":2,\"name\":\"WYZ Group\",\"item\":\"https:\/\/www.wyzgroup.com\/de\/wyz-group\/\"},{\"@type\":\"ListItem\",\"position\":3,\"name\":\"WYZ auf internationaler Ebene\"}]},{\"@type\":\"WebSite\",\"@id\":\"https:\/\/www.wyzgroup.com\/#website\",\"url\":\"https:\/\/www.wyzgroup.com\/\",\"name\":\"WYZ Group\",\"description\":\"WYZ Group, des solutions digitales au c\u0153ur de l\u2019Apr\u00e8s-vente automobile\u200b\",\"potentialAction\":[{\"@type\":\"SearchAction\",\"target\":{\"@type\":\"EntryPoint\",\"urlTemplate\":\"https:\/\/www.wyzgroup.com\/?s={search_term_string}\"},\"query-input\":{\"@type\":\"PropertyValueSpecification\",\"valueRequired\":true,\"valueName\":\"search_term_string\"}}],\"inLanguage\":\"de\"}]}<\/script>\n<!-- \/ Yoast SEO plugin. -->","yoast_head_json":{"title":"WYZ auf internationaler Ebene | WYZ Group, des solutions digitales au c\u0153ur de l\u2019Apr\u00e8s-vente automobile\u200b","description":"WYZ Group vous propose des outils web innovants incluant l'ensemble des flux de vos partenaires manufacturiers ainsi qu'une solution de d\u00e9pannage.","robots":{"index":"index","follow":"follow","max-snippet":"max-snippet:-1","max-image-preview":"max-image-preview:large","max-video-preview":"max-video-preview:-1"},"canonical":"https:\/\/www.wyzgroup.com\/de\/wyz-group\/wyz-auf-internationaler-ebene\/","og_locale":"de_DE","og_type":"article","og_title":"WYZ auf internationaler Ebene | WYZ Group, des solutions digitales au c\u0153ur de l\u2019Apr\u00e8s-vente automobile\u200b","og_description":"WYZ Group vous propose des outils web innovants incluant l'ensemble des flux de vos partenaires manufacturiers ainsi qu'une solution de d\u00e9pannage.","og_url":"https:\/\/www.wyzgroup.com\/de\/wyz-group\/wyz-auf-internationaler-ebene\/","og_site_name":"WYZ Group","article_modified_time":"2025-05-20T09:56:07+00:00","og_image":[{"width":1200,"height":630,"url":"https:\/\/www.wyzgroup.com\/wp-content\/uploads\/2019\/02\/wyz-group-opengraph.jpg","type":"image\/jpeg"}],"twitter_card":"summary_large_image","twitter_misc":{"Gesch\u00e4tzte Lesezeit":"2\u00a0Minuten"},"schema":{"@context":"https:\/\/schema.org","@graph":[{"@type":"WebPage","@id":"https:\/\/www.wyzgroup.com\/de\/wyz-group\/wyz-auf-internationaler-ebene\/","url":"https:\/\/www.wyzgroup.com\/de\/wyz-group\/wyz-auf-internationaler-ebene\/","name":"WYZ auf internationaler Ebene | WYZ Group, des solutions digitales au c\u0153ur de l\u2019Apr\u00e8s-vente automobile\u200b","isPartOf":{"@id":"https:\/\/www.wyzgroup.com\/#website"},"datePublished":"2022-03-17T11:09:06+00:00","dateModified":"2025-05-20T09:56:07+00:00","description":"WYZ Group vous propose des outils web innovants incluant l'ensemble des flux de vos partenaires manufacturiers ainsi qu'une solution de d\u00e9pannage.","breadcrumb":{"@id":"https:\/\/www.wyzgroup.com\/de\/wyz-group\/wyz-auf-internationaler-ebene\/#breadcrumb"},"inLanguage":"de","potentialAction":[{"@type":"ReadAction","target":["https:\/\/www.wyzgroup.com\/de\/wyz-group\/wyz-auf-internationaler-ebene\/"]}]},{"@type":"BreadcrumbList","@id":"https:\/\/www.wyzgroup.com\/de\/wyz-group\/wyz-auf-internationaler-ebene\/#breadcrumb","itemListElement":[{"@type":"ListItem","position":1,"name":"Accueil","item":"https:\/\/www.wyzgroup.com\/de\/"},{"@type":"ListItem","position":2,"name":"WYZ Group","item":"https:\/\/www.wyzgroup.com\/de\/wyz-group\/"},{"@type":"ListItem","position":3,"name":"WYZ auf internationaler Ebene"}]},{"@type":"WebSite","@id":"https:\/\/www.wyzgroup.com\/#website","url":"https:\/\/www.wyzgroup.com\/","name":"WYZ Group","description":"WYZ Group, des solutions digitales au c\u0153ur de l\u2019Apr\u00e8s-vente automobile\u200b","potentialAction":[{"@type":"SearchAction","target":{"@type":"EntryPoint","urlTemplate":"https:\/\/www.wyzgroup.com\/?s={search_term_string}"},"query-input":{"@type":"PropertyValueSpecification","valueRequired":true,"valueName":"search_term_string"}}],"inLanguage":"de"}]}},"_links":{"self":[{"href":"https:\/\/www.wyzgroup.com\/de\/wp-json\/wp\/v2\/pages\/12001","targetHints":{"allow":["GET"]}}],"collection":[{"href":"https:\/\/www.wyzgroup.com\/de\/wp-json\/wp\/v2\/pages"}],"about":[{"href":"https:\/\/www.wyzgroup.com\/de\/wp-json\/wp\/v2\/types\/page"}],"author":[{"embeddable":true,"href":"https:\/\/www.wyzgroup.com\/de\/wp-json\/wp\/v2\/users\/10"}],"replies":[{"embeddable":true,"href":"https:\/\/www.wyzgroup.com\/de\/wp-json\/wp\/v2\/comments?post=12001"}],"version-history":[{"count":42,"href":"https:\/\/www.wyzgroup.com\/de\/wp-json\/wp\/v2\/pages\/12001\/revisions"}],"predecessor-version":[{"id":18923,"href":"https:\/\/www.wyzgroup.com\/de\/wp-json\/wp\/v2\/pages\/12001\/revisions\/18923"}],"up":[{"embeddable":true,"href":"https:\/\/www.wyzgroup.com\/de\/wp-json\/wp\/v2\/pages\/11980"}],"wp:attachment":[{"href":"https:\/\/www.wyzgroup.com\/de\/wp-json\/wp\/v2\/media?parent=12001"}],"curies":[{"name":"wp","href":"https:\/\/api.w.org\/{rel}","templated":true}]}}