{"id":11982,"date":"2022-03-17T11:08:16","date_gmt":"2022-03-17T11:08:16","guid":{"rendered":"https:\/\/www.wyzgroup.com\/wyz-group\/die-gruppe\/"},"modified":"2024-07-22T08:07:41","modified_gmt":"2024-07-22T08:07:41","slug":"die-gruppe","status":"publish","type":"page","link":"https:\/\/www.wyzgroup.com\/de\/wyz-group\/die-gruppe\/","title":{"rendered":"DIE GRUPPE"},"content":{"rendered":"<div class=\"wpb-content-wrapper\"><p>[vc_row][vc_column]<style type=\"text\/css\" data-type=\"the7_shortcodes-inline-css\">.dt-breadcrumbs-id-697ca5cc01585d9cd683b336084dcb8e .breadcrumbs {\n  display: inline-block;\n  margin: 0;\n  padding: 2px 10px 2px 10px;\n  border: 0px solid ;\n  border-radius: 0px;\n}\n.dt-breadcrumbs-id-697ca5cc01585d9cd683b336084dcb8e .breadcrumbs * {\n  font-size: 17px;\n  line-height: 17px;\n  font-weight: bold;\n  color: #a2a5a6;\n}<\/style><div class=\"dt-breadcrumbs-shortcode dt-breadcrumbs-id-697ca5cc01585d9cd683b336084dcb8e align-left\"><div class=\"assistive-text\">Sie befinden sich hier:<\/div><ol class=\"breadcrumbs text-small\" itemscope itemtype=\"https:\/\/schema.org\/BreadcrumbList\"><li itemprop=\"itemListElement\" itemscope itemtype=\"https:\/\/schema.org\/ListItem\"><a itemprop=\"item\" href=\"https:\/\/www.wyzgroup.com\/de\/\" title=\"Start\"><span itemprop=\"name\">Start<\/span><\/a><meta itemprop=\"position\" content=\"1\" \/><\/li><li class=\"current\" itemprop=\"itemListElement\" itemscope itemtype=\"https:\/\/schema.org\/ListItem\"><span itemprop=\"name\">Seite<\/span><meta itemprop=\"position\" content=\"2\" \/><\/li><\/ol><\/div>[vc_empty_space height=&#8220;60px&#8220;][\/vc_column][\/vc_row][vc_row gap=&#8220;30&#8243; content_placement=&#8220;top&#8220; css=&#8220;.vc_custom_1557482862290{margin-bottom: 30px !important;}&#8220;][vc_column width=&#8220;1\/2&#8243;][vc_single_image image=&#8220;10281&#8243; img_size=&#8220;full&#8220; alignment=&#8220;center&#8220; css_animation=&#8220;fadeIn&#8220; image_hovers=&#8220;false&#8220;][\/vc_column][vc_column css_animation=&#8220;fadeInRight&#8220; width=&#8220;1\/2&#8243;][vc_custom_heading text=&#8220;Der Wandel ist unsere DNA&#8220; use_theme_fonts=&#8220;yes&#8220; css_animation=&#8220;none&#8220; css=&#8220;&#8220;][vc_column_text css_animation=&#8220;fadeIn&#8220; css=&#8220;&#8220; el_class=&#8220;texteGroupe&#8220;]Wir schaffen Wandel durch innovative Serviceangebote in einem Markt, der fest etabliert zu sein schien: dem Reifen- und Zubeh\u00f6rmarkt. So bietet WYZ seit 2009 nicht nur digitale L\u00f6sungen f\u00fcr die Reifeindustrie an, sondern entwickelt neu und erreicht damit eine Verf\u00fcgbarkeit von nahezu 100 %. Daf\u00fcr konzentriert sich die Gruppe auf die Entwicklung standardisierter oder ma\u00dfgeschneiderter digitaler L\u00f6sungen f\u00fcr den Reifen-Bestellprozess.<br \/>\nBei der Beschaffung von Reifen administrieren unsere Web-Tools das Prozessmanagement der Automobilindustrie in Verbindung mit individuellen L\u00f6sungen bei Lieferengp\u00e4ssen der Reifenindustrie. Durch Vertr\u00e4ge mit Gro\u00dfh\u00e4ndlern in ganz Europa erreichen wir eine Verf\u00fcgbarkeit von fast 100 %.<\/p>\n<p><em>\u201eWir setzten auf Wandel, indem wir B2B- und B2B2C-Plattformen und -Modelle entwickelten, die vorher nicht existierten. Unser Alleinstellungsmerkmal war jedoch vor allem, dass wir dies auf der Grundlage partnerschaftlicher Beziehungen mit Gro\u00dfh\u00e4ndlern realisierten. Von diesem disruptiven Gesch\u00e4ftsmodell profitieren unsere Kunden. Es ist ein gemeinsamer Lernprozess, der es uns erm\u00f6glicht, gemeinsam mit unseren Kunden unser Produkt st\u00e4ndig zu verbessern\u201c<\/em>. Pierre Guirard[\/vc_column_text][\/vc_column][\/vc_row][vc_row gap=&#8220;30&#8243; content_placement=&#8220;top&#8220; css=&#8220;.vc_custom_1557482867601{margin-bottom: 30px !important;}&#8220;][vc_column css_animation=&#8220;fadeInLeft&#8220; width=&#8220;1\/2&#8243;][vc_custom_heading text=&#8220;Die F\u00fchrungskr\u00e4fte&#8220; use_theme_fonts=&#8220;yes&#8220; css=&#8220;&#8220;][vc_column_text css=&#8220;&#8220; el_class=&#8220;texteGroupe&#8220;]<strong>Ein vision\u00e4rer und operativer Unternehmensgr\u00fcnder\u2026<\/strong><\/p>\n<p><strong>Pierre Guirard<\/strong>\u00a0startete seine Karriere in der Reifensparte eines Automobilzulieferers. Nach seinem Executive-MBA-Abschluss an der HEC Paris begann er, innovative digitale L\u00f6sungen und die dazugeh\u00f6rigen Businessmodelle zu entwickeln. 2009 bebschlo\u00df er, sein eigenes Unternehmen zu gr\u00fcnden \u2013 von seiner Garage aus und mit dem festen Entschluss, den Reifenmarkt zu revolutionieren!<\/p>\n<p><strong>15 Jahre sp\u00e4ter wird Pierre Guirard, CEO der WYZ Group, von einem mehrk\u00f6pfigen F\u00fchrungsteam unterst\u00fctzt<\/strong>. Dieses Team nimmt aktiv an der Entscheidungsfindung teil, arbeitet an der Unternehmensstrategie und steuert sechs Abteilungen, die alle Experten sind: IT, Finanzen, Datamanagement, Kundenservice, Vertrieb und Qualit\u00e4tsmanagement.[\/vc_column_text][\/vc_column][vc_column css_animation=&#8220;fadeIn&#8220; width=&#8220;1\/2&#8243;][vc_empty_space height=&#8220;90px&#8220;][vc_single_image image=&#8220;17102&#8243; img_size=&#8220;full&#8220; alignment=&#8220;center&#8220; css_animation=&#8220;fadeIn&#8220; image_hovers=&#8220;false&#8220;][\/vc_column][\/vc_row][vc_row gap=&#8220;30&#8243; content_placement=&#8220;top&#8220; css=&#8220;.vc_custom_1557482872850{margin-bottom: 30px !important;}&#8220;][vc_column css_animation=&#8220;fadeIn&#8220; width=&#8220;1\/2&#8243;][vc_single_image image=&#8220;11985&#8243; img_size=&#8220;full&#8220; alignment=&#8220;center&#8220; css_animation=&#8220;fadeIn&#8220; image_hovers=&#8220;false&#8220;][\/vc_column][vc_column css_animation=&#8220;fadeIn&#8220; width=&#8220;1\/2&#8243;][vc_custom_heading text=&#8220;Die Gesellschafter&#8220; use_theme_fonts=&#8220;yes&#8220;][vc_column_text css_animation=&#8220;fadeInRight&#8220; css=&#8220;&#8220; el_class=&#8220;texteGroupe&#8220;]<strong>Neben den operativen Team gibt es ein weiteres erfahrenes Team, das der Gesellschafter der WYZ Group.<\/strong><\/p>\n<p><strong>Im Juni 2021 treten Bpifrance und BNP D\u00e9veloppement im Rahmen einer bedeutenden Kapitaltransaktion zu den urspr\u00fcnglichen Gesellschaftern von WYZ, Pierre Guirard, Jean Michel Aulas (HOLNEST) und Generis Capital, hinzu.<\/strong><\/p>\n<p><strong>Jean-Michel Aulas<\/strong>\u00a0ist einer breiten \u00d6ffentlichkeit bekannt als Pr\u00e4sident von Holnest, Cegid und Olympique Lyon! Sein Gesp\u00fcr f\u00fcr zuk\u00fcnftige Trends veranlasste ihn fr\u00fch, WYZ in der Entwicklung zu unterst\u00fctzen und\u00a0 das Unternehmen mit der Hilfe von Patrick Bertrand und Alexandre Aulas effektiv zu begleiten.<\/p>\n<p><em>\u201eNach 10 Jahren an der Seite von Pierre Guirard und seinem Team freuen wir uns sehr \u00fcber die Verst\u00e4rkung der finanziellen Mittel durch renommierte Partner, die es der WYZ Group erm\u00f6glichen, einen neuen Meilenstein in ihrer Entwicklung zu erreichen. Wir sind stolz auf unseren bisherigen Weg und blicken mit Gelassenheit aber gro\u00dfen Ambitionen in die Zukunft.\u201c<\/em>\u00a0Jean Michel Aulas<\/p>\n<p>Die Investmentgesellschaft\u00a0<strong>Generis Capital<\/strong>\u00a0erneuert ihre finanzielle Unterst\u00fctzung f\u00fcr die WYZ Group. WYZ hatte sich 2015 insbesondere aufgrund seiner aktiven Unterst\u00fctzung des Netzwerks Entreprendre f\u00fcr diesen vertrauensw\u00fcrdigen Partner entschieden, der von Edouard Daudier de Cassini vertreten wird.[\/vc_column_text][\/vc_column][\/vc_row]<\/p>\n<\/div>","protected":false},"excerpt":{"rendered":"<p>[vc_row][vc_column][vc_empty_space height=&#8220;60px&#8220;][\/vc_column][\/vc_row][vc_row gap=&#8220;30&#8243; content_placement=&#8220;top&#8220; css=&#8220;.vc_custom_1557482862290{margin-bottom: 30px !important;}&#8220;][vc_column width=&#8220;1\/2&#8243;][vc_single_image image=&#8220;10281&#8243; img_size=&#8220;full&#8220; alignment=&#8220;center&#8220; css_animation=&#8220;fadeIn&#8220; image_hovers=&#8220;false&#8220;][\/vc_column][vc_column css_animation=&#8220;fadeInRight&#8220; width=&#8220;1\/2&#8243;][vc_custom_heading text=&#8220;Der Wandel ist unsere DNA&#8220; use_theme_fonts=&#8220;yes&#8220; css_animation=&#8220;none&#8220; css=&#8220;&#8220;][vc_column_text css_animation=&#8220;fadeIn&#8220; css=&#8220;&#8220; el_class=&#8220;texteGroupe&#8220;]Wir schaffen Wandel durch innovative Serviceangebote in einem Markt, der fest etabliert zu sein schien: dem Reifen- und Zubeh\u00f6rmarkt. So bietet WYZ seit 2009 nicht nur digitale L\u00f6sungen f\u00fcr die&hellip;<\/p>\n","protected":false},"author":10,"featured_media":0,"parent":11980,"menu_order":1,"comment_status":"closed","ping_status":"closed","template":"","meta":{"rs_blank_template":"","rs_page_bg_color":"","slide_template_v7":"","footnotes":""},"class_list":["post-11982","page","type-page","status-publish","hentry","description-off"],"yoast_head":"<!-- This site is optimized with the Yoast SEO plugin v27.2 - https:\/\/yoast.com\/product\/yoast-seo-wordpress\/ -->\n<title>DIE GRUPPE | WYZ Group, des solutions digitales au c\u0153ur de l\u2019Apr\u00e8s-vente automobile\u200b<\/title>\n<meta name=\"description\" content=\"WYZ Group vous propose des outils web innovants incluant l&#039;ensemble des flux de vos partenaires manufacturiers ainsi qu&#039;une solution de d\u00e9pannage.\" \/>\n<meta name=\"robots\" content=\"index, follow, max-snippet:-1, max-image-preview:large, max-video-preview:-1\" \/>\n<link rel=\"canonical\" href=\"https:\/\/www.wyzgroup.com\/de\/wyz-group\/die-gruppe\/\" \/>\n<meta property=\"og:locale\" content=\"de_DE\" \/>\n<meta property=\"og:type\" content=\"article\" \/>\n<meta property=\"og:title\" content=\"DIE GRUPPE | WYZ Group, des solutions digitales au c\u0153ur de l\u2019Apr\u00e8s-vente automobile\u200b\" \/>\n<meta property=\"og:description\" content=\"WYZ Group vous propose des outils web innovants incluant l&#039;ensemble des flux de vos partenaires manufacturiers ainsi qu&#039;une solution de d\u00e9pannage.\" \/>\n<meta property=\"og:url\" content=\"https:\/\/www.wyzgroup.com\/de\/wyz-group\/die-gruppe\/\" \/>\n<meta property=\"og:site_name\" content=\"WYZ Group\" \/>\n<meta property=\"article:modified_time\" content=\"2024-07-22T08:07:41+00:00\" \/>\n<meta property=\"og:image\" content=\"https:\/\/www.wyzgroup.com\/wp-content\/uploads\/2019\/02\/wyz-group-opengraph.jpg\" \/>\n\t<meta property=\"og:image:width\" content=\"1200\" \/>\n\t<meta property=\"og:image:height\" content=\"630\" \/>\n\t<meta property=\"og:image:type\" content=\"image\/jpeg\" \/>\n<meta name=\"twitter:card\" content=\"summary_large_image\" \/>\n<meta name=\"twitter:label1\" content=\"Gesch\u00e4tzte Lesezeit\" \/>\n\t<meta name=\"twitter:data1\" content=\"3\u00a0Minuten\" \/>\n<script type=\"application\/ld+json\" class=\"yoast-schema-graph\">{\"@context\":\"https:\/\/schema.org\",\"@graph\":[{\"@type\":\"WebPage\",\"@id\":\"https:\/\/www.wyzgroup.com\/de\/wyz-group\/die-gruppe\/\",\"url\":\"https:\/\/www.wyzgroup.com\/de\/wyz-group\/die-gruppe\/\",\"name\":\"DIE GRUPPE | WYZ Group, des solutions digitales au c\u0153ur de l\u2019Apr\u00e8s-vente automobile\u200b\",\"isPartOf\":{\"@id\":\"https:\/\/www.wyzgroup.com\/#website\"},\"datePublished\":\"2022-03-17T11:08:16+00:00\",\"dateModified\":\"2024-07-22T08:07:41+00:00\",\"description\":\"WYZ Group vous propose des outils web innovants incluant l'ensemble des flux de vos partenaires manufacturiers ainsi qu'une solution de d\u00e9pannage.\",\"breadcrumb\":{\"@id\":\"https:\/\/www.wyzgroup.com\/de\/wyz-group\/die-gruppe\/#breadcrumb\"},\"inLanguage\":\"de\",\"potentialAction\":[{\"@type\":\"ReadAction\",\"target\":[\"https:\/\/www.wyzgroup.com\/de\/wyz-group\/die-gruppe\/\"]}]},{\"@type\":\"BreadcrumbList\",\"@id\":\"https:\/\/www.wyzgroup.com\/de\/wyz-group\/die-gruppe\/#breadcrumb\",\"itemListElement\":[{\"@type\":\"ListItem\",\"position\":1,\"name\":\"Accueil\",\"item\":\"https:\/\/www.wyzgroup.com\/de\/\"},{\"@type\":\"ListItem\",\"position\":2,\"name\":\"WYZ Group\",\"item\":\"https:\/\/www.wyzgroup.com\/de\/wyz-group\/\"},{\"@type\":\"ListItem\",\"position\":3,\"name\":\"DIE GRUPPE\"}]},{\"@type\":\"WebSite\",\"@id\":\"https:\/\/www.wyzgroup.com\/#website\",\"url\":\"https:\/\/www.wyzgroup.com\/\",\"name\":\"WYZ Group\",\"description\":\"WYZ Group, des solutions digitales au c\u0153ur de l\u2019Apr\u00e8s-vente automobile\u200b\",\"potentialAction\":[{\"@type\":\"SearchAction\",\"target\":{\"@type\":\"EntryPoint\",\"urlTemplate\":\"https:\/\/www.wyzgroup.com\/?s={search_term_string}\"},\"query-input\":{\"@type\":\"PropertyValueSpecification\",\"valueRequired\":true,\"valueName\":\"search_term_string\"}}],\"inLanguage\":\"de\"}]}<\/script>\n<!-- \/ Yoast SEO plugin. -->","yoast_head_json":{"title":"DIE GRUPPE | WYZ Group, des solutions digitales au c\u0153ur de l\u2019Apr\u00e8s-vente automobile\u200b","description":"WYZ Group vous propose des outils web innovants incluant l'ensemble des flux de vos partenaires manufacturiers ainsi qu'une solution de d\u00e9pannage.","robots":{"index":"index","follow":"follow","max-snippet":"max-snippet:-1","max-image-preview":"max-image-preview:large","max-video-preview":"max-video-preview:-1"},"canonical":"https:\/\/www.wyzgroup.com\/de\/wyz-group\/die-gruppe\/","og_locale":"de_DE","og_type":"article","og_title":"DIE GRUPPE | WYZ Group, des solutions digitales au c\u0153ur de l\u2019Apr\u00e8s-vente automobile\u200b","og_description":"WYZ Group vous propose des outils web innovants incluant l'ensemble des flux de vos partenaires manufacturiers ainsi qu'une solution de d\u00e9pannage.","og_url":"https:\/\/www.wyzgroup.com\/de\/wyz-group\/die-gruppe\/","og_site_name":"WYZ Group","article_modified_time":"2024-07-22T08:07:41+00:00","og_image":[{"width":1200,"height":630,"url":"https:\/\/www.wyzgroup.com\/wp-content\/uploads\/2019\/02\/wyz-group-opengraph.jpg","type":"image\/jpeg"}],"twitter_card":"summary_large_image","twitter_misc":{"Gesch\u00e4tzte Lesezeit":"3\u00a0Minuten"},"schema":{"@context":"https:\/\/schema.org","@graph":[{"@type":"WebPage","@id":"https:\/\/www.wyzgroup.com\/de\/wyz-group\/die-gruppe\/","url":"https:\/\/www.wyzgroup.com\/de\/wyz-group\/die-gruppe\/","name":"DIE GRUPPE | WYZ Group, des solutions digitales au c\u0153ur de l\u2019Apr\u00e8s-vente automobile\u200b","isPartOf":{"@id":"https:\/\/www.wyzgroup.com\/#website"},"datePublished":"2022-03-17T11:08:16+00:00","dateModified":"2024-07-22T08:07:41+00:00","description":"WYZ Group vous propose des outils web innovants incluant l'ensemble des flux de vos partenaires manufacturiers ainsi qu'une solution de d\u00e9pannage.","breadcrumb":{"@id":"https:\/\/www.wyzgroup.com\/de\/wyz-group\/die-gruppe\/#breadcrumb"},"inLanguage":"de","potentialAction":[{"@type":"ReadAction","target":["https:\/\/www.wyzgroup.com\/de\/wyz-group\/die-gruppe\/"]}]},{"@type":"BreadcrumbList","@id":"https:\/\/www.wyzgroup.com\/de\/wyz-group\/die-gruppe\/#breadcrumb","itemListElement":[{"@type":"ListItem","position":1,"name":"Accueil","item":"https:\/\/www.wyzgroup.com\/de\/"},{"@type":"ListItem","position":2,"name":"WYZ Group","item":"https:\/\/www.wyzgroup.com\/de\/wyz-group\/"},{"@type":"ListItem","position":3,"name":"DIE GRUPPE"}]},{"@type":"WebSite","@id":"https:\/\/www.wyzgroup.com\/#website","url":"https:\/\/www.wyzgroup.com\/","name":"WYZ Group","description":"WYZ Group, des solutions digitales au c\u0153ur de l\u2019Apr\u00e8s-vente automobile\u200b","potentialAction":[{"@type":"SearchAction","target":{"@type":"EntryPoint","urlTemplate":"https:\/\/www.wyzgroup.com\/?s={search_term_string}"},"query-input":{"@type":"PropertyValueSpecification","valueRequired":true,"valueName":"search_term_string"}}],"inLanguage":"de"}]}},"_links":{"self":[{"href":"https:\/\/www.wyzgroup.com\/de\/wp-json\/wp\/v2\/pages\/11982","targetHints":{"allow":["GET"]}}],"collection":[{"href":"https:\/\/www.wyzgroup.com\/de\/wp-json\/wp\/v2\/pages"}],"about":[{"href":"https:\/\/www.wyzgroup.com\/de\/wp-json\/wp\/v2\/types\/page"}],"author":[{"embeddable":true,"href":"https:\/\/www.wyzgroup.com\/de\/wp-json\/wp\/v2\/users\/10"}],"replies":[{"embeddable":true,"href":"https:\/\/www.wyzgroup.com\/de\/wp-json\/wp\/v2\/comments?post=11982"}],"version-history":[{"count":58,"href":"https:\/\/www.wyzgroup.com\/de\/wp-json\/wp\/v2\/pages\/11982\/revisions"}],"predecessor-version":[{"id":17803,"href":"https:\/\/www.wyzgroup.com\/de\/wp-json\/wp\/v2\/pages\/11982\/revisions\/17803"}],"up":[{"embeddable":true,"href":"https:\/\/www.wyzgroup.com\/de\/wp-json\/wp\/v2\/pages\/11980"}],"wp:attachment":[{"href":"https:\/\/www.wyzgroup.com\/de\/wp-json\/wp\/v2\/media?parent=11982"}],"curies":[{"name":"wp","href":"https:\/\/api.w.org\/{rel}","templated":true}]}}